{"id":5656390,"date":"2021-06-28T23:10:05","date_gmt":"2021-06-28T23:10:05","guid":{"rendered":"https:\/\/ideart.az\/?page_id=5656390"},"modified":"2024-09-17T01:09:25","modified_gmt":"2024-09-17T01:09:25","slug":"veb-saytlar","status":"publish","type":"page","link":"https:\/\/ideart.az\/en\/websites\/","title":{"rendered":"Aggregation of websites"},"content":{"rendered":"<div data-vc-full-width=\"true\" data-vc-full-width-init=\"false\" class=\"vc_row wpb_row vc_row-fluid vc_custom_1726535247924\"><div class=\"vc-bg-lines dark\"><div><\/div><div><\/div><div><\/div><div><\/div><div><\/div><div><\/div><div><\/div><\/div><div class=\"vc-bg-side-text left\" id=\"norebro-custom-69e01628ac0eb\">Collection of websites and services<\/div><div class=\"wpb_column vc_column_container vc_col-sm-12\"><div class=\"vc_column-inner\"><div class=\"wpb_wrapper\"><div class=\"vc_empty_space\"   style=\"height: 30px\"><span class=\"vc_empty_space_inner\"><\/span><\/div><div class=\"norebro-text-sc\" \n\tid=\"norebro-custom-69e01628ac824\" \n\t \n\t>\n\n\t<p>A website is an indispensable tool in today&#039;s age to inform prospective partners and potential customers about your business. Your website acts as the face and business card of your company, and it is also the main platform for promoting your brand online. Through the website, your achievements and successes are communicated to a wide audience, which not only attracts potential buyers, but also contributes to the development of non-commercial projects.<\/p>\n<p>The web development team of Ideart advertising agency specializes in developing professional and functional websites according to the clients&#039; requirements. Our team identifies the type of site that fits your business&#039;s specific characteristics and goals, categorizing it to create a more user-friendly experience. During the development of the website, both the admin panel (the part of managing and editing the site) and the front-end (the part of the site visible to users) are carefully prepared.<\/p>\n<p>The admin panel makes it easy to manage the content and functionality of the site and allows you to easily update your site in the future. The front-end part offers users modern design and functional features, making their interaction with the site easier and more attractive. Ideart advertising agency will provide a perfect solution, both visually and technically, to ensure that your site is accessible and effective for your target audience.<\/p>\n\t\n<\/div><div class=\"vc_empty_space\"   style=\"height: 90px\"><span class=\"vc_empty_space_inner\"><\/span><\/div><\/div><\/div><\/div><div class=\"wpb_column vc_column_container vc_col-sm-4\"><div class=\"vc_column-inner\"><div class=\"wpb_wrapper\"><div class=\"vc_empty_space\"   style=\"height: 20px\"><span class=\"vc_empty_space_inner\"><\/span><\/div><div class=\"norebro-icon-box-sc icon-box text-center\" \n\tid=\"norebro-custom-69e01628acbf0\" \n\t \n\t>\n\n\t<div class=\"icon-wrap shape-border shape-rounded\">\n\t\t\t\t\t<span class=\"ion-radio-waves\"><\/span>\n\t\t\t<\/div>\n\n\t<div class=\"content-wrap\">\n\n\t\t<div class=\"content-center with-full\">\n\t\t\t<div class=\"wrap\">\n\t\t\t\t<h3>Aggregation of sites<\/h3>\n\t\t\t\t\t\t\t\t\t<p class=\"subtitle\">\n\t\t\t\t\t\tWe offer our customers coding of sites in the type shown below\t\t\t\t\t<\/p>\n\t\t\t\t\t\t\t<\/div>\n\t\t<\/div>\n\t\t\n\t\t\t<\/div>\n\t\t\n\t\t<p class=\"description content-full\">\n\t\t\t\t\t<\/p>\n\n\t\t\n\t\t\n<\/div><ul class=\"norebro-list-box-sc list-box\" \n\tid=\"norebro-custom-69e01628acd07\"\n\t \n\t>\n\t\n\t\t\t\n\t\t\t\t<li>\n\t\t\t\t\t\t\t<h4 class=\"title\">Business card sites<\/h4>\n\t\t\t\t\t<\/li>\n\t\t\t\t<li>\n\t\t\t\t\t\t\t<h4 class=\"title\">Promo sites<\/h4>\n\t\t\t\t\t<\/li>\n\t\t\t\t<li>\n\t\t\t\t\t\t\t<h4 class=\"title\">Showcase sites (Showcase)<\/h4>\n\t\t\t\t\t<\/li>\n\t\t\t\t<li>\n\t\t\t\t\t\t\t<h4 class=\"title\">Portfolio sites<\/h4>\n\t\t\t\t\t<\/li>\n\t\t\t\t<li>\n\t\t\t\t\t\t\t<h4 class=\"title\">Blog and news portals<\/h4>\n\t\t\t\t\t<\/li>\n\t\t\t\t<li>\n\t\t\t\t\t\t\t<h4 class=\"title\">Forums<\/h4>\n\t\t\t\t\t<\/li>\n\t\t\t\t<li>\n\t\t\t\t\t\t\t<h4 class=\"title\">Trade sites (ecommerce)<\/h4>\n\t\t\t\t\t<\/li>\n\t\t\n\t\n<\/ul><div class=\"vc_empty_space\"   style=\"height: 20px\"><span class=\"vc_empty_space_inner\"><\/span><\/div><div class=\"vc_empty_space\"   style=\"height: 20px\"><span class=\"vc_empty_space_inner\"><\/span><\/div><\/div><\/div><\/div><div class=\"wpb_column vc_column_container vc_col-sm-4\"><div class=\"vc_column-inner\"><div class=\"wpb_wrapper\"><div class=\"vc_empty_space\"   style=\"height: 20px\"><span class=\"vc_empty_space_inner\"><\/span><\/div><div class=\"norebro-icon-box-sc icon-box text-center\" \n\tid=\"norebro-custom-69e01628ad136\" \n\t \n\t>\n\n\t<div class=\"icon-wrap shape-border shape-rounded\">\n\t\t\t\t\t<span class=\"ion-ios-cloud-upload\"><\/span>\n\t\t\t<\/div>\n\n\t<div class=\"content-wrap\">\n\n\t\t<div class=\"content-center with-full\">\n\t\t\t<div class=\"wrap\">\n\t\t\t\t<h3>Custom integrations<\/h3>\n\t\t\t\t\t\t\t\t\t<p class=\"subtitle\">\n\t\t\t\t\t\tOur company offers the following integrations for websites that are ready or under development.\t\t\t\t\t<\/p>\n\t\t\t\t\t\t\t<\/div>\n\t\t<\/div>\n\t\t\n\t\t\t<\/div>\n\t\t\n\t\t<p class=\"description content-full\">\n\t\t\t\t\t<\/p>\n\n\t\t\n\t\t\n<\/div><ul class=\"norebro-list-box-sc list-box\" \n\tid=\"norebro-custom-69e01628ad212\"\n\t \n\t>\n\t\n\t\t\t\n\t\t\t\t<li>\n\t\t\t\t\t\t\t<h4 class=\"title\">1C integration<\/h4>\n\t\t\t\t\t<\/li>\n\t\t\t\t<li>\n\t\t\t\t\t\t\t<h4 class=\"title\">Local and foreign payment systems<\/h4>\n\t\t\t\t\t<\/li>\n\t\t\t\t<li>\n\t\t\t\t\t\t\t<h4 class=\"title\">Building custom modules<\/h4>\n\t\t\t\t\t<\/li>\n\t\t\t\t<li>\n\t\t\t\t\t\t\t<h4 class=\"title\">Any type of google API setup<\/h4>\n\t\t\t\t\t<\/li>\n\t\t\t\t<li>\n\t\t\t\t\t\t\t<h4 class=\"title\">ERP, SaaS, CRP<\/h4>\n\t\t\t\t\t<\/li>\n\t\t\t\t<li>\n\t\t\t\t\t\t\t<h4 class=\"title\">Building B2B, B2C systems<\/h4>\n\t\t\t\t\t<\/li>\n\t\t\t\t<li>\n\t\t\t\t\t\t\t<h4 class=\"title\">Integrating and building user bases<\/h4>\n\t\t\t\t\t<\/li>\n\t\t\n\t\n<\/ul><div class=\"vc_empty_space\"   style=\"height: 20px\"><span class=\"vc_empty_space_inner\"><\/span><\/div><div class=\"vc_empty_space\"   style=\"height: 20px\"><span class=\"vc_empty_space_inner\"><\/span><\/div><\/div><\/div><\/div><div class=\"wpb_column vc_column_container vc_col-sm-4\"><div class=\"vc_column-inner\"><div class=\"wpb_wrapper\"><div class=\"vc_empty_space\"   style=\"height: 20px\"><span class=\"vc_empty_space_inner\"><\/span><\/div><div class=\"norebro-icon-box-sc icon-box text-center\" \n\tid=\"norebro-custom-69e01628ad682\" \n\t \n\t>\n\n\t<div class=\"icon-wrap shape-border shape-rounded\">\n\t\t\t\t\t<span class=\"ion-ios-world\"><\/span>\n\t\t\t<\/div>\n\n\t<div class=\"content-wrap\">\n\n\t\t<div class=\"content-center with-full\">\n\t\t\t<div class=\"wrap\">\n\t\t\t\t<h3>Website optimization<\/h3>\n\t\t\t\t\t\t\t\t\t<p class=\"subtitle\">\n\t\t\t\t\t\tSEO (Search Engine Optimization), SO (Speed) and AVO (Security) optimization of your sites is carried out by our professional staff.\t\t\t\t\t<\/p>\n\t\t\t\t\t\t\t<\/div>\n\t\t<\/div>\n\t\t\n\t\t\t<\/div>\n\t\t\n\t\t<p class=\"description content-full\">\n\t\t\t\t\t<\/p>\n\n\t\t\n\t\t\n<\/div><div class=\"vc_empty_space\"   style=\"height: 20px\"><span class=\"vc_empty_space_inner\"><\/span><\/div><div class=\"norebro-icon-box-sc icon-box text-center\" \n\tid=\"norebro-custom-69e01628ad7fd\" \n\t \n\t>\n\n\t<div class=\"icon-wrap shape-border shape-rounded\">\n\t\t\t\t\t<span class=\"ion-at\"><\/span>\n\t\t\t<\/div>\n\n\t<div class=\"content-wrap\">\n\n\t\t<div class=\"content-center with-full\">\n\t\t\t<div class=\"wrap\">\n\t\t\t\t<h3>Cooperative mail<\/h3>\n\t\t\t\t\t\t\t\t\t<p class=\"subtitle\">\n\t\t\t\t\t\tCooperative email creation and management service for your brand and company\t\t\t\t\t<\/p>\n\t\t\t\t\t\t\t<\/div>\n\t\t<\/div>\n\t\t\n\t\t\t<\/div>\n\t\t\n\t\t<p class=\"description content-full\">\n\t\t\t\t\t<\/p>\n\n\t\t\n\t\t\n<\/div><div class=\"vc_empty_space\"   style=\"height: 20px\"><span class=\"vc_empty_space_inner\"><\/span><\/div><\/div><\/div><\/div><div class=\"wpb_column vc_column_container vc_col-sm-12\"><div class=\"vc_column-inner\"><div class=\"wpb_wrapper\"><div class=\"vc_empty_space\"   style=\"height: 120px\"><span class=\"vc_empty_space_inner\"><\/span><\/div><div class=\"norebro-text-sc\" \n\tid=\"norebro-custom-69e01628adb89\" \n\t \n\t>\n\n\t<h3 style=\"text-align: center;\"><strong>HOSTING AND SERVERS<\/strong><\/h3>\n\t\n<\/div><div class=\"norebro-text-sc\" \n\tid=\"norebro-custom-69e01628adbf8\" \n\t \n\t>\n\n\t<p style=\"text-align: center;\"><strong>We offer high-speed Hosting and VPS services for sites of any level and activity.<\/strong><\/p>\n\t\n<\/div><\/div><\/div><\/div><\/div><div class=\"vc_row-full-width vc_clearfix\"><\/div><div class=\"vc_row wpb_row vc_row-fluid\"><div class=\"wpb_column vc_column_container vc_col-sm-4\"><div class=\"vc_column-inner\"><div class=\"wpb_wrapper\"><div class=\"norebro-pricing-table-sc pricing-table\"\n\tid=\"norebro-custom-69e01628ae15d\" \n\t \n\t>\n\n\t\t\t<h3 class=\"title\">Start<\/h3>\n\t\t\n\t\t\t<p class=\"subtitle pricing-subtitle small\">Hosting for business card, promo, showcase type sites<\/p>\n\t\n\t<div class=\"price\">\n\t\t<h2 class=\"title\">\n\t\t\t\t\t\t\t<span class=\"icon\">\u20bc<\/span>\n\t\t\t\t\t\t80\t\t<\/h2>\n\n\t\t\t\t\t<br>\n\t\t\t<div class=\"time-interval uppercase\">Yearly<\/div>\n\t\t\n\t\t<p class=\"subtitle\"><\/p>\n\t<\/div><!--pricing-table-price-->\n\n\t\t\t<ul class=\"list-box border simple text-center\">\n\t\t\n\t\t\t\t\t\t\t<li class=\"\">\n\t\t\t\t\t\t\t\t\t\t\t\t\t\t\t\t\t\t<span class=\"icon ion-ios-checkmark-outline\"><\/span>\n\t\t\t\t\t\t\t\t\t\t\t\n\t\t\t\t\t\t\t\t\t\t\t<span class=\"title\">10 GB Disk space<\/span>\n\t\t\t\t\t\t\t\t\t<\/li>\n\t\t\t\t\t\t\t<li class=\"\">\n\t\t\t\t\t\t\t\t\t\t\t\t\t\t\t\t\t\t<span class=\"icon ion-ios-checkmark-outline\"><\/span>\n\t\t\t\t\t\t\t\t\t\t\t\n\t\t\t\t\t\t\t\t\t\t\t<span class=\"title\">Unlimited Traffic<\/span>\n\t\t\t\t\t\t\t\t\t<\/li>\n\t\t\t\t\t\t\t<li class=\"\">\n\t\t\t\t\t\t\t\t\t\t\t\t\t\t\t\t\t\t<span class=\"icon ion-ios-checkmark-outline\"><\/span>\n\t\t\t\t\t\t\t\t\t\t\t\n\t\t\t\t\t\t\t\t\t\t\t<span class=\"title\">Unlimited Email<\/span>\n\t\t\t\t\t\t\t\t\t<\/li>\n\t\t\t\t\t\t\t<li class=\"\">\n\t\t\t\t\t\t\t\t\t\t\t\t\t\t\t\t\t\t<span class=\"icon ion-ios-checkmark-outline\"><\/span>\n\t\t\t\t\t\t\t\t\t\t\t\n\t\t\t\t\t\t\t\t\t\t\t<span class=\"title\">Free SSL Certificate<\/span>\n\t\t\t\t\t\t\t\t\t<\/li>\n\t\t\t\t\t\t\t<li class=\"\">\n\t\t\t\t\t\t\t\t\t\t\t\t\t\t\t\t\t\t<span class=\"icon ion-ios-checkmark-outline\"><\/span>\n\t\t\t\t\t\t\t\t\t\t\t\n\t\t\t\t\t\t\t\t\t\t\t<span class=\"title\">Free shipping<\/span>\n\t\t\t\t\t\t\t\t\t<\/li>\n\t\t\t\t\t\t\t<li class=\"\">\n\t\t\t\t\t\t\t\t\t\t\t\t\t\t\t\t\t\t<span class=\"icon ion-ios-checkmark-outline\"><\/span>\n\t\t\t\t\t\t\t\t\t\t\t\n\t\t\t\t\t\t\t\t\t\t\t<span class=\"title\">Permanent technical support<\/span>\n\t\t\t\t\t\t\t\t\t<\/li>\n\t\t\t\t\t\t\t<li class=\"\">\n\t\t\t\t\t\t\t\t\t\t\t\t\t\t\t\t\t\t<span class=\"icon ion-ios-checkmark-outline\"><\/span>\n\t\t\t\t\t\t\t\t\t\t\t\n\t\t\t\t\t\t\t\t\t\t\t<span class=\"title\">Lifetime high speed guarantee<\/span>\n\t\t\t\t\t\t\t\t\t<\/li>\n\t\t\t\n\t\t<\/ul><!--.list-box-->\n\t\n\t\t\t<a href=\"https:\/\/ideart.az\/en\/contact\/\" class=\"btn btn-outline\" target=\"_blank\">Make an order\t\t\t\t\t<\/a>\n\t<\/div><\/div><\/div><\/div><div class=\"wpb_column vc_column_container vc_col-sm-4\"><div class=\"vc_column-inner\"><div class=\"wpb_wrapper\"><div class=\"norebro-pricing-table-sc pricing-table\"\n\tid=\"norebro-custom-69e01628ae426\" \n\t \n\t>\n\n\t\t\t<h3 class=\"title\">Idea<\/h3>\n\t\t\n\t\t\t<p class=\"subtitle pricing-subtitle small\">For news portals, blogs and trade sites<\/p>\n\t\n\t<div class=\"price\">\n\t\t<h2 class=\"title\">\n\t\t\t\t\t\t\t<span class=\"icon\">\u20bc<\/span>\n\t\t\t\t\t\t150\t\t<\/h2>\n\n\t\t\t\t\t<br>\n\t\t\t<div class=\"time-interval uppercase\">Yearly<\/div>\n\t\t\n\t\t<p class=\"subtitle\"><\/p>\n\t<\/div><!--pricing-table-price-->\n\n\t\t\t<ul class=\"list-box border simple text-center\">\n\t\t\n\t\t\t\t\t\t\t<li class=\"\">\n\t\t\t\t\t\t\t\t\t\t\t\t\t\t\t\t\t\t<span class=\"icon ion-ios-checkmark-outline\"><\/span>\n\t\t\t\t\t\t\t\t\t\t\t\n\t\t\t\t\t\t\t\t\t\t\t<span class=\"title\">50 GB Disk space<\/span>\n\t\t\t\t\t\t\t\t\t<\/li>\n\t\t\t\t\t\t\t<li class=\"\">\n\t\t\t\t\t\t\t\t\t\t\t\t\t\t\t\t\t\t<span class=\"icon ion-ios-checkmark-outline\"><\/span>\n\t\t\t\t\t\t\t\t\t\t\t\n\t\t\t\t\t\t\t\t\t\t\t<span class=\"title\">Unlimited Traffic<\/span>\n\t\t\t\t\t\t\t\t\t<\/li>\n\t\t\t\t\t\t\t<li class=\"\">\n\t\t\t\t\t\t\t\t\t\t\t\t\t\t\t\t\t\t<span class=\"icon ion-ios-checkmark-outline\"><\/span>\n\t\t\t\t\t\t\t\t\t\t\t\n\t\t\t\t\t\t\t\t\t\t\t<span class=\"title\">Unlimited Email<\/span>\n\t\t\t\t\t\t\t\t\t<\/li>\n\t\t\t\t\t\t\t<li class=\"\">\n\t\t\t\t\t\t\t\t\t\t\t\t\t\t\t\t\t\t<span class=\"icon ion-ios-checkmark-outline\"><\/span>\n\t\t\t\t\t\t\t\t\t\t\t\n\t\t\t\t\t\t\t\t\t\t\t<span class=\"title\">Free SSL Certificate<\/span>\n\t\t\t\t\t\t\t\t\t<\/li>\n\t\t\t\t\t\t\t<li class=\"\">\n\t\t\t\t\t\t\t\t\t\t\t\t\t\t\t\t\t\t<span class=\"icon ion-ios-checkmark-outline\"><\/span>\n\t\t\t\t\t\t\t\t\t\t\t\n\t\t\t\t\t\t\t\t\t\t\t<span class=\"title\">Free shipping<\/span>\n\t\t\t\t\t\t\t\t\t<\/li>\n\t\t\t\t\t\t\t<li class=\"\">\n\t\t\t\t\t\t\t\t\t\t\t\t\t\t\t\t\t\t<span class=\"icon ion-ios-checkmark-outline\"><\/span>\n\t\t\t\t\t\t\t\t\t\t\t\n\t\t\t\t\t\t\t\t\t\t\t<span class=\"title\">Permanent technical support<\/span>\n\t\t\t\t\t\t\t\t\t<\/li>\n\t\t\t\t\t\t\t<li class=\"\">\n\t\t\t\t\t\t\t\t\t\t\t\t\t\t\t\t\t\t<span class=\"icon ion-ios-checkmark-outline\"><\/span>\n\t\t\t\t\t\t\t\t\t\t\t\n\t\t\t\t\t\t\t\t\t\t\t<span class=\"title\">Lifetime high speed guarantee<\/span>\n\t\t\t\t\t\t\t\t\t<\/li>\n\t\t\t\n\t\t<\/ul><!--.list-box-->\n\t\n\t\t\t<a href=\"https:\/\/ideart.az\/en\/contact\/\" class=\"btn btn-outline\" target=\"_blank\">Make an order\t\t\t\t\t<\/a>\n\t<\/div><\/div><\/div><\/div><div class=\"wpb_column vc_column_container vc_col-sm-4\"><div class=\"vc_column-inner\"><div class=\"wpb_wrapper\"><div class=\"norebro-pricing-table-sc pricing-table\"\n\tid=\"norebro-custom-69e01628ae6cf\" \n\t \n\t>\n\n\t\t\t<h3 class=\"title\">Big Business<\/h3>\n\t\t\n\t\t\t<p class=\"subtitle pricing-subtitle small\">For high volume sites<\/p>\n\t\n\t<div class=\"price\">\n\t\t<h2 class=\"title\">\n\t\t\t\t\t\t\t\t<\/h2>\n\n\t\t\t\t\t<br>\n\t\t\t<div class=\"time-interval uppercase\">Pricing to suit your needs<\/div>\n\t\t\n\t\t<p class=\"subtitle\"><\/p>\n\t<\/div><!--pricing-table-price-->\n\n\t\t\t<ul class=\"list-box border simple text-center\">\n\t\t\n\t\t\t\t\t\t\t<li class=\"\">\n\t\t\t\t\t\t\t\t\t\t\t\t\t\t\t\t\t\t<span class=\"icon ion-ios-checkmark-outline\"><\/span>\n\t\t\t\t\t\t\t\t\t\t\t\n\t\t\t\t\t\t\t\t\t\t\t<span class=\"title\">Private VPS<\/span>\n\t\t\t\t\t\t\t\t\t<\/li>\n\t\t\t\t\t\t\t<li class=\"\">\n\t\t\t\t\t\t\t\t\t\t\t\t\t\t\t\t\t\t<span class=\"icon ion-ios-checkmark-outline\"><\/span>\n\t\t\t\t\t\t\t\t\t\t\t\n\t\t\t\t\t\t\t\t\t\t\t<span class=\"title\">On request<\/span>\n\t\t\t\t\t\t\t\t\t<\/li>\n\t\t\t\t\t\t\t<li class=\"\">\n\t\t\t\t\t\t\t\t\t\t\t\t\t\t\t\t\t\t<span class=\"icon ion-ios-checkmark-outline\"><\/span>\n\t\t\t\t\t\t\t\t\t\t\t\n\t\t\t\t\t\t\t\t\t\t\t<span class=\"title\">Unlimited Traffic<\/span>\n\t\t\t\t\t\t\t\t\t<\/li>\n\t\t\t\t\t\t\t<li class=\"\">\n\t\t\t\t\t\t\t\t\t\t\t\t\t\t\t\t\t\t<span class=\"icon ion-ios-checkmark-outline\"><\/span>\n\t\t\t\t\t\t\t\t\t\t\t\n\t\t\t\t\t\t\t\t\t\t\t<span class=\"title\">Unlimited Email<\/span>\n\t\t\t\t\t\t\t\t\t<\/li>\n\t\t\t\t\t\t\t<li class=\"\">\n\t\t\t\t\t\t\t\t\t\t\t\t\t\t\t\t\t\t<span class=\"icon ion-ios-checkmark-outline\"><\/span>\n\t\t\t\t\t\t\t\t\t\t\t\n\t\t\t\t\t\t\t\t\t\t\t<span class=\"title\">Free SSL Certificate<\/span>\n\t\t\t\t\t\t\t\t\t<\/li>\n\t\t\t\t\t\t\t<li class=\"\">\n\t\t\t\t\t\t\t\t\t\t\t\t\t\t\t\t\t\t<span class=\"icon ion-ios-checkmark-outline\"><\/span>\n\t\t\t\t\t\t\t\t\t\t\t\n\t\t\t\t\t\t\t\t\t\t\t<span class=\"title\">Free shipping<\/span>\n\t\t\t\t\t\t\t\t\t<\/li>\n\t\t\t\t\t\t\t<li class=\"\">\n\t\t\t\t\t\t\t\t\t\t\t\t\t\t\t\t\t\t<span class=\"icon ion-ios-checkmark-outline\"><\/span>\n\t\t\t\t\t\t\t\t\t\t\t\n\t\t\t\t\t\t\t\t\t\t\t<span class=\"title\">Permanent technical support<\/span>\n\t\t\t\t\t\t\t\t\t<\/li>\n\t\t\t\t\t\t\t<li class=\"\">\n\t\t\t\t\t\t\t\t\t\t\t\t\t\t\t\t\t\t<span class=\"icon ion-ios-checkmark-outline\"><\/span>\n\t\t\t\t\t\t\t\t\t\t\t\n\t\t\t\t\t\t\t\t\t\t\t<span class=\"title\">Lifetime high speed guarantee<\/span>\n\t\t\t\t\t\t\t\t\t<\/li>\n\t\t\t\n\t\t<\/ul><!--.list-box-->\n\t\n\t\t\t<a href=\"https:\/\/ideart.az\/en\/contact\/\" class=\"btn btn-outline\" target=\"_blank\">Apply\t\t\t\t\t<\/a>\n\t<\/div><\/div><\/div><\/div><\/div>","protected":false},"excerpt":{"rendered":"Website assembly and services Website, tell prospective partners and potential customers about your business...","protected":false},"author":1,"featured_media":0,"parent":0,"menu_order":0,"comment_status":"closed","ping_status":"closed","template":"","meta":[],"yoast_head":"<!-- This site is optimized with the Yoast SEO Premium plugin v16.7 (Yoast SEO v16.8) - https:\/\/yoast.com\/wordpress\/plugins\/seo\/ -->\n<title>Veb saytlar\u0131n y\u0131\u011f\u0131lmas\u0131 | Ideart Reklam Agentliyi<\/title>\n<meta name=\"robots\" content=\"index, follow, max-snippet:-1, max-image-preview:large, max-video-preview:-1\" \/>\n<link rel=\"canonical\" href=\"https:\/\/ideart.az\/en\/websites\/\" \/>\n<meta property=\"og:locale\" content=\"en_GB\" \/>\n<meta property=\"og:type\" content=\"article\" \/>\n<meta property=\"og:title\" content=\"Veb saytlar\u0131n y\u0131\u011f\u0131lmas\u0131\" \/>\n<meta property=\"og:url\" content=\"https:\/\/ideart.az\/en\/websites\/\" \/>\n<meta property=\"og:site_name\" content=\"Ideart Reklam Agentliyi\" \/>\n<meta property=\"article:publisher\" content=\"https:\/\/www.facebook.com\/ideartagency\" \/>\n<meta property=\"article:modified_time\" content=\"2024-09-17T01:09:25+00:00\" \/>\n<meta name=\"twitter:card\" content=\"summary_large_image\" \/>\n<meta name=\"twitter:label1\" content=\"Est. reading time\" \/>\n\t<meta name=\"twitter:data1\" content=\"2 minutes\" \/>\n<script type=\"application\/ld+json\" class=\"yoast-schema-graph\">{\"@context\":\"https:\/\/schema.org\",\"@graph\":[{\"@type\":\"WebSite\",\"@id\":\"https:\/\/ideart.az\/en\/#website\",\"url\":\"https:\/\/ideart.az\/en\/\",\"name\":\"Ideart Reklam Agentliyi\",\"description\":\"Biz i\\u015fimizi bilirik!\",\"potentialAction\":[{\"@type\":\"SearchAction\",\"target\":{\"@type\":\"EntryPoint\",\"urlTemplate\":\"https:\/\/ideart.az\/en\/?s={search_term_string}\"},\"query-input\":\"required name=search_term_string\"}],\"inLanguage\":\"en-GB\"},{\"@type\":\"WebPage\",\"@id\":\"https:\/\/ideart.az\/en\/websites\/#webpage\",\"url\":\"https:\/\/ideart.az\/en\/websites\/\",\"name\":\"Veb saytlar\\u0131n y\\u0131\\u011f\\u0131lmas\\u0131 | Ideart Reklam Agentliyi\",\"isPartOf\":{\"@id\":\"https:\/\/ideart.az\/en\/#website\"},\"datePublished\":\"2021-06-28T23:10:05+00:00\",\"dateModified\":\"2024-09-17T01:09:25+00:00\",\"breadcrumb\":{\"@id\":\"https:\/\/ideart.az\/en\/websites\/#breadcrumb\"},\"inLanguage\":\"en-GB\",\"potentialAction\":[{\"@type\":\"ReadAction\",\"target\":[\"https:\/\/ideart.az\/en\/websites\/\"]}]},{\"@type\":\"BreadcrumbList\",\"@id\":\"https:\/\/ideart.az\/en\/websites\/#breadcrumb\",\"itemListElement\":[{\"@type\":\"ListItem\",\"position\":1,\"name\":\"Home\",\"item\":\"https:\/\/ideart.az\/en\/\"},{\"@type\":\"ListItem\",\"position\":2,\"name\":\"Veb saytlar\\u0131n y\\u0131\\u011f\\u0131lmas\\u0131\"}]}]}<\/script>\n<!-- \/ Yoast SEO Premium plugin. -->","yoast_head_json":{"title":"Veb saytlar\u0131n y\u0131\u011f\u0131lmas\u0131 | Ideart Reklam Agentliyi","robots":{"index":"index","follow":"follow","max-snippet":"max-snippet:-1","max-image-preview":"max-image-preview:large","max-video-preview":"max-video-preview:-1"},"canonical":"https:\/\/ideart.az\/en\/websites\/","og_locale":"en_GB","og_type":"article","og_title":"Veb saytlar\u0131n y\u0131\u011f\u0131lmas\u0131","og_url":"https:\/\/ideart.az\/en\/websites\/","og_site_name":"Ideart Reklam Agentliyi","article_publisher":"https:\/\/www.facebook.com\/ideartagency","article_modified_time":"2024-09-17T01:09:25+00:00","twitter_card":"summary_large_image","twitter_misc":{"Est. reading time":"2 minutes"},"schema":{"@context":"https:\/\/schema.org","@graph":[{"@type":"WebSite","@id":"https:\/\/ideart.az\/en\/#website","url":"https:\/\/ideart.az\/en\/","name":"Ideart Reklam Agentliyi","description":"Biz i\u015fimizi bilirik!","potentialAction":[{"@type":"SearchAction","target":{"@type":"EntryPoint","urlTemplate":"https:\/\/ideart.az\/en\/?s={search_term_string}"},"query-input":"required name=search_term_string"}],"inLanguage":"en-GB"},{"@type":"WebPage","@id":"https:\/\/ideart.az\/en\/websites\/#webpage","url":"https:\/\/ideart.az\/en\/websites\/","name":"Veb saytlar\u0131n y\u0131\u011f\u0131lmas\u0131 | Ideart Reklam Agentliyi","isPartOf":{"@id":"https:\/\/ideart.az\/en\/#website"},"datePublished":"2021-06-28T23:10:05+00:00","dateModified":"2024-09-17T01:09:25+00:00","breadcrumb":{"@id":"https:\/\/ideart.az\/en\/websites\/#breadcrumb"},"inLanguage":"en-GB","potentialAction":[{"@type":"ReadAction","target":["https:\/\/ideart.az\/en\/websites\/"]}]},{"@type":"BreadcrumbList","@id":"https:\/\/ideart.az\/en\/websites\/#breadcrumb","itemListElement":[{"@type":"ListItem","position":1,"name":"Home","item":"https:\/\/ideart.az\/en\/"},{"@type":"ListItem","position":2,"name":"Veb saytlar\u0131n y\u0131\u011f\u0131lmas\u0131"}]}]}},"_links":{"self":[{"href":"https:\/\/ideart.az\/en\/wp-json\/wp\/v2\/pages\/5656390"}],"collection":[{"href":"https:\/\/ideart.az\/en\/wp-json\/wp\/v2\/pages"}],"about":[{"href":"https:\/\/ideart.az\/en\/wp-json\/wp\/v2\/types\/page"}],"author":[{"embeddable":true,"href":"https:\/\/ideart.az\/en\/wp-json\/wp\/v2\/users\/1"}],"replies":[{"embeddable":true,"href":"https:\/\/ideart.az\/en\/wp-json\/wp\/v2\/comments?post=5656390"}],"version-history":[{"count":0,"href":"https:\/\/ideart.az\/en\/wp-json\/wp\/v2\/pages\/5656390\/revisions"}],"wp:attachment":[{"href":"https:\/\/ideart.az\/en\/wp-json\/wp\/v2\/media?parent=5656390"}],"curies":[{"name":"wp","href":"https:\/\/api.w.org\/{rel}","templated":true}]}}