{"id":5656363,"date":"2021-06-27T01:56:07","date_gmt":"2021-06-27T01:56:07","guid":{"rendered":"https:\/\/ideart.az\/?page_id=5656363"},"modified":"2024-09-17T01:04:42","modified_gmt":"2024-09-17T01:04:42","slug":"reklam-qurgulari","status":"publish","type":"page","link":"https:\/\/ideart.az\/en\/advertising-devices\/","title":{"rendered":"Production of advertising equipment"},"content":{"rendered":"<div data-vc-full-width=\"true\" data-vc-full-width-init=\"false\" class=\"vc_row wpb_row vc_row-fluid vc_custom_1726535049650\"><div class=\"vc-bg-lines dark\"><div><\/div><div><\/div><div><\/div><div><\/div><div><\/div><div><\/div><div><\/div><\/div><div class=\"vc-bg-side-text left\" id=\"norebro-custom-69e01c30f3cc4\">Production<\/div><div class=\"wpb_column vc_column_container vc_col-sm-12\"><div class=\"vc_column-inner\"><div class=\"wpb_wrapper\"><div class=\"vc_empty_space\"   style=\"height: 30px\"><span class=\"vc_empty_space_inner\"><\/span><\/div><div class=\"norebro-text-sc\" \n\tid=\"norebro-custom-69e01c30f40f5\" \n\t \n\t>\n\n\t<p>Production of advertising fixtures plays an important role in creating the appearance of shops, exhibition stands, billboards, scrollers, illuminated advertisements and sketch mock-ups. Such advertising devices are one of the main means of ensuring that brands are noticed, attract the interest of customers and demonstrate the visual identity of companies. Whether it&#039;s a small shop or a large-scale exhibition stand, creating a visual appearance is invaluable in forming a first impression with customers.<\/p>\n<p>The professional team of Ideart advertising agency supports its clients at every stage of the production of advertising devices. In our production workshop, comprehensive services are provided, from the design of advertising devices to their construction options, processing and placement. As an Ideart team, we apply an individual approach to our clients&#039; wishes and carry out each project with special care.<\/p>\n<p>The materials, colors and technologies used in the design and production of advertising fixtures are carefully selected to strengthen the company&#039;s brand identity and convey its message more effectively. Dynamic devices such as illuminated advertisements and scrollers are ideal means of attracting customers&#039; attention, day or night. This type of advertising is especially effective in shopping malls, streets and exhibition spaces. Boards and sketch models are intended as static information carriers to provide accurate and clear information about the product or service.<\/p>\n<p>As an Ideart advertising agency, we are not satisfied only with the development of advertising devices, but also pay special attention to their proper placement and use in a way that attracts the attention of customers. When placing constructions, their compatibility with the environment and aesthetic appearance are taken into account. This ensures that the device is effective both functionally and visually.<\/p>\n\t\n<\/div><div class=\"vc_empty_space\"   style=\"height: 90px\"><span class=\"vc_empty_space_inner\"><\/span><\/div><\/div><\/div><\/div><div class=\"wpb_column vc_column_container vc_col-sm-6\"><div class=\"vc_column-inner\"><div class=\"wpb_wrapper\"><div class=\"vc_empty_space\"   style=\"height: 20px\"><span class=\"vc_empty_space_inner\"><\/span><\/div><div class=\"norebro-icon-box-sc icon-box box-left\" \n\tid=\"norebro-custom-69e01c310017d\" \n\t \n\t>\n\n\t<div class=\"icon-wrap\">\n\t\t\t\t\t<span class=\"ion-android-arrow-dropright-circle\"><\/span>\n\t\t\t<\/div>\n\n\t<div class=\"content-wrap\">\n\n\t\t<div class=\"content-center with-full\">\n\t\t\t<div class=\"wrap\">\n\t\t\t\t<h3>Lightbox<\/h3>\n\t\t\t\t\t\t\t<\/div>\n\t\t<\/div>\n\t\t\n\t\t\t<\/div>\n\t\t\n\t\t<p class=\"description content-full\">\n\t\t\t\t\t<\/p>\n\n\t\t\n\t\t\n<\/div><div class=\"vc_empty_space\"   style=\"height: 20px\"><span class=\"vc_empty_space_inner\"><\/span><\/div><div class=\"norebro-icon-box-sc icon-box box-left\" \n\tid=\"norebro-custom-69e01c31002e9\" \n\t \n\t>\n\n\t<div class=\"icon-wrap\">\n\t\t\t\t\t<span class=\"ion-android-arrow-dropright-circle\"><\/span>\n\t\t\t<\/div>\n\n\t<div class=\"content-wrap\">\n\n\t\t<div class=\"content-center with-full\">\n\t\t\t<div class=\"wrap\">\n\t\t\t\t<h3>Bright ads<\/h3>\n\t\t\t\t\t\t\t<\/div>\n\t\t<\/div>\n\t\t\n\t\t\t<\/div>\n\t\t\n\t\t<p class=\"description content-full\">\n\t\t\t\t\t<\/p>\n\n\t\t\n\t\t\n<\/div><div class=\"vc_empty_space\"   style=\"height: 20px\"><span class=\"vc_empty_space_inner\"><\/span><\/div><div class=\"norebro-icon-box-sc icon-box box-left\" \n\tid=\"norebro-custom-69e01c3100461\" \n\t \n\t>\n\n\t<div class=\"icon-wrap\">\n\t\t\t\t\t<span class=\"ion-android-arrow-dropright-circle\"><\/span>\n\t\t\t<\/div>\n\n\t<div class=\"content-wrap\">\n\n\t\t<div class=\"content-center with-full\">\n\t\t\t<div class=\"wrap\">\n\t\t\t\t<h3>Exhibition stands<\/h3>\n\t\t\t\t\t\t\t<\/div>\n\t\t<\/div>\n\t\t\n\t\t\t<\/div>\n\t\t\n\t\t<p class=\"description content-full\">\n\t\t\t\t\t<\/p>\n\n\t\t\n\t\t\n<\/div><div class=\"vc_empty_space\"   style=\"height: 20px\"><span class=\"vc_empty_space_inner\"><\/span><\/div><\/div><\/div><\/div><div class=\"wpb_column vc_column_container vc_col-sm-6\"><div class=\"vc_column-inner\"><div class=\"wpb_wrapper\"><div class=\"vc_empty_space\"   style=\"height: 20px\"><span class=\"vc_empty_space_inner\"><\/span><\/div><div class=\"norebro-icon-box-sc icon-box box-left\" \n\tid=\"norebro-custom-69e01c3100787\" \n\t \n\t>\n\n\t<div class=\"icon-wrap\">\n\t\t\t\t\t<span class=\"ion-android-arrow-dropright-circle\"><\/span>\n\t\t\t<\/div>\n\n\t<div class=\"content-wrap\">\n\n\t\t<div class=\"content-center with-full\">\n\t\t\t<div class=\"wrap\">\n\t\t\t\t<h3>Scrolls<\/h3>\n\t\t\t\t\t\t\t<\/div>\n\t\t<\/div>\n\t\t\n\t\t\t<\/div>\n\t\t\n\t\t<p class=\"description content-full\">\n\t\t\t\t\t<\/p>\n\n\t\t\n\t\t\n<\/div><div class=\"vc_empty_space\"   style=\"height: 20px\"><span class=\"vc_empty_space_inner\"><\/span><\/div><div class=\"norebro-icon-box-sc icon-box box-left\" \n\tid=\"norebro-custom-69e01c3100897\" \n\t \n\t>\n\n\t<div class=\"icon-wrap\">\n\t\t\t\t\t<span class=\"ion-android-arrow-dropright-circle\"><\/span>\n\t\t\t<\/div>\n\n\t<div class=\"content-wrap\">\n\n\t\t<div class=\"content-center with-full\">\n\t\t\t<div class=\"wrap\">\n\t\t\t\t<h3>Showcases<\/h3>\n\t\t\t\t\t\t\t<\/div>\n\t\t<\/div>\n\t\t\n\t\t\t<\/div>\n\t\t\n\t\t<p class=\"description content-full\">\n\t\t\t\t\t<\/p>\n\n\t\t\n\t\t\n<\/div><div class=\"vc_empty_space\"   style=\"height: 20px\"><span class=\"vc_empty_space_inner\"><\/span><\/div><div class=\"norebro-icon-box-sc icon-box box-left\" \n\tid=\"norebro-custom-69e01c310098c\" \n\t \n\t>\n\n\t<div class=\"icon-wrap\">\n\t\t\t\t\t<span class=\"ion-android-arrow-dropright-circle\"><\/span>\n\t\t\t<\/div>\n\n\t<div class=\"content-wrap\">\n\n\t\t<div class=\"content-center with-full\">\n\t\t\t<div class=\"wrap\">\n\t\t\t\t<h3>Sketch models<\/h3>\n\t\t\t\t\t\t\t<\/div>\n\t\t<\/div>\n\t\t\n\t\t\t<\/div>\n\t\t\n\t\t<p class=\"description content-full\">\n\t\t\t\t\t<\/p>\n\n\t\t\n\t\t\n<\/div><div class=\"vc_empty_space\"   style=\"height: 20px\"><span class=\"vc_empty_space_inner\"><\/span><\/div><\/div><\/div><\/div><div class=\"wpb_column vc_column_container vc_col-sm-12\"><div class=\"vc_column-inner\"><div class=\"wpb_wrapper\"><div class=\"vc_empty_space\"   style=\"height: 120px\"><span class=\"vc_empty_space_inner\"><\/span><\/div><\/div><\/div><\/div><\/div><div class=\"vc_row-full-width vc_clearfix\"><\/div>","protected":false},"excerpt":{"rendered":"Production Advertising in creating the appearance of shops, exhibition stands, signs, scrollers, illuminated advertisements and mock-ups...","protected":false},"author":1,"featured_media":0,"parent":0,"menu_order":0,"comment_status":"closed","ping_status":"closed","template":"","meta":[],"yoast_head":"<!-- This site is optimized with the Yoast SEO Premium plugin v16.7 (Yoast SEO v16.8) - https:\/\/yoast.com\/wordpress\/plugins\/seo\/ -->\n<title>Reklam qur\u011fular\u0131n\u0131n istehsal\u0131 | Ideart Reklam Agentliyi<\/title>\n<meta name=\"robots\" content=\"index, follow, max-snippet:-1, max-image-preview:large, max-video-preview:-1\" \/>\n<link rel=\"canonical\" href=\"https:\/\/ideart.az\/en\/advertising-devices\/\" \/>\n<meta property=\"og:locale\" content=\"en_GB\" \/>\n<meta property=\"og:type\" content=\"article\" \/>\n<meta property=\"og:title\" content=\"Reklam qur\u011fular\u0131n\u0131n istehsal\u0131\" \/>\n<meta property=\"og:url\" content=\"https:\/\/ideart.az\/en\/advertising-devices\/\" \/>\n<meta property=\"og:site_name\" content=\"Ideart Reklam Agentliyi\" \/>\n<meta property=\"article:publisher\" content=\"https:\/\/www.facebook.com\/ideartagency\" \/>\n<meta property=\"article:modified_time\" content=\"2024-09-17T01:04:42+00:00\" \/>\n<meta name=\"twitter:card\" content=\"summary_large_image\" \/>\n<meta name=\"twitter:label1\" content=\"Est. reading time\" \/>\n\t<meta name=\"twitter:data1\" content=\"2 minutes\" \/>\n<script type=\"application\/ld+json\" class=\"yoast-schema-graph\">{\"@context\":\"https:\/\/schema.org\",\"@graph\":[{\"@type\":\"WebSite\",\"@id\":\"https:\/\/ideart.az\/en\/#website\",\"url\":\"https:\/\/ideart.az\/en\/\",\"name\":\"Ideart Reklam Agentliyi\",\"description\":\"Biz i\\u015fimizi bilirik!\",\"potentialAction\":[{\"@type\":\"SearchAction\",\"target\":{\"@type\":\"EntryPoint\",\"urlTemplate\":\"https:\/\/ideart.az\/en\/?s={search_term_string}\"},\"query-input\":\"required name=search_term_string\"}],\"inLanguage\":\"en-GB\"},{\"@type\":\"WebPage\",\"@id\":\"https:\/\/ideart.az\/en\/advertising-devices\/#webpage\",\"url\":\"https:\/\/ideart.az\/en\/advertising-devices\/\",\"name\":\"Reklam qur\\u011fular\\u0131n\\u0131n istehsal\\u0131 | Ideart Reklam Agentliyi\",\"isPartOf\":{\"@id\":\"https:\/\/ideart.az\/en\/#website\"},\"datePublished\":\"2021-06-27T01:56:07+00:00\",\"dateModified\":\"2024-09-17T01:04:42+00:00\",\"breadcrumb\":{\"@id\":\"https:\/\/ideart.az\/en\/advertising-devices\/#breadcrumb\"},\"inLanguage\":\"en-GB\",\"potentialAction\":[{\"@type\":\"ReadAction\",\"target\":[\"https:\/\/ideart.az\/en\/advertising-devices\/\"]}]},{\"@type\":\"BreadcrumbList\",\"@id\":\"https:\/\/ideart.az\/en\/advertising-devices\/#breadcrumb\",\"itemListElement\":[{\"@type\":\"ListItem\",\"position\":1,\"name\":\"Home\",\"item\":\"https:\/\/ideart.az\/en\/\"},{\"@type\":\"ListItem\",\"position\":2,\"name\":\"Reklam qur\\u011fular\\u0131n\\u0131n istehsal\\u0131\"}]}]}<\/script>\n<!-- \/ Yoast SEO Premium plugin. -->","yoast_head_json":{"title":"Reklam qur\u011fular\u0131n\u0131n istehsal\u0131 | Ideart Reklam Agentliyi","robots":{"index":"index","follow":"follow","max-snippet":"max-snippet:-1","max-image-preview":"max-image-preview:large","max-video-preview":"max-video-preview:-1"},"canonical":"https:\/\/ideart.az\/en\/advertising-devices\/","og_locale":"en_GB","og_type":"article","og_title":"Reklam qur\u011fular\u0131n\u0131n istehsal\u0131","og_url":"https:\/\/ideart.az\/en\/advertising-devices\/","og_site_name":"Ideart Reklam Agentliyi","article_publisher":"https:\/\/www.facebook.com\/ideartagency","article_modified_time":"2024-09-17T01:04:42+00:00","twitter_card":"summary_large_image","twitter_misc":{"Est. reading time":"2 minutes"},"schema":{"@context":"https:\/\/schema.org","@graph":[{"@type":"WebSite","@id":"https:\/\/ideart.az\/en\/#website","url":"https:\/\/ideart.az\/en\/","name":"Ideart Reklam Agentliyi","description":"Biz i\u015fimizi bilirik!","potentialAction":[{"@type":"SearchAction","target":{"@type":"EntryPoint","urlTemplate":"https:\/\/ideart.az\/en\/?s={search_term_string}"},"query-input":"required name=search_term_string"}],"inLanguage":"en-GB"},{"@type":"WebPage","@id":"https:\/\/ideart.az\/en\/advertising-devices\/#webpage","url":"https:\/\/ideart.az\/en\/advertising-devices\/","name":"Reklam qur\u011fular\u0131n\u0131n istehsal\u0131 | Ideart Reklam Agentliyi","isPartOf":{"@id":"https:\/\/ideart.az\/en\/#website"},"datePublished":"2021-06-27T01:56:07+00:00","dateModified":"2024-09-17T01:04:42+00:00","breadcrumb":{"@id":"https:\/\/ideart.az\/en\/advertising-devices\/#breadcrumb"},"inLanguage":"en-GB","potentialAction":[{"@type":"ReadAction","target":["https:\/\/ideart.az\/en\/advertising-devices\/"]}]},{"@type":"BreadcrumbList","@id":"https:\/\/ideart.az\/en\/advertising-devices\/#breadcrumb","itemListElement":[{"@type":"ListItem","position":1,"name":"Home","item":"https:\/\/ideart.az\/en\/"},{"@type":"ListItem","position":2,"name":"Reklam qur\u011fular\u0131n\u0131n istehsal\u0131"}]}]}},"_links":{"self":[{"href":"https:\/\/ideart.az\/en\/wp-json\/wp\/v2\/pages\/5656363"}],"collection":[{"href":"https:\/\/ideart.az\/en\/wp-json\/wp\/v2\/pages"}],"about":[{"href":"https:\/\/ideart.az\/en\/wp-json\/wp\/v2\/types\/page"}],"author":[{"embeddable":true,"href":"https:\/\/ideart.az\/en\/wp-json\/wp\/v2\/users\/1"}],"replies":[{"embeddable":true,"href":"https:\/\/ideart.az\/en\/wp-json\/wp\/v2\/comments?post=5656363"}],"version-history":[{"count":0,"href":"https:\/\/ideart.az\/en\/wp-json\/wp\/v2\/pages\/5656363\/revisions"}],"wp:attachment":[{"href":"https:\/\/ideart.az\/en\/wp-json\/wp\/v2\/media?parent=5656363"}],"curies":[{"name":"wp","href":"https:\/\/api.w.org\/{rel}","templated":true}]}}