{"id":5656316,"date":"2021-06-26T22:20:33","date_gmt":"2021-06-26T22:20:33","guid":{"rendered":"https:\/\/ideart.az\/?page_id=5656316"},"modified":"2024-09-17T00:53:59","modified_gmt":"2024-09-17T00:53:59","slug":"daxili-col-reklamlar","status":"publish","type":"page","link":"https:\/\/ideart.az\/en\/internal-col-ads\/","title":{"rendered":"Indoor and outdoor advertising"},"content":{"rendered":"<div data-vc-full-width=\"true\" data-vc-full-width-init=\"false\" class=\"vc_row wpb_row vc_row-fluid vc_custom_1726534416443 vc_row-has-fill\"><div class=\"vc-bg-lines dark\"><div><\/div><div><\/div><div><\/div><div><\/div><div><\/div><div><\/div><div><\/div><\/div><div class=\"vc-bg-side-text left\" id=\"norebro-custom-69e01c4143800\">Indoor and outdoor advertising<\/div><div class=\"wpb_column vc_column_container vc_col-sm-12\"><div class=\"vc_column-inner\"><div class=\"wpb_wrapper\"><div class=\"vc_empty_space\"   style=\"height: 30px\"><span class=\"vc_empty_space_inner\"><\/span><\/div><div class=\"norebro-text-sc\" \n\tid=\"norebro-custom-69e01c4143ca2\" \n\t \n\t>\n\n\t<p>Indoor and outdoor advertising (outdoor\/indoor advertising) is one of the important tools for each company&#039;s recognition and closer contact with customers. This type of advertising is of great importance for the promotion of advertising to a wide audience and is an integral part of the process of introducing a brand in the market. As an Ideart advertising agency, we have extensive experience in this field and strive to meet the advertising needs of our clients with the highest quality. Our team carefully considers every detail in the process of developing and placing indoor and outdoor advertisements and ensures the maximum level of advertising effectiveness.<\/p>\n<p>We have the opportunity to place your ad in any region of Azerbaijan. We can implement your advertising campaigns in a wide area, from the central streets to the areas where people gather a lot, shopping centers, metro stations. We increase the visibility of your brand by precisely defining your target audience and placing your ad in the right places.<\/p>\n<p>Thanks to billboards, scrollers, monitors, transparencies and other types of advertising used in outdoor advertising, your company will attract the attention of the masses. Billboards are the ideal tool for your long-term advertising campaigns, providing a high level of visibility. While scrollers attract attention with their moving ads, monitors will pique your audience&#039;s interest with their dynamic and colorful content. Transparencies will help you effectively convey your company&#039;s message with more distinctive and eye-catching designs.<\/p>\n<p>Indoor advertising is an ideal tool for promoting your company&#039;s brand in shopping centers, commercial facilities and other indoor spaces. These types of ads are more effective in places where people spend most of their time, targeting them directly. Through posters, stands, LED screens and other visual aids used in indoor advertising, you will have the opportunity to connect more closely with your customers and inform them about your products and services.<\/p>\n<p>Ideart team carefully monitors each stage of this process and offers the most optimal solutions according to the requirements of our customers. We don&#039;t just place ads, we also pay special attention to the design, message and delivery of the ad to the right target audience to maximize its effectiveness. Applying an individual approach to each project, we help our clients gain a stronger position in the market.<\/p>\n<p>As a result, promoting your company through internal and external advertising will enable you to succeed not only in the local market, but also in a wider audience. With these types of advertising, your brand will become a part of people&#039;s daily lives, leaving a lasting impression on your customers.<\/p>\n\t\n<\/div><div class=\"vc_empty_space\"   style=\"height: 90px\"><span class=\"vc_empty_space_inner\"><\/span><\/div><\/div><\/div><\/div><div class=\"wpb_column vc_column_container vc_col-sm-4 vc_col-has-fill\"><div class=\"vc_column-inner vc_custom_1624746225112\"><div class=\"wpb_wrapper\"><div class=\"norebro-banner-box-sc banner-box boxed text-center\"\n\tid=\"norebro-custom-69e01c41440da\"\n\t\t>\n\n\t\t\t<div class=\"image-wrap\">\n\t\t\t<img src=\"https:\/\/ideart.az\/wp-content\/uploads\/2021\/06\/BL0041587825032.png\" alt=\"Billboard\">\n\t\t\t<div class=\"overlay default\">\n\t\t\t\t\t\t\t\t<a class=\"btn btn-white btn-full-width btn-small btn-outline\" href=\"https:\/\/bilbord.al\/index.php?&#038;nov=Billbord\">\n\t\t\t\t\tMore\t\t\t\t\t\t\t\t\t<\/a>\n\t\t\t\t\t\t\t<\/div>\n\t\t<\/div>\n\t\t<div class=\"content\">\n\n\t\t\t<div class=\"title-wrap\">\n\t\t\t\t<h4>Billboard<\/h4>\n\t\t\t\t\t\t\t<\/div>\n\n\t\t\t<div class=\"description-wrap\">\n\t\t\t\t<p class=\"description\"><\/p>\n\n\t\t\t\t\t\t\t<\/div>\n\n\t\t<\/div>\n\t\n<\/div>\n<div class=\"vc_empty_space  norebro-phone-space\"   style=\"height: 30px\"><span class=\"vc_empty_space_inner\"><\/span><\/div><div class=\"norebro-banner-box-sc banner-box boxed text-center\"\n\tid=\"norebro-custom-69e01c4144413\"\n\t\t>\n\n\t\t\t<div class=\"image-wrap\">\n\t\t\t<img src=\"https:\/\/ideart.az\/wp-content\/uploads\/2021\/06\/LD0071582021825.jpg\" alt=\"Led monitor\">\n\t\t\t<div class=\"overlay default\">\n\t\t\t\t\t\t\t\t<a class=\"btn btn-white btn-full-width btn-small btn-outline\" href=\"https:\/\/bilbord.al\/index.php?&#038;nov=LED%20Monitor\">\n\t\t\t\t\tMore\t\t\t\t\t\t\t\t\t<\/a>\n\t\t\t\t\t\t\t<\/div>\n\t\t<\/div>\n\t\t<div class=\"content\">\n\n\t\t\t<div class=\"title-wrap\">\n\t\t\t\t<h4>Led monitor<\/h4>\n\t\t\t\t\t\t\t<\/div>\n\n\t\t\t<div class=\"description-wrap\">\n\t\t\t\t<p class=\"description\"><\/p>\n\n\t\t\t\t\t\t\t<\/div>\n\n\t\t<\/div>\n\t\n<\/div>\n<div class=\"vc_empty_space  norebro-phone-space\"   style=\"height: 30px\"><span class=\"vc_empty_space_inner\"><\/span><\/div><\/div><\/div><\/div><div class=\"wpb_column vc_column_container vc_col-sm-4\"><div class=\"vc_column-inner\"><div class=\"wpb_wrapper\"><div class=\"norebro-banner-box-sc banner-box boxed text-center\"\n\tid=\"norebro-custom-69e01c41447cf\"\n\t\t>\n\n\t\t\t<div class=\"image-wrap\">\n\t\t\t<img src=\"https:\/\/ideart.az\/wp-content\/uploads\/2021\/06\/SL0271580196981.jpg\" alt=\"Scroller\">\n\t\t\t<div class=\"overlay default\">\n\t\t\t\t\t\t\t\t<a class=\"btn btn-white btn-full-width btn-small btn-outline\" href=\"https:\/\/bilbord.al\/index.php?page=10&#038;nov=Scroller\">\n\t\t\t\t\tMore\t\t\t\t\t\t\t\t\t<\/a>\n\t\t\t\t\t\t\t<\/div>\n\t\t<\/div>\n\t\t<div class=\"content\">\n\n\t\t\t<div class=\"title-wrap\">\n\t\t\t\t<h4>Scroller<\/h4>\n\t\t\t\t\t\t\t<\/div>\n\n\t\t\t<div class=\"description-wrap\">\n\t\t\t\t<p class=\"description\"><\/p>\n\n\t\t\t\t\t\t\t<\/div>\n\n\t\t<\/div>\n\t\n<\/div>\n<div class=\"vc_empty_space  norebro-phone-space\"   style=\"height: 30px\"><span class=\"vc_empty_space_inner\"><\/span><\/div><div class=\"norebro-banner-box-sc banner-box boxed text-center\"\n\tid=\"norebro-custom-69e01c4144a73\"\n\t\t>\n\n\t\t\t<div class=\"image-wrap\">\n\t\t\t<img src=\"https:\/\/ideart.az\/wp-content\/uploads\/2021\/06\/TR0011558429387.png\" alt=\"Transparent\">\n\t\t\t<div class=\"overlay default\">\n\t\t\t\t\t\t\t\t<a class=\"btn btn-white btn-full-width btn-small btn-outline\" href=\"https:\/\/bilbord.al\/index.php?&#038;nov=Transparant\">\n\t\t\t\t\tMore\t\t\t\t\t\t\t\t\t<\/a>\n\t\t\t\t\t\t\t<\/div>\n\t\t<\/div>\n\t\t<div class=\"content\">\n\n\t\t\t<div class=\"title-wrap\">\n\t\t\t\t<h4>Transparent<\/h4>\n\t\t\t\t\t\t\t<\/div>\n\n\t\t\t<div class=\"description-wrap\">\n\t\t\t\t<p class=\"description\"><\/p>\n\n\t\t\t\t\t\t\t<\/div>\n\n\t\t<\/div>\n\t\n<\/div>\n<div class=\"vc_empty_space  norebro-phone-space\"   style=\"height: 30px\"><span class=\"vc_empty_space_inner\"><\/span><\/div><\/div><\/div><\/div><div class=\"wpb_column vc_column_container vc_col-sm-4\"><div class=\"vc_column-inner\"><div class=\"wpb_wrapper\"><div class=\"norebro-banner-box-sc banner-box boxed text-center\"\n\tid=\"norebro-custom-69e01c4144dff\"\n\t\t>\n\n\t\t\t<div class=\"image-wrap\">\n\t\t\t<img src=\"https:\/\/ideart.az\/wp-content\/uploads\/2021\/06\/LB0691605456614.jpg\" alt=\"Lightbox\">\n\t\t\t<div class=\"overlay default\">\n\t\t\t\t\t\t\t\t<a class=\"btn btn-white btn-full-width btn-small btn-outline\" href=\"https:\/\/bilbord.al\/index.php?&#038;nov=Laytboks\">\n\t\t\t\t\tMore\t\t\t\t\t\t\t\t\t<\/a>\n\t\t\t\t\t\t\t<\/div>\n\t\t<\/div>\n\t\t<div class=\"content\">\n\n\t\t\t<div class=\"title-wrap\">\n\t\t\t\t<h4>Lightbox<\/h4>\n\t\t\t\t\t\t\t<\/div>\n\n\t\t\t<div class=\"description-wrap\">\n\t\t\t\t<p class=\"description\"><\/p>\n\n\t\t\t\t\t\t\t<\/div>\n\n\t\t<\/div>\n\t\n<\/div>\n<div class=\"vc_empty_space  norebro-phone-space\"   style=\"height: 30px\"><span class=\"vc_empty_space_inner\"><\/span><\/div><div class=\"norebro-banner-box-sc banner-box boxed text-center\"\n\tid=\"norebro-custom-69e01c4145085\"\n\t\t>\n\n\t\t\t<div class=\"image-wrap\">\n\t\t\t<img src=\"https:\/\/ideart.az\/wp-content\/uploads\/2021\/06\/CP0011587925072.png\" alt=\"CLP\">\n\t\t\t<div class=\"overlay default\">\n\t\t\t\t\t\t\t\t<a class=\"btn btn-white btn-full-width btn-small btn-outline\" href=\"https:\/\/bilbord.al\/index.php?&#038;nov=CLP\">\n\t\t\t\t\tMore\t\t\t\t\t\t\t\t\t<\/a>\n\t\t\t\t\t\t\t<\/div>\n\t\t<\/div>\n\t\t<div class=\"content\">\n\n\t\t\t<div class=\"title-wrap\">\n\t\t\t\t<h4>CLP<\/h4>\n\t\t\t\t\t\t\t<\/div>\n\n\t\t\t<div class=\"description-wrap\">\n\t\t\t\t<p class=\"description\"><\/p>\n\n\t\t\t\t\t\t\t<\/div>\n\n\t\t<\/div>\n\t\n<\/div>\n<div class=\"vc_empty_space  norebro-phone-space\"   style=\"height: 30px\"><span class=\"vc_empty_space_inner\"><\/span><\/div><\/div><\/div><\/div><div class=\"wpb_column vc_column_container vc_col-sm-12\"><div class=\"vc_column-inner\"><div class=\"wpb_wrapper\"><div class=\"vc_empty_space\"   style=\"height: 90px\"><span class=\"vc_empty_space_inner\"><\/span><\/div><\/div><\/div><\/div><\/div><div class=\"vc_row-full-width vc_clearfix\"><\/div>","protected":false},"excerpt":{"rendered":"Daxili v\u0259 \u00e7\u00f6l reklamlar\u0131 Daxili v\u0259 \u00e7\u00f6l reklamlar (outdoor\/indoor reklam) h\u0259r bir \u015firk\u0259tin tan\u0131nmas\u0131...","protected":false},"author":1,"featured_media":0,"parent":0,"menu_order":0,"comment_status":"closed","ping_status":"closed","template":"","meta":[],"yoast_head":"<!-- This site is optimized with the Yoast SEO Premium plugin v16.7 (Yoast SEO v16.8) - https:\/\/yoast.com\/wordpress\/plugins\/seo\/ -->\n<title>Daxili v\u0259 \u00e7\u00f6l reklamlar\u0131 | Ideart Reklam Agentliyi<\/title>\n<meta name=\"robots\" content=\"index, follow, max-snippet:-1, max-image-preview:large, max-video-preview:-1\" \/>\n<link rel=\"canonical\" href=\"https:\/\/ideart.az\/en\/internal-col-ads\/\" \/>\n<meta property=\"og:locale\" content=\"en_GB\" \/>\n<meta property=\"og:type\" content=\"article\" \/>\n<meta property=\"og:title\" content=\"Daxili v\u0259 \u00e7\u00f6l reklamlar\u0131\" \/>\n<meta property=\"og:url\" content=\"https:\/\/ideart.az\/en\/internal-col-ads\/\" \/>\n<meta property=\"og:site_name\" content=\"Ideart Reklam Agentliyi\" \/>\n<meta property=\"article:publisher\" content=\"https:\/\/www.facebook.com\/ideartagency\" \/>\n<meta property=\"article:modified_time\" content=\"2024-09-17T00:53:59+00:00\" \/>\n<meta name=\"twitter:card\" content=\"summary_large_image\" \/>\n<meta name=\"twitter:label1\" content=\"Est. reading time\" \/>\n\t<meta name=\"twitter:data1\" content=\"2 minutes\" \/>\n<script type=\"application\/ld+json\" class=\"yoast-schema-graph\">{\"@context\":\"https:\/\/schema.org\",\"@graph\":[{\"@type\":\"WebSite\",\"@id\":\"https:\/\/ideart.az\/en\/#website\",\"url\":\"https:\/\/ideart.az\/en\/\",\"name\":\"Ideart Reklam Agentliyi\",\"description\":\"Biz i\\u015fimizi bilirik!\",\"potentialAction\":[{\"@type\":\"SearchAction\",\"target\":{\"@type\":\"EntryPoint\",\"urlTemplate\":\"https:\/\/ideart.az\/en\/?s={search_term_string}\"},\"query-input\":\"required name=search_term_string\"}],\"inLanguage\":\"en-GB\"},{\"@type\":\"WebPage\",\"@id\":\"https:\/\/ideart.az\/en\/internal-col-ads\/#webpage\",\"url\":\"https:\/\/ideart.az\/en\/internal-col-ads\/\",\"name\":\"Daxili v\\u0259 \\u00e7\\u00f6l reklamlar\\u0131 | Ideart Reklam Agentliyi\",\"isPartOf\":{\"@id\":\"https:\/\/ideart.az\/en\/#website\"},\"datePublished\":\"2021-06-26T22:20:33+00:00\",\"dateModified\":\"2024-09-17T00:53:59+00:00\",\"breadcrumb\":{\"@id\":\"https:\/\/ideart.az\/en\/internal-col-ads\/#breadcrumb\"},\"inLanguage\":\"en-GB\",\"potentialAction\":[{\"@type\":\"ReadAction\",\"target\":[\"https:\/\/ideart.az\/en\/internal-col-ads\/\"]}]},{\"@type\":\"BreadcrumbList\",\"@id\":\"https:\/\/ideart.az\/en\/internal-col-ads\/#breadcrumb\",\"itemListElement\":[{\"@type\":\"ListItem\",\"position\":1,\"name\":\"Home\",\"item\":\"https:\/\/ideart.az\/en\/\"},{\"@type\":\"ListItem\",\"position\":2,\"name\":\"Daxili v\\u0259 \\u00e7\\u00f6l reklamlar\\u0131\"}]}]}<\/script>\n<!-- \/ Yoast SEO Premium plugin. -->","yoast_head_json":{"title":"Daxili v\u0259 \u00e7\u00f6l reklamlar\u0131 | Ideart Reklam Agentliyi","robots":{"index":"index","follow":"follow","max-snippet":"max-snippet:-1","max-image-preview":"max-image-preview:large","max-video-preview":"max-video-preview:-1"},"canonical":"https:\/\/ideart.az\/en\/internal-col-ads\/","og_locale":"en_GB","og_type":"article","og_title":"Daxili v\u0259 \u00e7\u00f6l reklamlar\u0131","og_url":"https:\/\/ideart.az\/en\/internal-col-ads\/","og_site_name":"Ideart Reklam Agentliyi","article_publisher":"https:\/\/www.facebook.com\/ideartagency","article_modified_time":"2024-09-17T00:53:59+00:00","twitter_card":"summary_large_image","twitter_misc":{"Est. reading time":"2 minutes"},"schema":{"@context":"https:\/\/schema.org","@graph":[{"@type":"WebSite","@id":"https:\/\/ideart.az\/en\/#website","url":"https:\/\/ideart.az\/en\/","name":"Ideart Reklam Agentliyi","description":"Biz i\u015fimizi bilirik!","potentialAction":[{"@type":"SearchAction","target":{"@type":"EntryPoint","urlTemplate":"https:\/\/ideart.az\/en\/?s={search_term_string}"},"query-input":"required name=search_term_string"}],"inLanguage":"en-GB"},{"@type":"WebPage","@id":"https:\/\/ideart.az\/en\/internal-col-ads\/#webpage","url":"https:\/\/ideart.az\/en\/internal-col-ads\/","name":"Daxili v\u0259 \u00e7\u00f6l reklamlar\u0131 | Ideart Reklam Agentliyi","isPartOf":{"@id":"https:\/\/ideart.az\/en\/#website"},"datePublished":"2021-06-26T22:20:33+00:00","dateModified":"2024-09-17T00:53:59+00:00","breadcrumb":{"@id":"https:\/\/ideart.az\/en\/internal-col-ads\/#breadcrumb"},"inLanguage":"en-GB","potentialAction":[{"@type":"ReadAction","target":["https:\/\/ideart.az\/en\/internal-col-ads\/"]}]},{"@type":"BreadcrumbList","@id":"https:\/\/ideart.az\/en\/internal-col-ads\/#breadcrumb","itemListElement":[{"@type":"ListItem","position":1,"name":"Home","item":"https:\/\/ideart.az\/en\/"},{"@type":"ListItem","position":2,"name":"Daxili v\u0259 \u00e7\u00f6l reklamlar\u0131"}]}]}},"_links":{"self":[{"href":"https:\/\/ideart.az\/en\/wp-json\/wp\/v2\/pages\/5656316"}],"collection":[{"href":"https:\/\/ideart.az\/en\/wp-json\/wp\/v2\/pages"}],"about":[{"href":"https:\/\/ideart.az\/en\/wp-json\/wp\/v2\/types\/page"}],"author":[{"embeddable":true,"href":"https:\/\/ideart.az\/en\/wp-json\/wp\/v2\/users\/1"}],"replies":[{"embeddable":true,"href":"https:\/\/ideart.az\/en\/wp-json\/wp\/v2\/comments?post=5656316"}],"version-history":[{"count":0,"href":"https:\/\/ideart.az\/en\/wp-json\/wp\/v2\/pages\/5656316\/revisions"}],"wp:attachment":[{"href":"https:\/\/ideart.az\/en\/wp-json\/wp\/v2\/media?parent=5656316"}],"curies":[{"name":"wp","href":"https:\/\/api.w.org\/{rel}","templated":true}]}}