{"id":5656390,"date":"2021-06-28T23:10:05","date_gmt":"2021-06-28T23:10:05","guid":{"rendered":"https:\/\/ideart.az\/?page_id=5656390"},"modified":"2024-09-17T01:09:25","modified_gmt":"2024-09-17T01:09:25","slug":"veb-saytlar","status":"publish","type":"page","link":"https:\/\/ideart.az\/az\/veb-saytlar\/","title":{"rendered":"Veb saytlar\u0131n y\u0131\u011f\u0131lmas\u0131"},"content":{"rendered":"<div data-vc-full-width=\"true\" data-vc-full-width-init=\"false\" class=\"vc_row wpb_row vc_row-fluid vc_custom_1726535247924\"><div class=\"vc-bg-lines dark\"><div><\/div><div><\/div><div><\/div><div><\/div><div><\/div><div><\/div><div><\/div><\/div><div class=\"vc-bg-side-text left\" id=\"norebro-custom-69dffda5c097d\">Veb saytlar\u0131n y\u0131\u011f\u0131lmas\u0131 v\u0259 xidm\u0259tl\u0259r<\/div><div class=\"wpb_column vc_column_container vc_col-sm-12\"><div class=\"vc_column-inner\"><div class=\"wpb_wrapper\"><div class=\"vc_empty_space\"   style=\"height: 30px\"><span class=\"vc_empty_space_inner\"><\/span><\/div><div class=\"norebro-text-sc \" \n\tid=\"norebro-custom-69dffda5c0f52\" \n\t \n\t>\n\n\t<p>Veb sayt, g\u0259l\u0259c\u0259k t\u0259r\u0259fda\u015flar v\u0259 potensial m\u00fc\u015ft\u0259ril\u0259r\u0259 biznesiniz bar\u0259d\u0259 m\u0259lumat verm\u0259k \u00fc\u00e7\u00fcn m\u00fcasir d\u00f6vrd\u0259 \u0259v\u0259zolunmaz vasit\u0259dir. Sizin veb s\u0259hif\u0259niz, \u015firk\u0259tinizin \u00fcz\u00fc v\u0259 vizit kart\u0131 kimi f\u0259aliyy\u0259t g\u00f6st\u0259rir, eyni zamanda brendinizi internet m\u00fchitind\u0259 tan\u0131dan \u0259sas platformad\u0131r. Veb sayt vasit\u0259sil\u0259 nailiyy\u0259tl\u0259riniz v\u0259 u\u011furlar\u0131n\u0131z geni\u015f auditoriyaya \u00e7atd\u0131r\u0131l\u0131r, bu da potensial al\u0131c\u0131lar\u0131 c\u0259lb etm\u0259kl\u0259 yana\u015f\u0131, qeyri-kommersiya layih\u0259l\u0259rinin inki\u015faf\u0131na da t\u00f6hf\u0259 verir.<\/p>\n<p>\u0130deart reklam agentliyinin veb-development komandas\u0131, m\u00fc\u015ft\u0259ril\u0259rin t\u0259l\u0259bl\u0259rin\u0259 uy\u011fun pe\u015f\u0259kar v\u0259 funksional veb saytlar\u0131n haz\u0131rlanmas\u0131nda ixtisasla\u015f\u0131b. Komandam\u0131z, sizin biznesinizin spesifik x\u00fcsusiyy\u0259tl\u0259rin\u0259 v\u0259 h\u0259d\u0259fl\u0259rin\u0259 uy\u011fun sayt n\u00f6v\u00fcn\u00fc m\u00fc\u0259yy\u0259nl\u0259\u015fdirir, onu kateqoriyalara b\u00f6lm\u0259kl\u0259 daha istifad\u0259\u00e7i dostu bir t\u0259cr\u00fcb\u0259 yarad\u0131r. Veb sayt\u0131n haz\u0131rlanmas\u0131 zaman\u0131 h\u0259m admin panel (sayt\u0131n idar\u0259 v\u0259 redakt\u0259 edilm\u0259si hiss\u0259si), h\u0259m d\u0259 front-end (sayt\u0131n istifad\u0259\u00e7il\u0259r t\u0259r\u0259find\u0259n g\u00f6r\u00fcn\u0259n hiss\u0259si) diqq\u0259tl\u0259 haz\u0131rlan\u0131r.<\/p>\n<p>Admin panel, sayt\u0131n m\u0259zmununu v\u0259 funksionall\u0131\u011f\u0131n\u0131 idar\u0259 etm\u0259yi asanla\u015fd\u0131r\u0131r v\u0259 siz\u0259 g\u0259l\u0259c\u0259kd\u0259 sayt\u0131n\u0131z\u0131 rahat \u015f\u0259kild\u0259 yenil\u0259m\u0259k imkan\u0131 verir. Front-end hiss\u0259si is\u0259 istifad\u0259\u00e7il\u0259r\u0259 m\u00fcasir dizayn v\u0259 funksional x\u00fcsusiyy\u0259tl\u0259r t\u0259klif ed\u0259r\u0259k, onlar\u0131n saytla qar\u015f\u0131l\u0131ql\u0131 \u0259laq\u0259sini asanla\u015fd\u0131r\u0131r v\u0259 c\u0259lbedici edir. \u0130deart reklam agentliyi, sayt\u0131n\u0131z\u0131n h\u0259d\u0259f auditoriyan\u0131z \u00fc\u00e7\u00fcn \u0259l\u00e7atan v\u0259 t\u0259sirli olmas\u0131n\u0131 t\u0259min ed\u0259c\u0259k, h\u0259m vizual, h\u0259m d\u0259 texniki bax\u0131mdan m\u00fck\u0259mm\u0259l bir h\u0259ll t\u0259qdim ed\u0259c\u0259kdir.<\/p>\n\t\n<\/div><div class=\"vc_empty_space\"   style=\"height: 90px\"><span class=\"vc_empty_space_inner\"><\/span><\/div><\/div><\/div><\/div><div class=\"wpb_column vc_column_container vc_col-sm-4\"><div class=\"vc_column-inner\"><div class=\"wpb_wrapper\"><div class=\"vc_empty_space\"   style=\"height: 20px\"><span class=\"vc_empty_space_inner\"><\/span><\/div><div class=\"norebro-icon-box-sc icon-box text-center\" \n\tid=\"norebro-custom-69dffda5c1238\" \n\t \n\t>\n\n\t<div class=\"icon-wrap shape-border shape-rounded\">\n\t\t\t\t\t<span class=\"ion-radio-waves\"><\/span>\n\t\t\t<\/div>\n\n\t<div class=\"content-wrap\">\n\n\t\t<div class=\"content-center with-full\">\n\t\t\t<div class=\"wrap\">\n\t\t\t\t<h3>Saytlar\u0131n y\u0131\u011f\u0131lmas\u0131<\/h3>\n\t\t\t\t\t\t\t\t\t<p class=\"subtitle\">\n\t\t\t\t\t\tA\u015fa\u011f\u0131da g\u00f6st\u0259rdiyimiz n\u00f6vd\u0259 saytlar\u0131n kodlanmas\u0131n\u0131 m\u00fc\u015ft\u0259ril\u0259rimiz\u0259 t\u0259klif edirik\t\t\t\t\t<\/p>\n\t\t\t\t\t\t\t<\/div>\n\t\t<\/div>\n\t\t\n\t\t\t<\/div>\n\t\t\n\t\t<p class=\"description content-full\">\n\t\t\t\t\t<\/p>\n\n\t\t\n\t\t\n<\/div><ul class=\"norebro-list-box-sc list-box \" \n\tid=\"norebro-custom-69dffda5c1304\"\n\t \n\t>\n\t\n\t\t\t\n\t\t\t\t<li>\n\t\t\t\t\t\t\t<h4 class=\"title\">Vizitka saytlar<\/h4>\n\t\t\t\t\t<\/li>\n\t\t\t\t<li>\n\t\t\t\t\t\t\t<h4 class=\"title\">Promo saytlar<\/h4>\n\t\t\t\t\t<\/li>\n\t\t\t\t<li>\n\t\t\t\t\t\t\t<h4 class=\"title\">Showcase saytlar (Vitrin)<\/h4>\n\t\t\t\t\t<\/li>\n\t\t\t\t<li>\n\t\t\t\t\t\t\t<h4 class=\"title\">Portfolio saytlar<\/h4>\n\t\t\t\t\t<\/li>\n\t\t\t\t<li>\n\t\t\t\t\t\t\t<h4 class=\"title\">Blog v\u0259 x\u0259b\u0259r portallar\u0131<\/h4>\n\t\t\t\t\t<\/li>\n\t\t\t\t<li>\n\t\t\t\t\t\t\t<h4 class=\"title\">Forumlar<\/h4>\n\t\t\t\t\t<\/li>\n\t\t\t\t<li>\n\t\t\t\t\t\t\t<h4 class=\"title\">Ticar\u0259t saytlar\u0131 (ecommerce)<\/h4>\n\t\t\t\t\t<\/li>\n\t\t\n\t\n<\/ul><div class=\"vc_empty_space\"   style=\"height: 20px\"><span class=\"vc_empty_space_inner\"><\/span><\/div><div class=\"vc_empty_space\"   style=\"height: 20px\"><span class=\"vc_empty_space_inner\"><\/span><\/div><\/div><\/div><\/div><div class=\"wpb_column vc_column_container vc_col-sm-4\"><div class=\"vc_column-inner\"><div class=\"wpb_wrapper\"><div class=\"vc_empty_space\"   style=\"height: 20px\"><span class=\"vc_empty_space_inner\"><\/span><\/div><div class=\"norebro-icon-box-sc icon-box text-center\" \n\tid=\"norebro-custom-69dffda5c1613\" \n\t \n\t>\n\n\t<div class=\"icon-wrap shape-border shape-rounded\">\n\t\t\t\t\t<span class=\"ion-ios-cloud-upload\"><\/span>\n\t\t\t<\/div>\n\n\t<div class=\"content-wrap\">\n\n\t\t<div class=\"content-center with-full\">\n\t\t\t<div class=\"wrap\">\n\t\t\t\t<h3>X\u00fcsusi inteqrasiyalar<\/h3>\n\t\t\t\t\t\t\t\t\t<p class=\"subtitle\">\n\t\t\t\t\t\t\u015eirk\u0259timiz haz\u0131r v\u0259 ya haz\u0131rlanma m\u0259rh\u0259l\u0259sind\u0259 olan saytlar \u00fc\u00e7\u00fcn a\u015fa\u011f\u0131dak\u0131 inteqrasiyalar\u0131 t\u0259klif edir.\t\t\t\t\t<\/p>\n\t\t\t\t\t\t\t<\/div>\n\t\t<\/div>\n\t\t\n\t\t\t<\/div>\n\t\t\n\t\t<p class=\"description content-full\">\n\t\t\t\t\t<\/p>\n\n\t\t\n\t\t\n<\/div><ul class=\"norebro-list-box-sc list-box \" \n\tid=\"norebro-custom-69dffda5c16a5\"\n\t \n\t>\n\t\n\t\t\t\n\t\t\t\t<li>\n\t\t\t\t\t\t\t<h4 class=\"title\">1C inteqrasiya<\/h4>\n\t\t\t\t\t<\/li>\n\t\t\t\t<li>\n\t\t\t\t\t\t\t<h4 class=\"title\">Yerli v\u0259 xarici \u00f6d\u0259ni\u015f sisteml\u0259ri<\/h4>\n\t\t\t\t\t<\/li>\n\t\t\t\t<li>\n\t\t\t\t\t\t\t<h4 class=\"title\">X\u00fcsusi modullar\u0131n qurulmas\u0131<\/h4>\n\t\t\t\t\t<\/li>\n\t\t\t\t<li>\n\t\t\t\t\t\t\t<h4 class=\"title\">H\u0259r n\u00f6v google API qurulmas\u0131<\/h4>\n\t\t\t\t\t<\/li>\n\t\t\t\t<li>\n\t\t\t\t\t\t\t<h4 class=\"title\">ERP , SaaS, CRP<\/h4>\n\t\t\t\t\t<\/li>\n\t\t\t\t<li>\n\t\t\t\t\t\t\t<h4 class=\"title\">B2B , B2C sisteml\u0259rin qurulmas\u0131<\/h4>\n\t\t\t\t\t<\/li>\n\t\t\t\t<li>\n\t\t\t\t\t\t\t<h4 class=\"title\">\u0130stifad\u0259\u00e7i bazalar\u0131n\u0131n inteqrasiyas\u0131 v\u0259 qurulmas\u0131<\/h4>\n\t\t\t\t\t<\/li>\n\t\t\n\t\n<\/ul><div class=\"vc_empty_space\"   style=\"height: 20px\"><span class=\"vc_empty_space_inner\"><\/span><\/div><div class=\"vc_empty_space\"   style=\"height: 20px\"><span class=\"vc_empty_space_inner\"><\/span><\/div><\/div><\/div><\/div><div class=\"wpb_column vc_column_container vc_col-sm-4\"><div class=\"vc_column-inner\"><div class=\"wpb_wrapper\"><div class=\"vc_empty_space\"   style=\"height: 20px\"><span class=\"vc_empty_space_inner\"><\/span><\/div><div class=\"norebro-icon-box-sc icon-box text-center\" \n\tid=\"norebro-custom-69dffda5c19d9\" \n\t \n\t>\n\n\t<div class=\"icon-wrap shape-border shape-rounded\">\n\t\t\t\t\t<span class=\"ion-ios-world\"><\/span>\n\t\t\t<\/div>\n\n\t<div class=\"content-wrap\">\n\n\t\t<div class=\"content-center with-full\">\n\t\t\t<div class=\"wrap\">\n\t\t\t\t<h3>Veb-saytlar\u0131n optimizasiyas\u0131<\/h3>\n\t\t\t\t\t\t\t\t\t<p class=\"subtitle\">\n\t\t\t\t\t\tSaytlar\u0131n\u0131z\u0131n SEO (Axtar\u0131\u015f sisteml\u0259ri ), SO (S\u00fcr\u0259t ) v\u0259 AVO (T\u0259hl\u00fck\u0259sizlik) optimizasiyalar\u0131 pe\u015f\u0259kar \u0259m\u0259kda\u015flar\u0131m\u0131z t\u0259r\u0259find\u0259n apar\u0131l\u0131r\t\t\t\t\t<\/p>\n\t\t\t\t\t\t\t<\/div>\n\t\t<\/div>\n\t\t\n\t\t\t<\/div>\n\t\t\n\t\t<p class=\"description content-full\">\n\t\t\t\t\t<\/p>\n\n\t\t\n\t\t\n<\/div><div class=\"vc_empty_space\"   style=\"height: 20px\"><span class=\"vc_empty_space_inner\"><\/span><\/div><div class=\"norebro-icon-box-sc icon-box text-center\" \n\tid=\"norebro-custom-69dffda5c1adc\" \n\t \n\t>\n\n\t<div class=\"icon-wrap shape-border shape-rounded\">\n\t\t\t\t\t<span class=\"ion-at\"><\/span>\n\t\t\t<\/div>\n\n\t<div class=\"content-wrap\">\n\n\t\t<div class=\"content-center with-full\">\n\t\t\t<div class=\"wrap\">\n\t\t\t\t<h3>Kooperativ mail<\/h3>\n\t\t\t\t\t\t\t\t\t<p class=\"subtitle\">\n\t\t\t\t\t\tMarkan\u0131z v\u0259 \u015firk\u0259tiniz \u00fc\u00e7\u00fcn kooperativ maill\u0259rin yarad\u0131lmas\u0131 v\u0259 idar\u0259 olunmas\u0131 xidm\u0259ti\t\t\t\t\t<\/p>\n\t\t\t\t\t\t\t<\/div>\n\t\t<\/div>\n\t\t\n\t\t\t<\/div>\n\t\t\n\t\t<p class=\"description content-full\">\n\t\t\t\t\t<\/p>\n\n\t\t\n\t\t\n<\/div><div class=\"vc_empty_space\"   style=\"height: 20px\"><span class=\"vc_empty_space_inner\"><\/span><\/div><\/div><\/div><\/div><div class=\"wpb_column vc_column_container vc_col-sm-12\"><div class=\"vc_column-inner\"><div class=\"wpb_wrapper\"><div class=\"vc_empty_space\"   style=\"height: 120px\"><span class=\"vc_empty_space_inner\"><\/span><\/div><div class=\"norebro-text-sc \" \n\tid=\"norebro-custom-69dffda5c1d6e\" \n\t \n\t>\n\n\t<h3 style=\"text-align: center;\"><strong>HOSTING V\u018f SERVERL\u018fR<\/strong><\/h3>\n\t\n<\/div><div class=\"norebro-text-sc \" \n\tid=\"norebro-custom-69dffda5c1dc6\" \n\t \n\t>\n\n\t<p style=\"text-align: center;\"><strong>\u0130st\u0259nil\u0259n s\u0259viyy\u0259d\u0259 v\u0259 aktivlikd\u0259 saytlar \u00fc\u00e7\u00fcn y\u00fcks\u0259k s\u00fcr\u0259tli Hosting v\u0259 VPS xidm\u0259tl\u0259ri t\u0259klif edirik.<\/strong><\/p>\n\t\n<\/div><\/div><\/div><\/div><\/div><div class=\"vc_row-full-width vc_clearfix\"><\/div><div class=\"vc_row wpb_row vc_row-fluid\"><div class=\"wpb_column vc_column_container vc_col-sm-4\"><div class=\"vc_column-inner\"><div class=\"wpb_wrapper\"><div class=\"norebro-pricing-table-sc pricing-table\"\n\tid=\"norebro-custom-69dffda5c2170\" \n\t \n\t>\n\n\t\t\t<h3 class=\"title\">Start<\/h3>\n\t\t\n\t\t\t<p class=\"subtitle pricing-subtitle small\">Vizitka, promo , vitrin tipli saytlar \u00fc\u00e7\u00fcn hosting<\/p>\n\t\n\t<div class=\"price\">\n\t\t<h2 class=\"title\">\n\t\t\t\t\t\t\t<span class=\"icon\">\u20bc<\/span>\n\t\t\t\t\t\t80\t\t<\/h2>\n\n\t\t\t\t\t<br>\n\t\t\t<div class=\"time-interval uppercase\">\u0130llik<\/div>\n\t\t\n\t\t<p class=\"subtitle\"><\/p>\n\t<\/div><!--pricing-table-price-->\n\n\t\t\t<ul class=\"list-box border simple text-center\">\n\t\t\n\t\t\t\t\t\t\t<li class=\"\">\n\t\t\t\t\t\t\t\t\t\t\t\t\t\t\t\t\t\t<span class=\"icon ion-ios-checkmark-outline\"><\/span>\n\t\t\t\t\t\t\t\t\t\t\t\n\t\t\t\t\t\t\t\t\t\t\t<span class=\"title\">10 GB Disk h\u0259cmi<\/span>\n\t\t\t\t\t\t\t\t\t<\/li>\n\t\t\t\t\t\t\t<li class=\"\">\n\t\t\t\t\t\t\t\t\t\t\t\t\t\t\t\t\t\t<span class=\"icon ion-ios-checkmark-outline\"><\/span>\n\t\t\t\t\t\t\t\t\t\t\t\n\t\t\t\t\t\t\t\t\t\t\t<span class=\"title\">Limitsiz Trafik<\/span>\n\t\t\t\t\t\t\t\t\t<\/li>\n\t\t\t\t\t\t\t<li class=\"\">\n\t\t\t\t\t\t\t\t\t\t\t\t\t\t\t\t\t\t<span class=\"icon ion-ios-checkmark-outline\"><\/span>\n\t\t\t\t\t\t\t\t\t\t\t\n\t\t\t\t\t\t\t\t\t\t\t<span class=\"title\">Limitsiz E-po\u00e7t<\/span>\n\t\t\t\t\t\t\t\t\t<\/li>\n\t\t\t\t\t\t\t<li class=\"\">\n\t\t\t\t\t\t\t\t\t\t\t\t\t\t\t\t\t\t<span class=\"icon ion-ios-checkmark-outline\"><\/span>\n\t\t\t\t\t\t\t\t\t\t\t\n\t\t\t\t\t\t\t\t\t\t\t<span class=\"title\">\u00d6d\u0259ni\u015fsiz SSL Sertifikat<\/span>\n\t\t\t\t\t\t\t\t\t<\/li>\n\t\t\t\t\t\t\t<li class=\"\">\n\t\t\t\t\t\t\t\t\t\t\t\t\t\t\t\t\t\t<span class=\"icon ion-ios-checkmark-outline\"><\/span>\n\t\t\t\t\t\t\t\t\t\t\t\n\t\t\t\t\t\t\t\t\t\t\t<span class=\"title\">\u00d6d\u0259ni\u015fsiz da\u015f\u0131nma<\/span>\n\t\t\t\t\t\t\t\t\t<\/li>\n\t\t\t\t\t\t\t<li class=\"\">\n\t\t\t\t\t\t\t\t\t\t\t\t\t\t\t\t\t\t<span class=\"icon ion-ios-checkmark-outline\"><\/span>\n\t\t\t\t\t\t\t\t\t\t\t\n\t\t\t\t\t\t\t\t\t\t\t<span class=\"title\">Daimi texniki d\u0259st\u0259k<\/span>\n\t\t\t\t\t\t\t\t\t<\/li>\n\t\t\t\t\t\t\t<li class=\"\">\n\t\t\t\t\t\t\t\t\t\t\t\t\t\t\t\t\t\t<span class=\"icon ion-ios-checkmark-outline\"><\/span>\n\t\t\t\t\t\t\t\t\t\t\t\n\t\t\t\t\t\t\t\t\t\t\t<span class=\"title\">\u00d6m\u00fcr boyu y\u00fcks\u0259k s\u00fcr\u0259t z\u0259man\u0259ti<\/span>\n\t\t\t\t\t\t\t\t\t<\/li>\n\t\t\t\n\t\t<\/ul><!--.list-box-->\n\t\n\t\t\t<a href=\"https:\/\/ideart.az\/contact\/\" class=\"btn btn-outline\" target=\"_blank\">Sifari\u015f et\t\t\t\t\t<\/a>\n\t<\/div><\/div><\/div><\/div><div class=\"wpb_column vc_column_container vc_col-sm-4\"><div class=\"vc_column-inner\"><div class=\"wpb_wrapper\"><div class=\"norebro-pricing-table-sc pricing-table\"\n\tid=\"norebro-custom-69dffda5c236d\" \n\t \n\t>\n\n\t\t\t<h3 class=\"title\">\u0130dea<\/h3>\n\t\t\n\t\t\t<p class=\"subtitle pricing-subtitle small\">X\u0259b\u0259r portallar\u0131, blog v\u0259 ticar\u0259t saytlar\u0131 \u00fc\u00e7\u00fcn<\/p>\n\t\n\t<div class=\"price\">\n\t\t<h2 class=\"title\">\n\t\t\t\t\t\t\t<span class=\"icon\">\u20bc<\/span>\n\t\t\t\t\t\t150\t\t<\/h2>\n\n\t\t\t\t\t<br>\n\t\t\t<div class=\"time-interval uppercase\">\u0130llik<\/div>\n\t\t\n\t\t<p class=\"subtitle\"><\/p>\n\t<\/div><!--pricing-table-price-->\n\n\t\t\t<ul class=\"list-box border simple text-center\">\n\t\t\n\t\t\t\t\t\t\t<li class=\"\">\n\t\t\t\t\t\t\t\t\t\t\t\t\t\t\t\t\t\t<span class=\"icon ion-ios-checkmark-outline\"><\/span>\n\t\t\t\t\t\t\t\t\t\t\t\n\t\t\t\t\t\t\t\t\t\t\t<span class=\"title\">50 GB Disk h\u0259cmi<\/span>\n\t\t\t\t\t\t\t\t\t<\/li>\n\t\t\t\t\t\t\t<li class=\"\">\n\t\t\t\t\t\t\t\t\t\t\t\t\t\t\t\t\t\t<span class=\"icon ion-ios-checkmark-outline\"><\/span>\n\t\t\t\t\t\t\t\t\t\t\t\n\t\t\t\t\t\t\t\t\t\t\t<span class=\"title\">Limitsiz Trafik<\/span>\n\t\t\t\t\t\t\t\t\t<\/li>\n\t\t\t\t\t\t\t<li class=\"\">\n\t\t\t\t\t\t\t\t\t\t\t\t\t\t\t\t\t\t<span class=\"icon ion-ios-checkmark-outline\"><\/span>\n\t\t\t\t\t\t\t\t\t\t\t\n\t\t\t\t\t\t\t\t\t\t\t<span class=\"title\">Limitsiz E-po\u00e7t<\/span>\n\t\t\t\t\t\t\t\t\t<\/li>\n\t\t\t\t\t\t\t<li class=\"\">\n\t\t\t\t\t\t\t\t\t\t\t\t\t\t\t\t\t\t<span class=\"icon ion-ios-checkmark-outline\"><\/span>\n\t\t\t\t\t\t\t\t\t\t\t\n\t\t\t\t\t\t\t\t\t\t\t<span class=\"title\">\u00d6d\u0259ni\u015fsiz SSL Sertifikat<\/span>\n\t\t\t\t\t\t\t\t\t<\/li>\n\t\t\t\t\t\t\t<li class=\"\">\n\t\t\t\t\t\t\t\t\t\t\t\t\t\t\t\t\t\t<span class=\"icon ion-ios-checkmark-outline\"><\/span>\n\t\t\t\t\t\t\t\t\t\t\t\n\t\t\t\t\t\t\t\t\t\t\t<span class=\"title\">\u00d6d\u0259ni\u015fsiz da\u015f\u0131nma<\/span>\n\t\t\t\t\t\t\t\t\t<\/li>\n\t\t\t\t\t\t\t<li class=\"\">\n\t\t\t\t\t\t\t\t\t\t\t\t\t\t\t\t\t\t<span class=\"icon ion-ios-checkmark-outline\"><\/span>\n\t\t\t\t\t\t\t\t\t\t\t\n\t\t\t\t\t\t\t\t\t\t\t<span class=\"title\">Daimi texniki d\u0259st\u0259k<\/span>\n\t\t\t\t\t\t\t\t\t<\/li>\n\t\t\t\t\t\t\t<li class=\"\">\n\t\t\t\t\t\t\t\t\t\t\t\t\t\t\t\t\t\t<span class=\"icon ion-ios-checkmark-outline\"><\/span>\n\t\t\t\t\t\t\t\t\t\t\t\n\t\t\t\t\t\t\t\t\t\t\t<span class=\"title\">\u00d6m\u00fcr boyu y\u00fcks\u0259k s\u00fcr\u0259t z\u0259man\u0259ti<\/span>\n\t\t\t\t\t\t\t\t\t<\/li>\n\t\t\t\n\t\t<\/ul><!--.list-box-->\n\t\n\t\t\t<a href=\"https:\/\/ideart.az\/contact\/\" class=\"btn btn-outline\" target=\"_blank\">Sifari\u015f et\t\t\t\t\t<\/a>\n\t<\/div><\/div><\/div><\/div><div class=\"wpb_column vc_column_container vc_col-sm-4\"><div class=\"vc_column-inner\"><div class=\"wpb_wrapper\"><div class=\"norebro-pricing-table-sc pricing-table\"\n\tid=\"norebro-custom-69dffda5c2562\" \n\t \n\t>\n\n\t\t\t<h3 class=\"title\">Big Business<\/h3>\n\t\t\n\t\t\t<p class=\"subtitle pricing-subtitle small\">Y\u00fcks\u0259k h\u0259cmli saytlar \u00fc\u00e7\u00fcn<\/p>\n\t\n\t<div class=\"price\">\n\t\t<h2 class=\"title\">\n\t\t\t\t\t\t\t\t<\/h2>\n\n\t\t\t\t\t<br>\n\t\t\t<div class=\"time-interval uppercase\">\u0130st\u0259kl\u0259riniz\u0259 uy\u011fun qiym\u0259t t\u0259yini<\/div>\n\t\t\n\t\t<p class=\"subtitle\"><\/p>\n\t<\/div><!--pricing-table-price-->\n\n\t\t\t<ul class=\"list-box border simple text-center\">\n\t\t\n\t\t\t\t\t\t\t<li class=\"\">\n\t\t\t\t\t\t\t\t\t\t\t\t\t\t\t\t\t\t<span class=\"icon ion-ios-checkmark-outline\"><\/span>\n\t\t\t\t\t\t\t\t\t\t\t\n\t\t\t\t\t\t\t\t\t\t\t<span class=\"title\">\u015e\u0259xsi VPS<\/span>\n\t\t\t\t\t\t\t\t\t<\/li>\n\t\t\t\t\t\t\t<li class=\"\">\n\t\t\t\t\t\t\t\t\t\t\t\t\t\t\t\t\t\t<span class=\"icon ion-ios-checkmark-outline\"><\/span>\n\t\t\t\t\t\t\t\t\t\t\t\n\t\t\t\t\t\t\t\t\t\t\t<span class=\"title\">\u0130st\u0259y\u0259 uy\u011fun<\/span>\n\t\t\t\t\t\t\t\t\t<\/li>\n\t\t\t\t\t\t\t<li class=\"\">\n\t\t\t\t\t\t\t\t\t\t\t\t\t\t\t\t\t\t<span class=\"icon ion-ios-checkmark-outline\"><\/span>\n\t\t\t\t\t\t\t\t\t\t\t\n\t\t\t\t\t\t\t\t\t\t\t<span class=\"title\">Limitsiz Trafik<\/span>\n\t\t\t\t\t\t\t\t\t<\/li>\n\t\t\t\t\t\t\t<li class=\"\">\n\t\t\t\t\t\t\t\t\t\t\t\t\t\t\t\t\t\t<span class=\"icon ion-ios-checkmark-outline\"><\/span>\n\t\t\t\t\t\t\t\t\t\t\t\n\t\t\t\t\t\t\t\t\t\t\t<span class=\"title\">Limitsiz E-po\u00e7t<\/span>\n\t\t\t\t\t\t\t\t\t<\/li>\n\t\t\t\t\t\t\t<li class=\"\">\n\t\t\t\t\t\t\t\t\t\t\t\t\t\t\t\t\t\t<span class=\"icon ion-ios-checkmark-outline\"><\/span>\n\t\t\t\t\t\t\t\t\t\t\t\n\t\t\t\t\t\t\t\t\t\t\t<span class=\"title\">\u00d6d\u0259ni\u015fsiz SSL Sertifikat<\/span>\n\t\t\t\t\t\t\t\t\t<\/li>\n\t\t\t\t\t\t\t<li class=\"\">\n\t\t\t\t\t\t\t\t\t\t\t\t\t\t\t\t\t\t<span class=\"icon ion-ios-checkmark-outline\"><\/span>\n\t\t\t\t\t\t\t\t\t\t\t\n\t\t\t\t\t\t\t\t\t\t\t<span class=\"title\">\u00d6d\u0259ni\u015fsiz da\u015f\u0131nma<\/span>\n\t\t\t\t\t\t\t\t\t<\/li>\n\t\t\t\t\t\t\t<li class=\"\">\n\t\t\t\t\t\t\t\t\t\t\t\t\t\t\t\t\t\t<span class=\"icon ion-ios-checkmark-outline\"><\/span>\n\t\t\t\t\t\t\t\t\t\t\t\n\t\t\t\t\t\t\t\t\t\t\t<span class=\"title\">Daimi texniki d\u0259st\u0259k<\/span>\n\t\t\t\t\t\t\t\t\t<\/li>\n\t\t\t\t\t\t\t<li class=\"\">\n\t\t\t\t\t\t\t\t\t\t\t\t\t\t\t\t\t\t<span class=\"icon ion-ios-checkmark-outline\"><\/span>\n\t\t\t\t\t\t\t\t\t\t\t\n\t\t\t\t\t\t\t\t\t\t\t<span class=\"title\">\u00d6m\u00fcr boyu y\u00fcks\u0259k s\u00fcr\u0259t z\u0259man\u0259ti<\/span>\n\t\t\t\t\t\t\t\t\t<\/li>\n\t\t\t\n\t\t<\/ul><!--.list-box-->\n\t\n\t\t\t<a href=\"https:\/\/ideart.az\/contact\/\" class=\"btn btn-outline\" target=\"_blank\">M\u00fcraci\u0259t et\t\t\t\t\t<\/a>\n\t<\/div><\/div><\/div><\/div><\/div>\n","protected":false},"excerpt":{"rendered":"Veb saytlar\u0131n y\u0131\u011f\u0131lmas\u0131 v\u0259 xidm\u0259tl\u0259r Veb sayt, g\u0259l\u0259c\u0259k t\u0259r\u0259fda\u015flar v\u0259 potensial m\u00fc\u015ft\u0259ril\u0259r\u0259 biznesiniz bar\u0259d\u0259...","protected":false},"author":1,"featured_media":0,"parent":0,"menu_order":0,"comment_status":"closed","ping_status":"closed","template":"","meta":[],"yoast_head":"<!-- This site is optimized with the Yoast SEO Premium plugin v16.7 (Yoast SEO v16.8) - https:\/\/yoast.com\/wordpress\/plugins\/seo\/ -->\n<title>Veb saytlar\u0131n y\u0131\u011f\u0131lmas\u0131 | Ideart Reklam Agentliyi<\/title>\n<meta name=\"robots\" content=\"index, follow, max-snippet:-1, max-image-preview:large, max-video-preview:-1\" \/>\n<link rel=\"canonical\" href=\"https:\/\/ideart.az\/az\/veb-saytlar\/\" \/>\n<meta property=\"og:locale\" content=\"az_AZ\" \/>\n<meta property=\"og:type\" content=\"article\" \/>\n<meta property=\"og:title\" content=\"Veb saytlar\u0131n y\u0131\u011f\u0131lmas\u0131\" \/>\n<meta property=\"og:url\" content=\"https:\/\/ideart.az\/az\/veb-saytlar\/\" \/>\n<meta property=\"og:site_name\" content=\"Ideart Reklam Agentliyi\" \/>\n<meta property=\"article:publisher\" content=\"https:\/\/www.facebook.com\/ideartagency\" \/>\n<meta property=\"article:modified_time\" content=\"2024-09-17T01:09:25+00:00\" \/>\n<meta name=\"twitter:card\" content=\"summary_large_image\" \/>\n<meta name=\"twitter:label1\" content=\"Est. reading time\" \/>\n\t<meta name=\"twitter:data1\" content=\"2 minutes\" \/>\n<script type=\"application\/ld+json\" class=\"yoast-schema-graph\">{\"@context\":\"https:\/\/schema.org\",\"@graph\":[{\"@type\":\"WebSite\",\"@id\":\"https:\/\/ideart.az\/az\/#website\",\"url\":\"https:\/\/ideart.az\/az\/\",\"name\":\"Ideart Reklam Agentliyi\",\"description\":\"Biz i\\u015fimizi bilirik!\",\"potentialAction\":[{\"@type\":\"SearchAction\",\"target\":{\"@type\":\"EntryPoint\",\"urlTemplate\":\"https:\/\/ideart.az\/az\/?s={search_term_string}\"},\"query-input\":\"required name=search_term_string\"}],\"inLanguage\":\"az\"},{\"@type\":\"WebPage\",\"@id\":\"https:\/\/ideart.az\/az\/veb-saytlar\/#webpage\",\"url\":\"https:\/\/ideart.az\/az\/veb-saytlar\/\",\"name\":\"Veb saytlar\\u0131n y\\u0131\\u011f\\u0131lmas\\u0131 | Ideart Reklam Agentliyi\",\"isPartOf\":{\"@id\":\"https:\/\/ideart.az\/az\/#website\"},\"datePublished\":\"2021-06-28T23:10:05+00:00\",\"dateModified\":\"2024-09-17T01:09:25+00:00\",\"breadcrumb\":{\"@id\":\"https:\/\/ideart.az\/az\/veb-saytlar\/#breadcrumb\"},\"inLanguage\":\"az\",\"potentialAction\":[{\"@type\":\"ReadAction\",\"target\":[\"https:\/\/ideart.az\/az\/veb-saytlar\/\"]}]},{\"@type\":\"BreadcrumbList\",\"@id\":\"https:\/\/ideart.az\/az\/veb-saytlar\/#breadcrumb\",\"itemListElement\":[{\"@type\":\"ListItem\",\"position\":1,\"name\":\"Home\",\"item\":\"https:\/\/ideart.az\/az\/\"},{\"@type\":\"ListItem\",\"position\":2,\"name\":\"Veb saytlar\\u0131n y\\u0131\\u011f\\u0131lmas\\u0131\"}]}]}<\/script>\n<!-- \/ Yoast SEO Premium plugin. -->","yoast_head_json":{"title":"Veb saytlar\u0131n y\u0131\u011f\u0131lmas\u0131 | Ideart Reklam Agentliyi","robots":{"index":"index","follow":"follow","max-snippet":"max-snippet:-1","max-image-preview":"max-image-preview:large","max-video-preview":"max-video-preview:-1"},"canonical":"https:\/\/ideart.az\/az\/veb-saytlar\/","og_locale":"az_AZ","og_type":"article","og_title":"Veb saytlar\u0131n y\u0131\u011f\u0131lmas\u0131","og_url":"https:\/\/ideart.az\/az\/veb-saytlar\/","og_site_name":"Ideart Reklam Agentliyi","article_publisher":"https:\/\/www.facebook.com\/ideartagency","article_modified_time":"2024-09-17T01:09:25+00:00","twitter_card":"summary_large_image","twitter_misc":{"Est. reading time":"2 minutes"},"schema":{"@context":"https:\/\/schema.org","@graph":[{"@type":"WebSite","@id":"https:\/\/ideart.az\/az\/#website","url":"https:\/\/ideart.az\/az\/","name":"Ideart Reklam Agentliyi","description":"Biz i\u015fimizi bilirik!","potentialAction":[{"@type":"SearchAction","target":{"@type":"EntryPoint","urlTemplate":"https:\/\/ideart.az\/az\/?s={search_term_string}"},"query-input":"required name=search_term_string"}],"inLanguage":"az"},{"@type":"WebPage","@id":"https:\/\/ideart.az\/az\/veb-saytlar\/#webpage","url":"https:\/\/ideart.az\/az\/veb-saytlar\/","name":"Veb saytlar\u0131n y\u0131\u011f\u0131lmas\u0131 | Ideart Reklam Agentliyi","isPartOf":{"@id":"https:\/\/ideart.az\/az\/#website"},"datePublished":"2021-06-28T23:10:05+00:00","dateModified":"2024-09-17T01:09:25+00:00","breadcrumb":{"@id":"https:\/\/ideart.az\/az\/veb-saytlar\/#breadcrumb"},"inLanguage":"az","potentialAction":[{"@type":"ReadAction","target":["https:\/\/ideart.az\/az\/veb-saytlar\/"]}]},{"@type":"BreadcrumbList","@id":"https:\/\/ideart.az\/az\/veb-saytlar\/#breadcrumb","itemListElement":[{"@type":"ListItem","position":1,"name":"Home","item":"https:\/\/ideart.az\/az\/"},{"@type":"ListItem","position":2,"name":"Veb saytlar\u0131n y\u0131\u011f\u0131lmas\u0131"}]}]}},"_links":{"self":[{"href":"https:\/\/ideart.az\/az\/wp-json\/wp\/v2\/pages\/5656390"}],"collection":[{"href":"https:\/\/ideart.az\/az\/wp-json\/wp\/v2\/pages"}],"about":[{"href":"https:\/\/ideart.az\/az\/wp-json\/wp\/v2\/types\/page"}],"author":[{"embeddable":true,"href":"https:\/\/ideart.az\/az\/wp-json\/wp\/v2\/users\/1"}],"replies":[{"embeddable":true,"href":"https:\/\/ideart.az\/az\/wp-json\/wp\/v2\/comments?post=5656390"}],"version-history":[{"count":0,"href":"https:\/\/ideart.az\/az\/wp-json\/wp\/v2\/pages\/5656390\/revisions"}],"wp:attachment":[{"href":"https:\/\/ideart.az\/az\/wp-json\/wp\/v2\/media?parent=5656390"}],"curies":[{"name":"wp","href":"https:\/\/api.w.org\/{rel}","templated":true}]}}