{"id":5656369,"date":"2021-06-27T02:01:35","date_gmt":"2021-06-27T02:01:35","guid":{"rendered":"https:\/\/ideart.az\/?page_id=5656369"},"modified":"2024-09-17T01:03:17","modified_gmt":"2024-09-17T01:03:17","slug":"promo","status":"publish","type":"page","link":"https:\/\/ideart.az\/az\/promo\/","title":{"rendered":"Promo m\u0259hsullar"},"content":{"rendered":"<div data-vc-full-width=\"true\" data-vc-full-width-init=\"false\" class=\"vc_row wpb_row vc_row-fluid vc_custom_1726534822868\"><div class=\"vc-bg-lines dark\"><div><\/div><div><\/div><div><\/div><div><\/div><div><\/div><div><\/div><div><\/div><\/div><div class=\"vc-bg-side-text left\" id=\"norebro-custom-69e00629377f8\">Promo m\u0259hsullar<\/div><div class=\"wpb_column vc_column_container vc_col-sm-12\"><div class=\"vc_column-inner\"><div class=\"wpb_wrapper\"><div class=\"vc_empty_space\"   style=\"height: 30px\"><span class=\"vc_empty_space_inner\"><\/span><\/div><div class=\"norebro-text-sc \" \n\tid=\"norebro-custom-69e0062937d41\" \n\t \n\t>\n\n\t<p>Promo m\u0259hsullar, \u015firk\u0259tinizin v\u0259 ya t\u0259\u015fkilat\u0131n\u0131z\u0131n imicini m\u00f6hk\u0259ml\u0259ndirm\u0259k v\u0259 onu daha \u00e7ox insan\u0131n yadda\u015f\u0131nda saxlamaq \u00fc\u00e7\u00fcn effektiv bir yoldur. Bu m\u0259hsullar g\u00fcnd\u0259lik h\u0259yatda istifad\u0259 edildiyind\u0259n, markan\u0131z\u0131n loqosu v\u0259 mesaj\u0131 davaml\u0131 olaraq insanlar\u0131n g\u00f6zl\u0259ri \u00f6n\u00fcnd\u0259 olur. M\u0259s\u0259l\u0259n, \u00fcz\u0259rind\u0259 \u015firk\u0259tinizin ad\u0131 yaz\u0131lm\u0131\u015f q\u0259l\u0259m v\u0259 ya masa\u00fcst\u00fc t\u0259qvim i\u015f masas\u0131nda istifad\u0259 edildikd\u0259, h\u0259min insan h\u0259r g\u00fcn sizin brendinizl\u0259 t\u0259masda olur. Bu, markan\u0131z\u0131n potensial m\u00fc\u015ft\u0259ril\u0259r t\u0259r\u0259find\u0259n unudulmamas\u0131na v\u0259 onlara daim xat\u0131rlanmas\u0131na k\u00f6m\u0259k edir.<\/p>\n<p>\u0130deart reklam agentliyinin promo m\u0259hsullar haz\u0131rlama xidm\u0259tl\u0259ri, x\u00fcsusi aksiyalar, t\u0259dbirl\u0259r v\u0259 ya s\u0259rgil\u0259r \u00fc\u00e7\u00fcn d\u0259 ideal bir h\u0259ll yoludur. Promo m\u0259hsullar ad\u0259t\u0259n bu kimi t\u0259dbirl\u0259rd\u0259 i\u015ftirak ed\u0259n insanlara paylan\u0131r v\u0259 bu yolla h\u0259d\u0259f k\u00fctl\u0259niz aras\u0131nda daha \u00e7ox tan\u0131nma imkan\u0131 qazan\u0131rs\u0131n\u0131z. M\u0259s\u0259l\u0259n, s\u0259rgil\u0259rd\u0259 paylan\u0131lan brendli fincanlar v\u0259 ya a\u00e7arl\u0131qlar insanlara faydal\u0131 bir h\u0259diyy\u0259 olaraq t\u0259qdim edilir, eyni zamanda bu m\u0259hsullar uzun m\u00fcdd\u0259t \u0259rzind\u0259 sizin brendinizi reklam edir. Bel\u0259likl\u0259, promo m\u0259hsullar potensial m\u00fc\u015ft\u0259ril\u0259rl\u0259 ilk \u0259laq\u0259nin qurulmas\u0131nda v\u0259 onlar\u0131n sizin \u015firk\u0259t\u0259 maraq g\u00f6st\u0259rm\u0259sind\u0259 \u00f6n\u0259mli rol oynay\u0131r.<\/p>\n<p>Promo m\u0259hsullar yaln\u0131z q\u0131sa m\u00fcdd\u0259tli tan\u0131t\u0131m vasit\u0259si kimi deyil, eyni zamanda uzunm\u00fcdd\u0259tli marketinq strategiyas\u0131n\u0131n bir hiss\u0259si kimi d\u0259 n\u0259z\u0259rd\u0259n ke\u00e7iril\u0259 bil\u0259r. Bu m\u0259hsullar sizin brendinizin davaml\u0131 olaraq insanlarla \u0259laq\u0259d\u0259 olmas\u0131n\u0131 t\u0259min edir. \u018fg\u0259r promo m\u0259hsullar keyfiyy\u0259tli v\u0259 faydal\u0131d\u0131rsa, insanlar onlar\u0131 uzun m\u00fcdd\u0259t istifad\u0259 edirl\u0259r v\u0259 bu da sizin brendinizin onlara daim xat\u0131rlad\u0131lmas\u0131na s\u0259b\u0259b olur. M\u0259s\u0259l\u0259n, q\u0259l\u0259m v\u0259 ya fincan kimi g\u00fcnd\u0259lik istifad\u0259 edil\u0259n m\u0259hsullar m\u00fc\u015ft\u0259ril\u0259rinizl\u0259 uzunm\u00fcdd\u0259tli \u0259laq\u0259 yaratmaq \u00fc\u00e7\u00fcn m\u00fck\u0259mm\u0259l bir vasit\u0259dir.<\/p>\n<p>Promo m\u0259hsullar\u0131n effektivliyini art\u0131rmaq \u00fc\u00e7\u00fcn onlar\u0131 d\u00fczg\u00fcn h\u0259d\u0259f k\u00fctl\u0259sin\u0259 \u00e7atd\u0131rmaq vacibdir. \u0130deart reklam agentliyi olaraq, biz promo m\u0259hsullar\u0131n dizayn\u0131ndan onlar\u0131n paylan\u0131lmas\u0131na q\u0259d\u0259r b\u00fct\u00fcn m\u0259rh\u0259l\u0259l\u0259rd\u0259 siz\u0259 d\u0259st\u0259k veririk. H\u0259d\u0259f auditoriyan\u0131z\u0131 d\u0259qiq m\u00fc\u0259yy\u0259n ed\u0259r\u0259k, bu m\u0259hsullar\u0131n onlara nec\u0259 \u00e7atd\u0131r\u0131lmal\u0131 oldu\u011funu planla\u015fd\u0131r\u0131r\u0131q. Promo m\u0259hsulunuz d\u00fczg\u00fcn insana \u00e7atd\u0131qda, bu yaln\u0131z q\u0131sa m\u00fcdd\u0259tlik maraq yaratmaqla qalm\u0131r, h\u0259m d\u0259 potensial m\u00fc\u015ft\u0259ril\u0259rin sizin \u015firk\u0259t\u0259 daha ciddi yana\u015fmas\u0131na s\u0259b\u0259b olur. M\u0259s\u0259l\u0259n, biznes t\u0259dbirl\u0259rind\u0259 y\u00fcks\u0259k s\u0259viyy\u0259li promo m\u0259hsullar t\u0259qdim etm\u0259k, sizin \u015firk\u0259tinizin pe\u015f\u0259karl\u0131\u011f\u0131n\u0131 v\u0259 keyfiyy\u0259t\u0259 verdiyiniz \u0259h\u0259miyy\u0259ti n\u00fcmayi\u015f etdirir.<\/p>\n<p>Bununla yana\u015f\u0131, promo m\u0259hsullar \u015firk\u0259tinizin m\u00f6vcud m\u00fc\u015ft\u0259ril\u0259ri v\u0259 t\u0259r\u0259fda\u015flar\u0131 il\u0259 \u0259laq\u0259l\u0259rin m\u00f6hk\u0259ml\u0259ndirilm\u0259si \u00fc\u00e7\u00fcn d\u0259 t\u0259sirli bir vasit\u0259dir. \u015eirk\u0259tinizin ad\u0131n\u0131 v\u0259 loqosunu da\u015f\u0131yan promo m\u0259hsullar, bu m\u00fc\u015ft\u0259ril\u0259r\u0259 d\u0259y\u0259r verdiyinizi v\u0259 onlar\u0131 \u00f6n\u0259ms\u0259diyinizi g\u00f6st\u0259rir. Bu da g\u0259l\u0259c\u0259kd\u0259 davaml\u0131 \u0259m\u0259kda\u015fl\u0131q \u00fc\u00e7\u00fcn m\u00f6hk\u0259m t\u0259m\u0259l yarad\u0131r. Promo m\u0259hsullar h\u0259m\u00e7inin m\u00fc\u015ft\u0259ril\u0259rl\u0259 \u0259laq\u0259l\u0259ri yenid\u0259n qurmaq v\u0259 m\u00f6vcud \u0259m\u0259kda\u015fl\u0131qlar\u0131 daha da inki\u015faf etdirm\u0259k \u00fc\u00e7\u00fcn istifad\u0259 edil\u0259 bil\u0259r. M\u0259s\u0259l\u0259n, uzun m\u00fcdd\u0259tdir \u0259m\u0259kda\u015fl\u0131q etdiyiniz bir m\u00fc\u015ft\u0259riy\u0259 brendli promo m\u0259hsul h\u0259diyy\u0259 etm\u0259k, o m\u00fc\u015ft\u0259rinin sizin \u015firk\u0259tiniz haqq\u0131nda m\u00fcsb\u0259t d\u00fc\u015f\u00fcnc\u0259l\u0259rinin davam etm\u0259sin\u0259 v\u0259 daha uzunm\u00fcdd\u0259tli \u0259m\u0259kda\u015fl\u0131\u011fa z\u0259min yaratmas\u0131na k\u00f6m\u0259k ed\u0259 bil\u0259r.<\/p>\n<p>\u0130deart reklam agentliyi promo m\u0259hsullar\u0131n haz\u0131rlanmas\u0131nda yaln\u0131z estetik g\u00f6z\u0259lliy\u0259 deyil, h\u0259m d\u0259 m\u0259hsulun funksionall\u0131\u011f\u0131na v\u0259 keyfiyy\u0259tin\u0259 x\u00fcsusi diqq\u0259t yetirir. Bizim komanda, promo m\u0259hsullar\u0131n \u015firk\u0259tinizin imicin\u0259 uy\u011fun olmas\u0131 v\u0259 h\u0259d\u0259f k\u00fctl\u0259niz t\u0259r\u0259find\u0259n d\u0259y\u0259rli q\u0259bul edilm\u0259sini t\u0259min edir. Bunun \u00fc\u00e7\u00fcn m\u0259hsullar\u0131n dizayn\u0131ndan ba\u015flayaraq, onlar\u0131n material\u0131na v\u0259 funksional istifad\u0259sin\u0259 q\u0259d\u0259r h\u0259r bir detal diqq\u0259tl\u0259 planla\u015fd\u0131r\u0131l\u0131r.<\/p>\n\t\n<\/div><div class=\"vc_empty_space\"   style=\"height: 90px\"><span class=\"vc_empty_space_inner\"><\/span><\/div><\/div><\/div><\/div><div class=\"wpb_column vc_column_container vc_col-sm-6\"><div class=\"vc_column-inner\"><div class=\"wpb_wrapper\"><div class=\"vc_empty_space\"   style=\"height: 20px\"><span class=\"vc_empty_space_inner\"><\/span><\/div><div class=\"norebro-icon-box-sc icon-box box-left\" \n\tid=\"norebro-custom-69e0062937fc9\" \n\t \n\t>\n\n\t<div class=\"icon-wrap\">\n\t\t\t\t\t<span class=\"ion-android-arrow-dropright-circle\"><\/span>\n\t\t\t<\/div>\n\n\t<div class=\"content-wrap\">\n\n\t\t<div class=\"content-center with-full\">\n\t\t\t<div class=\"wrap\">\n\t\t\t\t<h3>Masa\u00fcst\u00fc m\u0259hsullar<\/h3>\n\t\t\t\t\t\t\t<\/div>\n\t\t<\/div>\n\t\t\n\t\t\t<\/div>\n\t\t\n\t\t<p class=\"description content-full\">\n\t\t\t\t\t<\/p>\n\n\t\t\n\t\t\n<\/div><div class=\"vc_empty_space\"   style=\"height: 20px\"><span class=\"vc_empty_space_inner\"><\/span><\/div><div class=\"norebro-icon-box-sc icon-box box-left\" \n\tid=\"norebro-custom-69e00629380ea\" \n\t \n\t>\n\n\t<div class=\"icon-wrap\">\n\t\t\t\t\t<span class=\"ion-android-arrow-dropright-circle\"><\/span>\n\t\t\t<\/div>\n\n\t<div class=\"content-wrap\">\n\n\t\t<div class=\"content-center with-full\">\n\t\t\t<div class=\"wrap\">\n\t\t\t\t<h3>Texnoloji m\u0259hsullar<\/h3>\n\t\t\t\t\t\t\t<\/div>\n\t\t<\/div>\n\t\t\n\t\t\t<\/div>\n\t\t\n\t\t<p class=\"description content-full\">\n\t\t\t\t\t<\/p>\n\n\t\t\n\t\t\n<\/div><div class=\"vc_empty_space\"   style=\"height: 20px\"><span class=\"vc_empty_space_inner\"><\/span><\/div><div class=\"norebro-icon-box-sc icon-box box-left\" \n\tid=\"norebro-custom-69e00629381d9\" \n\t \n\t>\n\n\t<div class=\"icon-wrap\">\n\t\t\t\t\t<span class=\"ion-android-arrow-dropright-circle\"><\/span>\n\t\t\t<\/div>\n\n\t<div class=\"content-wrap\">\n\n\t\t<div class=\"content-center with-full\">\n\t\t\t<div class=\"wrap\">\n\t\t\t\t<h3>Tekstil m\u0259hsullar\u0131<\/h3>\n\t\t\t\t\t\t\t<\/div>\n\t\t<\/div>\n\t\t\n\t\t\t<\/div>\n\t\t\n\t\t<p class=\"description content-full\">\n\t\t\t\t\t<\/p>\n\n\t\t\n\t\t\n<\/div><div class=\"vc_empty_space\"   style=\"height: 20px\"><span class=\"vc_empty_space_inner\"><\/span><\/div><div class=\"norebro-icon-box-sc icon-box box-left\" \n\tid=\"norebro-custom-69e00629382db\" \n\t \n\t>\n\n\t<div class=\"icon-wrap\">\n\t\t\t\t\t<span class=\"ion-android-arrow-dropright-circle\"><\/span>\n\t\t\t<\/div>\n\n\t<div class=\"content-wrap\">\n\n\t\t<div class=\"content-center with-full\">\n\t\t\t<div class=\"wrap\">\n\t\t\t\t<h3>Medalyonlar<\/h3>\n\t\t\t\t\t\t\t<\/div>\n\t\t<\/div>\n\t\t\n\t\t\t<\/div>\n\t\t\n\t\t<p class=\"description content-full\">\n\t\t\t\t\t<\/p>\n\n\t\t\n\t\t\n<\/div><div class=\"vc_empty_space\"   style=\"height: 20px\"><span class=\"vc_empty_space_inner\"><\/span><\/div><\/div><\/div><\/div><div class=\"wpb_column vc_column_container vc_col-sm-6\"><div class=\"vc_column-inner\"><div class=\"wpb_wrapper\"><div class=\"vc_empty_space\"   style=\"height: 20px\"><span class=\"vc_empty_space_inner\"><\/span><\/div><div class=\"norebro-icon-box-sc icon-box box-left\" \n\tid=\"norebro-custom-69e0062938531\" \n\t \n\t>\n\n\t<div class=\"icon-wrap\">\n\t\t\t\t\t<span class=\"ion-android-arrow-dropright-circle\"><\/span>\n\t\t\t<\/div>\n\n\t<div class=\"content-wrap\">\n\n\t\t<div class=\"content-center with-full\">\n\t\t\t<div class=\"wrap\">\n\t\t\t\t<h3>\u0130\u015f g\u00fcnd\u0259likl\u0259ri<\/h3>\n\t\t\t\t\t\t\t<\/div>\n\t\t<\/div>\n\t\t\n\t\t\t<\/div>\n\t\t\n\t\t<p class=\"description content-full\">\n\t\t\t\t\t<\/p>\n\n\t\t\n\t\t\n<\/div><div class=\"vc_empty_space\"   style=\"height: 20px\"><span class=\"vc_empty_space_inner\"><\/span><\/div><div class=\"norebro-icon-box-sc icon-box box-left\" \n\tid=\"norebro-custom-69e0062938634\" \n\t \n\t>\n\n\t<div class=\"icon-wrap\">\n\t\t\t\t\t<span class=\"ion-android-arrow-dropright-circle\"><\/span>\n\t\t\t<\/div>\n\n\t<div class=\"content-wrap\">\n\n\t\t<div class=\"content-center with-full\">\n\t\t\t<div class=\"wrap\">\n\t\t\t\t<h3>Kristal v\u0259 plaketl\u0259r<\/h3>\n\t\t\t\t\t\t\t<\/div>\n\t\t<\/div>\n\t\t\n\t\t\t<\/div>\n\t\t\n\t\t<p class=\"description content-full\">\n\t\t\t\t\t<\/p>\n\n\t\t\n\t\t\n<\/div><div class=\"vc_empty_space\"   style=\"height: 20px\"><span class=\"vc_empty_space_inner\"><\/span><\/div><div class=\"norebro-icon-box-sc icon-box box-left\" \n\tid=\"norebro-custom-69e006293871c\" \n\t \n\t>\n\n\t<div class=\"icon-wrap\">\n\t\t\t\t\t<span class=\"ion-android-arrow-dropright-circle\"><\/span>\n\t\t\t<\/div>\n\n\t<div class=\"content-wrap\">\n\n\t\t<div class=\"content-center with-full\">\n\t\t\t<div class=\"wrap\">\n\t\t\t\t<h3>\u00d6z\u0259l dizaynl\u0131 \u0259\u015fyalar<\/h3>\n\t\t\t\t\t\t\t<\/div>\n\t\t<\/div>\n\t\t\n\t\t\t<\/div>\n\t\t\n\t\t<p class=\"description content-full\">\n\t\t\t\t\t<\/p>\n\n\t\t\n\t\t\n<\/div><div class=\"vc_empty_space\"   style=\"height: 20px\"><span class=\"vc_empty_space_inner\"><\/span><\/div><div class=\"norebro-icon-box-sc icon-box box-left\" \n\tid=\"norebro-custom-69e00629387ff\" \n\t \n\t>\n\n\t<div class=\"icon-wrap\">\n\t\t\t\t\t<span class=\"ion-android-arrow-dropright-circle\"><\/span>\n\t\t\t<\/div>\n\n\t<div class=\"content-wrap\">\n\n\t\t<div class=\"content-center with-full\">\n\t\t\t<div class=\"wrap\">\n\t\t\t\t<h3>M\u00fckafatlar<\/h3>\n\t\t\t\t\t\t\t<\/div>\n\t\t<\/div>\n\t\t\n\t\t\t<\/div>\n\t\t\n\t\t<p class=\"description content-full\">\n\t\t\t\t\t<\/p>\n\n\t\t\n\t\t\n<\/div><div class=\"vc_empty_space\"   style=\"height: 20px\"><span class=\"vc_empty_space_inner\"><\/span><\/div><\/div><\/div><\/div><div class=\"wpb_column vc_column_container vc_col-sm-12\"><div class=\"vc_column-inner\"><div class=\"wpb_wrapper\"><div class=\"vc_empty_space\"   style=\"height: 120px\"><span class=\"vc_empty_space_inner\"><\/span><\/div><div class=\"vc_row wpb_row vc_inner vc_row-fluid\"><div class=\"wpb_column vc_column_container vc_col-sm-6\"><div class=\"vc_column-inner\"><div class=\"wpb_wrapper\"><div class=\"norebro-heading-sc heading text-left\"\n\tid=\"norebro-custom-69e0062938d22\" \n\t \n\t>\n\t\n\t\n\t\n\t<h3 class=\"title\">\n\t\tKataloqlar\t<\/h3>\n\n\t\n\t\t\t<p class=\"subtitle\">\n\t\t\t\t\t<\/p>\n\t\t\n<\/div><div class=\"vc_empty_space\"   style=\"height: 32px\"><span class=\"vc_empty_space_inner\"><\/span><\/div><div class=\"norebro-button-sc btn-wrap text-left\" \n\tid=\"norebro-custom-69e0062938e62\"\n\t data-aos=\"zoom-in\" \n\t>\n\n\t<a href=\"https:\/\/ideart.az\/wp-content\/uploads\/2021\/06\/PL-Catalogue.pdf\" target=\"_blank\" \n\t\tclass=\"btn \">\n\n\t\t\n\t\t<span class=\"text\">\n\t\t\tKataloq - 1\t\t<\/span>\n\n\t\t\n\t\t\t<\/a>\n\n<\/div><div class=\"vc_empty_space\"   style=\"height: 32px\"><span class=\"vc_empty_space_inner\"><\/span><\/div><div class=\"norebro-button-sc btn-wrap text-left\" \n\tid=\"norebro-custom-69e0062938f58\"\n\t data-aos=\"zoom-in\" \n\t>\n\n\t<a href=\"https:\/\/ideart.az\/wp-content\/uploads\/2021\/06\/2021-Katalog-Low-85-MB.pdf\" target=\"_blank\" \n\t\tclass=\"btn \">\n\n\t\t\n\t\t<span class=\"text\">\n\t\t\tKataloq - 2\t\t<\/span>\n\n\t\t\n\t\t\t<\/a>\n\n<\/div><div class=\"vc_empty_space\"   style=\"height: 32px\"><span class=\"vc_empty_space_inner\"><\/span><\/div><\/div><\/div><\/div><div class=\"wpb_column vc_column_container vc_col-sm-6\"><div class=\"vc_column-inner\"><div class=\"wpb_wrapper\"><\/div><\/div><\/div><\/div><\/div><\/div><\/div><\/div><div class=\"vc_row-full-width vc_clearfix\"><\/div>\n","protected":false},"excerpt":{"rendered":"Promo m\u0259hsullar Promo m\u0259hsullar, \u015firk\u0259tinizin v\u0259 ya t\u0259\u015fkilat\u0131n\u0131z\u0131n imicini m\u00f6hk\u0259ml\u0259ndirm\u0259k v\u0259 onu daha \u00e7ox...","protected":false},"author":1,"featured_media":0,"parent":0,"menu_order":0,"comment_status":"closed","ping_status":"closed","template":"","meta":[],"yoast_head":"<!-- This site is optimized with the Yoast SEO Premium plugin v16.7 (Yoast SEO v16.8) - https:\/\/yoast.com\/wordpress\/plugins\/seo\/ -->\n<title>Promo m\u0259hsullar | Ideart Reklam Agentliyi<\/title>\n<meta name=\"robots\" content=\"index, follow, max-snippet:-1, max-image-preview:large, max-video-preview:-1\" \/>\n<link rel=\"canonical\" href=\"https:\/\/ideart.az\/az\/promo\/\" \/>\n<meta property=\"og:locale\" content=\"az_AZ\" \/>\n<meta property=\"og:type\" content=\"article\" \/>\n<meta property=\"og:title\" content=\"Promo m\u0259hsullar\" \/>\n<meta property=\"og:url\" content=\"https:\/\/ideart.az\/az\/promo\/\" \/>\n<meta property=\"og:site_name\" content=\"Ideart Reklam Agentliyi\" \/>\n<meta property=\"article:publisher\" content=\"https:\/\/www.facebook.com\/ideartagency\" \/>\n<meta property=\"article:modified_time\" content=\"2024-09-17T01:03:17+00:00\" \/>\n<meta name=\"twitter:card\" content=\"summary_large_image\" \/>\n<meta name=\"twitter:label1\" content=\"Est. reading time\" \/>\n\t<meta name=\"twitter:data1\" content=\"3 minutes\" \/>\n<script type=\"application\/ld+json\" class=\"yoast-schema-graph\">{\"@context\":\"https:\/\/schema.org\",\"@graph\":[{\"@type\":\"WebSite\",\"@id\":\"https:\/\/ideart.az\/az\/#website\",\"url\":\"https:\/\/ideart.az\/az\/\",\"name\":\"Ideart Reklam Agentliyi\",\"description\":\"Biz i\\u015fimizi bilirik!\",\"potentialAction\":[{\"@type\":\"SearchAction\",\"target\":{\"@type\":\"EntryPoint\",\"urlTemplate\":\"https:\/\/ideart.az\/az\/?s={search_term_string}\"},\"query-input\":\"required name=search_term_string\"}],\"inLanguage\":\"az\"},{\"@type\":\"WebPage\",\"@id\":\"https:\/\/ideart.az\/az\/promo\/#webpage\",\"url\":\"https:\/\/ideart.az\/az\/promo\/\",\"name\":\"Promo m\\u0259hsullar | Ideart Reklam Agentliyi\",\"isPartOf\":{\"@id\":\"https:\/\/ideart.az\/az\/#website\"},\"datePublished\":\"2021-06-27T02:01:35+00:00\",\"dateModified\":\"2024-09-17T01:03:17+00:00\",\"breadcrumb\":{\"@id\":\"https:\/\/ideart.az\/az\/promo\/#breadcrumb\"},\"inLanguage\":\"az\",\"potentialAction\":[{\"@type\":\"ReadAction\",\"target\":[\"https:\/\/ideart.az\/az\/promo\/\"]}]},{\"@type\":\"BreadcrumbList\",\"@id\":\"https:\/\/ideart.az\/az\/promo\/#breadcrumb\",\"itemListElement\":[{\"@type\":\"ListItem\",\"position\":1,\"name\":\"Home\",\"item\":\"https:\/\/ideart.az\/az\/\"},{\"@type\":\"ListItem\",\"position\":2,\"name\":\"Promo m\\u0259hsullar\"}]}]}<\/script>\n<!-- \/ Yoast SEO Premium plugin. -->","yoast_head_json":{"title":"Promo m\u0259hsullar | Ideart Reklam Agentliyi","robots":{"index":"index","follow":"follow","max-snippet":"max-snippet:-1","max-image-preview":"max-image-preview:large","max-video-preview":"max-video-preview:-1"},"canonical":"https:\/\/ideart.az\/az\/promo\/","og_locale":"az_AZ","og_type":"article","og_title":"Promo m\u0259hsullar","og_url":"https:\/\/ideart.az\/az\/promo\/","og_site_name":"Ideart Reklam Agentliyi","article_publisher":"https:\/\/www.facebook.com\/ideartagency","article_modified_time":"2024-09-17T01:03:17+00:00","twitter_card":"summary_large_image","twitter_misc":{"Est. reading time":"3 minutes"},"schema":{"@context":"https:\/\/schema.org","@graph":[{"@type":"WebSite","@id":"https:\/\/ideart.az\/az\/#website","url":"https:\/\/ideart.az\/az\/","name":"Ideart Reklam Agentliyi","description":"Biz i\u015fimizi bilirik!","potentialAction":[{"@type":"SearchAction","target":{"@type":"EntryPoint","urlTemplate":"https:\/\/ideart.az\/az\/?s={search_term_string}"},"query-input":"required name=search_term_string"}],"inLanguage":"az"},{"@type":"WebPage","@id":"https:\/\/ideart.az\/az\/promo\/#webpage","url":"https:\/\/ideart.az\/az\/promo\/","name":"Promo m\u0259hsullar | Ideart Reklam Agentliyi","isPartOf":{"@id":"https:\/\/ideart.az\/az\/#website"},"datePublished":"2021-06-27T02:01:35+00:00","dateModified":"2024-09-17T01:03:17+00:00","breadcrumb":{"@id":"https:\/\/ideart.az\/az\/promo\/#breadcrumb"},"inLanguage":"az","potentialAction":[{"@type":"ReadAction","target":["https:\/\/ideart.az\/az\/promo\/"]}]},{"@type":"BreadcrumbList","@id":"https:\/\/ideart.az\/az\/promo\/#breadcrumb","itemListElement":[{"@type":"ListItem","position":1,"name":"Home","item":"https:\/\/ideart.az\/az\/"},{"@type":"ListItem","position":2,"name":"Promo m\u0259hsullar"}]}]}},"_links":{"self":[{"href":"https:\/\/ideart.az\/az\/wp-json\/wp\/v2\/pages\/5656369"}],"collection":[{"href":"https:\/\/ideart.az\/az\/wp-json\/wp\/v2\/pages"}],"about":[{"href":"https:\/\/ideart.az\/az\/wp-json\/wp\/v2\/types\/page"}],"author":[{"embeddable":true,"href":"https:\/\/ideart.az\/az\/wp-json\/wp\/v2\/users\/1"}],"replies":[{"embeddable":true,"href":"https:\/\/ideart.az\/az\/wp-json\/wp\/v2\/comments?post=5656369"}],"version-history":[{"count":0,"href":"https:\/\/ideart.az\/az\/wp-json\/wp\/v2\/pages\/5656369\/revisions"}],"wp:attachment":[{"href":"https:\/\/ideart.az\/az\/wp-json\/wp\/v2\/media?parent=5656369"}],"curies":[{"name":"wp","href":"https:\/\/api.w.org\/{rel}","templated":true}]}}