{"id":5656366,"date":"2021-06-27T01:59:13","date_gmt":"2021-06-27T01:59:13","guid":{"rendered":"https:\/\/ideart.az\/?page_id=5656366"},"modified":"2024-09-17T00:58:13","modified_gmt":"2024-09-17T00:58:13","slug":"cap-xidmetleri","status":"publish","type":"page","link":"https:\/\/ideart.az\/az\/cap-xidmetleri\/","title":{"rendered":"\u00c7ap xidm\u0259tl\u0259ri"},"content":{"rendered":"<div data-vc-full-width=\"true\" data-vc-full-width-init=\"false\" class=\"vc_row wpb_row vc_row-fluid vc_custom_1726534691245\"><div class=\"vc-bg-lines dark\"><div><\/div><div><\/div><div><\/div><div><\/div><div><\/div><div><\/div><div><\/div><\/div><div class=\"vc-bg-side-text left\" id=\"norebro-custom-69e007b01b197\">Poliqrafiya<\/div><div class=\"wpb_column vc_column_container vc_col-sm-12\"><div class=\"vc_column-inner\"><div class=\"wpb_wrapper\"><div class=\"vc_empty_space\"   style=\"height: 30px\"><span class=\"vc_empty_space_inner\"><\/span><\/div><div class=\"norebro-text-sc \" \n\tid=\"norebro-custom-69e007b01b696\" \n\t \n\t>\n\n\t<p>Firman\u0131z\u0131, markan\u0131z\u0131 v\u0259 m\u0259hsullar\u0131n\u0131z\u0131 h\u0259d\u0259f k\u00fctl\u0259niz\u0259 tan\u0131tmaq \u00fc\u00e7\u00fcn \u0259n t\u0259sirli v\u0259 \u0259n\u0259n\u0259vi tan\u0131t\u0131m vasit\u0259l\u0259rind\u0259n biri \u00e7ap m\u0259hsullar\u0131d\u0131r. \u00c7ap m\u0259hsullar\u0131, h\u0259m \u015firk\u0259tinizin imicini formala\u015fd\u0131rmaq, h\u0259m d\u0259 m\u00fc\u015ft\u0259ril\u0259rinizl\u0259 daha yax\u0131n v\u0259 professional \u0259laq\u0259 qurmaq \u00fc\u00e7\u00fcn m\u00fch\u00fcm rol oynay\u0131r. Bu m\u0259hsullar, brendinizin vizual t\u0259qdimat\u0131n\u0131 t\u0259kmill\u0259\u015fdirm\u0259kl\u0259 yana\u015f\u0131, onun m\u00f6vqeyini g\u00fccl\u0259ndirir v\u0259 daha geni\u015f k\u00fctl\u0259y\u0259 \u00e7atmas\u0131na k\u00f6m\u0259k edir. \u0130deart Reklam Agentliyi olaraq, biz \u00e7ap m\u0259hsullar\u0131n\u0131n haz\u0131rlanmas\u0131nda y\u00fcks\u0259k keyfiyy\u0259tli poliqrafiya xidm\u0259tl\u0259ri t\u0259klif edirik v\u0259 m\u00fc\u015ft\u0259ril\u0259rimizin ehtiyaclar\u0131na uy\u011fun unikal h\u0259ll\u0259r t\u0259qdim edirik.<\/p>\n<p>Bundan \u0259lav\u0259, poliqrafiya xidm\u0259tl\u0259rimiz\u0259 qutular\u0131n v\u0259 dig\u0259r qabla\u015fd\u0131rma materiallar\u0131n\u0131n \u00e7ap\u0131 da daxildir. \u015eirk\u0259tinizin m\u0259hsullar\u0131n\u0131 f\u0259rqli v\u0259 g\u00f6zox\u015fayan qabla\u015fd\u0131rma il\u0259 t\u0259qdim etm\u0259k, h\u0259m m\u0259hsulun keyfiyy\u0259tini, h\u0259m d\u0259 brendin imicini g\u00fccl\u0259ndirir. Banner vinil v\u0259 torlu vinilin \u00e7ap\u0131 is\u0259 a\u00e7\u0131q havada ke\u00e7iril\u0259n t\u0259dbirl\u0259r, s\u0259rgil\u0259r v\u0259 dig\u0259r marketinq kampaniyalar\u0131 \u00fc\u00e7\u00fcn ideal bir h\u0259ll yoludur. Bu m\u0259hsullar, mesaj\u0131n\u0131z\u0131 b\u00f6y\u00fck \u00f6l\u00e7\u00fcd\u0259 v\u0259 diqq\u0259t c\u0259lb ed\u0259n formada \u00e7atd\u0131rma\u011fa k\u00f6m\u0259k edir.<\/p>\n<p>\u0130deart Reklam Agentliyi olaraq, biz poliqrafiya m\u0259hsullar\u0131n\u0131n haz\u0131rlanmas\u0131nda keyfiyy\u0259t, dizayn v\u0259 m\u00fc\u015ft\u0259ri m\u0259mnuniyy\u0259tin\u0259 b\u00f6y\u00fck \u00f6n\u0259m veririk. H\u0259r bir layih\u0259 \u00fc\u00e7\u00fcn f\u0259rdi yana\u015fma t\u0259tbiq ed\u0259r\u0259k, m\u00fc\u015ft\u0259ril\u0259rimizin reklam ehtiyaclar\u0131na uy\u011fun \u0259n effektiv h\u0259ll\u0259r t\u0259qdim etm\u0259yi h\u0259d\u0259fl\u0259yirik. N\u0259tic\u0259d\u0259, \u00e7ap m\u0259hsullar\u0131n\u0131z yaln\u0131z \u015firk\u0259tinizin pe\u015f\u0259karl\u0131\u011f\u0131n\u0131 vur\u011fulamaqla kifay\u0259tl\u0259nm\u0259y\u0259c\u0259k, h\u0259m d\u0259 h\u0259d\u0259f k\u00fctl\u0259nizl\u0259 daha m\u00f6hk\u0259m \u0259laq\u0259l\u0259r qurma\u011fa k\u00f6m\u0259k ed\u0259c\u0259k.<\/p>\n\t\n<\/div><div class=\"vc_empty_space\"   style=\"height: 90px\"><span class=\"vc_empty_space_inner\"><\/span><\/div><\/div><\/div><\/div><div class=\"wpb_column vc_column_container vc_col-sm-6\"><div class=\"vc_column-inner\"><div class=\"wpb_wrapper\"><div class=\"vc_empty_space\"   style=\"height: 20px\"><span class=\"vc_empty_space_inner\"><\/span><\/div><div class=\"norebro-icon-box-sc icon-box box-left\" \n\tid=\"norebro-custom-69e007b01b908\" \n\t \n\t>\n\n\t<div class=\"icon-wrap\">\n\t\t\t\t\t<span class=\"ion-android-arrow-dropright-circle\"><\/span>\n\t\t\t<\/div>\n\n\t<div class=\"content-wrap\">\n\n\t\t<div class=\"content-center with-full\">\n\t\t\t<div class=\"wrap\">\n\t\t\t\t<h3>Ofset \u00e7ap<\/h3>\n\t\t\t\t\t\t\t<\/div>\n\t\t<\/div>\n\t\t\n\t\t\t<\/div>\n\t\t\n\t\t<p class=\"description content-full\">\n\t\t\t\t\t<\/p>\n\n\t\t\n\t\t\n<\/div><div class=\"vc_empty_space\"   style=\"height: 20px\"><span class=\"vc_empty_space_inner\"><\/span><\/div><div class=\"norebro-icon-box-sc icon-box box-left\" \n\tid=\"norebro-custom-69e007b01ba2e\" \n\t \n\t>\n\n\t<div class=\"icon-wrap\">\n\t\t\t\t\t<span class=\"ion-android-arrow-dropright-circle\"><\/span>\n\t\t\t<\/div>\n\n\t<div class=\"content-wrap\">\n\n\t\t<div class=\"content-center with-full\">\n\t\t\t<div class=\"wrap\">\n\t\t\t\t<h3>\u0130ri formatl\u0131 \u00e7ap<\/h3>\n\t\t\t\t\t\t\t<\/div>\n\t\t<\/div>\n\t\t\n\t\t\t<\/div>\n\t\t\n\t\t<p class=\"description content-full\">\n\t\t\t\t\t<\/p>\n\n\t\t\n\t\t\n<\/div><div class=\"vc_empty_space\"   style=\"height: 20px\"><span class=\"vc_empty_space_inner\"><\/span><\/div><\/div><\/div><\/div><div class=\"wpb_column vc_column_container vc_col-sm-6\"><div class=\"vc_column-inner\"><div class=\"wpb_wrapper\"><div class=\"vc_empty_space\"   style=\"height: 20px\"><span class=\"vc_empty_space_inner\"><\/span><\/div><div class=\"norebro-icon-box-sc icon-box box-left\" \n\tid=\"norebro-custom-69e007b01bc80\" \n\t \n\t>\n\n\t<div class=\"icon-wrap\">\n\t\t\t\t\t<span class=\"ion-android-arrow-dropright-circle\"><\/span>\n\t\t\t<\/div>\n\n\t<div class=\"content-wrap\">\n\n\t\t<div class=\"content-center with-full\">\n\t\t\t<div class=\"wrap\">\n\t\t\t\t<h3>R\u0259q\u0259msal \u00e7ap<\/h3>\n\t\t\t\t\t\t\t<\/div>\n\t\t<\/div>\n\t\t\n\t\t\t<\/div>\n\t\t\n\t\t<p class=\"description content-full\">\n\t\t\t\t\t<\/p>\n\n\t\t\n\t\t\n<\/div><div class=\"vc_empty_space\"   style=\"height: 20px\"><span class=\"vc_empty_space_inner\"><\/span><\/div><div class=\"norebro-icon-box-sc icon-box box-left\" \n\tid=\"norebro-custom-69e007b01bd8b\" \n\t \n\t>\n\n\t<div class=\"icon-wrap\">\n\t\t\t\t\t<span class=\"ion-android-arrow-dropright-circle\"><\/span>\n\t\t\t<\/div>\n\n\t<div class=\"content-wrap\">\n\n\t\t<div class=\"content-center with-full\">\n\t\t\t<div class=\"wrap\">\n\t\t\t\t<h3>Plastik kart \u00e7ap\u0131<\/h3>\n\t\t\t\t\t\t\t<\/div>\n\t\t<\/div>\n\t\t\n\t\t\t<\/div>\n\t\t\n\t\t<p class=\"description content-full\">\n\t\t\t\t\t<\/p>\n\n\t\t\n\t\t\n<\/div><div class=\"vc_empty_space\"   style=\"height: 20px\"><span class=\"vc_empty_space_inner\"><\/span><\/div><\/div><\/div><\/div><div class=\"wpb_column vc_column_container vc_col-sm-12\"><div class=\"vc_column-inner\"><div class=\"wpb_wrapper\"><div class=\"vc_empty_space\"   style=\"height: 120px\"><span class=\"vc_empty_space_inner\"><\/span><\/div><\/div><\/div><\/div><\/div><div class=\"vc_row-full-width vc_clearfix\"><\/div>\n","protected":false},"excerpt":{"rendered":"Poliqrafiya Firman\u0131z\u0131, markan\u0131z\u0131 v\u0259 m\u0259hsullar\u0131n\u0131z\u0131 h\u0259d\u0259f k\u00fctl\u0259niz\u0259 tan\u0131tmaq \u00fc\u00e7\u00fcn \u0259n t\u0259sirli v\u0259 \u0259n\u0259n\u0259vi tan\u0131t\u0131m...","protected":false},"author":1,"featured_media":0,"parent":0,"menu_order":0,"comment_status":"closed","ping_status":"closed","template":"","meta":[],"yoast_head":"<!-- This site is optimized with the Yoast SEO Premium plugin v16.7 (Yoast SEO v16.8) - https:\/\/yoast.com\/wordpress\/plugins\/seo\/ -->\n<title>\u00c7ap xidm\u0259tl\u0259ri | Ideart Reklam Agentliyi<\/title>\n<meta name=\"robots\" content=\"index, follow, max-snippet:-1, max-image-preview:large, max-video-preview:-1\" \/>\n<link rel=\"canonical\" href=\"https:\/\/ideart.az\/az\/cap-xidmetleri\/\" \/>\n<meta property=\"og:locale\" content=\"az_AZ\" \/>\n<meta property=\"og:type\" content=\"article\" \/>\n<meta property=\"og:title\" content=\"\u00c7ap xidm\u0259tl\u0259ri\" \/>\n<meta property=\"og:url\" content=\"https:\/\/ideart.az\/az\/cap-xidmetleri\/\" \/>\n<meta property=\"og:site_name\" content=\"Ideart Reklam Agentliyi\" \/>\n<meta property=\"article:publisher\" content=\"https:\/\/www.facebook.com\/ideartagency\" \/>\n<meta property=\"article:modified_time\" content=\"2024-09-17T00:58:13+00:00\" \/>\n<meta name=\"twitter:card\" content=\"summary_large_image\" \/>\n<meta name=\"twitter:label1\" content=\"Est. reading time\" \/>\n\t<meta name=\"twitter:data1\" content=\"2 minutes\" \/>\n<script type=\"application\/ld+json\" class=\"yoast-schema-graph\">{\"@context\":\"https:\/\/schema.org\",\"@graph\":[{\"@type\":\"WebSite\",\"@id\":\"https:\/\/ideart.az\/az\/#website\",\"url\":\"https:\/\/ideart.az\/az\/\",\"name\":\"Ideart Reklam Agentliyi\",\"description\":\"Biz i\\u015fimizi bilirik!\",\"potentialAction\":[{\"@type\":\"SearchAction\",\"target\":{\"@type\":\"EntryPoint\",\"urlTemplate\":\"https:\/\/ideart.az\/az\/?s={search_term_string}\"},\"query-input\":\"required name=search_term_string\"}],\"inLanguage\":\"az\"},{\"@type\":\"WebPage\",\"@id\":\"https:\/\/ideart.az\/az\/cap-xidmetleri\/#webpage\",\"url\":\"https:\/\/ideart.az\/az\/cap-xidmetleri\/\",\"name\":\"\\u00c7ap xidm\\u0259tl\\u0259ri | Ideart Reklam Agentliyi\",\"isPartOf\":{\"@id\":\"https:\/\/ideart.az\/az\/#website\"},\"datePublished\":\"2021-06-27T01:59:13+00:00\",\"dateModified\":\"2024-09-17T00:58:13+00:00\",\"breadcrumb\":{\"@id\":\"https:\/\/ideart.az\/az\/cap-xidmetleri\/#breadcrumb\"},\"inLanguage\":\"az\",\"potentialAction\":[{\"@type\":\"ReadAction\",\"target\":[\"https:\/\/ideart.az\/az\/cap-xidmetleri\/\"]}]},{\"@type\":\"BreadcrumbList\",\"@id\":\"https:\/\/ideart.az\/az\/cap-xidmetleri\/#breadcrumb\",\"itemListElement\":[{\"@type\":\"ListItem\",\"position\":1,\"name\":\"Home\",\"item\":\"https:\/\/ideart.az\/az\/\"},{\"@type\":\"ListItem\",\"position\":2,\"name\":\"\\u00c7ap xidm\\u0259tl\\u0259ri\"}]}]}<\/script>\n<!-- \/ Yoast SEO Premium plugin. -->","yoast_head_json":{"title":"\u00c7ap xidm\u0259tl\u0259ri | Ideart Reklam Agentliyi","robots":{"index":"index","follow":"follow","max-snippet":"max-snippet:-1","max-image-preview":"max-image-preview:large","max-video-preview":"max-video-preview:-1"},"canonical":"https:\/\/ideart.az\/az\/cap-xidmetleri\/","og_locale":"az_AZ","og_type":"article","og_title":"\u00c7ap xidm\u0259tl\u0259ri","og_url":"https:\/\/ideart.az\/az\/cap-xidmetleri\/","og_site_name":"Ideart Reklam Agentliyi","article_publisher":"https:\/\/www.facebook.com\/ideartagency","article_modified_time":"2024-09-17T00:58:13+00:00","twitter_card":"summary_large_image","twitter_misc":{"Est. reading time":"2 minutes"},"schema":{"@context":"https:\/\/schema.org","@graph":[{"@type":"WebSite","@id":"https:\/\/ideart.az\/az\/#website","url":"https:\/\/ideart.az\/az\/","name":"Ideart Reklam Agentliyi","description":"Biz i\u015fimizi bilirik!","potentialAction":[{"@type":"SearchAction","target":{"@type":"EntryPoint","urlTemplate":"https:\/\/ideart.az\/az\/?s={search_term_string}"},"query-input":"required name=search_term_string"}],"inLanguage":"az"},{"@type":"WebPage","@id":"https:\/\/ideart.az\/az\/cap-xidmetleri\/#webpage","url":"https:\/\/ideart.az\/az\/cap-xidmetleri\/","name":"\u00c7ap xidm\u0259tl\u0259ri | Ideart Reklam Agentliyi","isPartOf":{"@id":"https:\/\/ideart.az\/az\/#website"},"datePublished":"2021-06-27T01:59:13+00:00","dateModified":"2024-09-17T00:58:13+00:00","breadcrumb":{"@id":"https:\/\/ideart.az\/az\/cap-xidmetleri\/#breadcrumb"},"inLanguage":"az","potentialAction":[{"@type":"ReadAction","target":["https:\/\/ideart.az\/az\/cap-xidmetleri\/"]}]},{"@type":"BreadcrumbList","@id":"https:\/\/ideart.az\/az\/cap-xidmetleri\/#breadcrumb","itemListElement":[{"@type":"ListItem","position":1,"name":"Home","item":"https:\/\/ideart.az\/az\/"},{"@type":"ListItem","position":2,"name":"\u00c7ap xidm\u0259tl\u0259ri"}]}]}},"_links":{"self":[{"href":"https:\/\/ideart.az\/az\/wp-json\/wp\/v2\/pages\/5656366"}],"collection":[{"href":"https:\/\/ideart.az\/az\/wp-json\/wp\/v2\/pages"}],"about":[{"href":"https:\/\/ideart.az\/az\/wp-json\/wp\/v2\/types\/page"}],"author":[{"embeddable":true,"href":"https:\/\/ideart.az\/az\/wp-json\/wp\/v2\/users\/1"}],"replies":[{"embeddable":true,"href":"https:\/\/ideart.az\/az\/wp-json\/wp\/v2\/comments?post=5656366"}],"version-history":[{"count":0,"href":"https:\/\/ideart.az\/az\/wp-json\/wp\/v2\/pages\/5656366\/revisions"}],"wp:attachment":[{"href":"https:\/\/ideart.az\/az\/wp-json\/wp\/v2\/media?parent=5656366"}],"curies":[{"name":"wp","href":"https:\/\/api.w.org\/{rel}","templated":true}]}}