{"id":5656363,"date":"2021-06-27T01:56:07","date_gmt":"2021-06-27T01:56:07","guid":{"rendered":"https:\/\/ideart.az\/?page_id=5656363"},"modified":"2024-09-17T01:04:42","modified_gmt":"2024-09-17T01:04:42","slug":"reklam-qurgulari","status":"publish","type":"page","link":"https:\/\/ideart.az\/az\/reklam-qurgulari\/","title":{"rendered":"Reklam qur\u011fular\u0131n\u0131n istehsal\u0131"},"content":{"rendered":"<div data-vc-full-width=\"true\" data-vc-full-width-init=\"false\" class=\"vc_row wpb_row vc_row-fluid vc_custom_1726535049650\"><div class=\"vc-bg-lines dark\"><div><\/div><div><\/div><div><\/div><div><\/div><div><\/div><div><\/div><div><\/div><\/div><div class=\"vc-bg-side-text left\" id=\"norebro-custom-69e00637e11b4\">\u0130stehsalat<\/div><div class=\"wpb_column vc_column_container vc_col-sm-12\"><div class=\"vc_column-inner\"><div class=\"wpb_wrapper\"><div class=\"vc_empty_space\"   style=\"height: 30px\"><span class=\"vc_empty_space_inner\"><\/span><\/div><div class=\"norebro-text-sc \" \n\tid=\"norebro-custom-69e00637e1751\" \n\t \n\t>\n\n\t<p>D\u00fckanlar\u0131n, s\u0259rgi stendl\u0259rinin, l\u00f6vh\u0259l\u0259rin, skrollerl\u0259rin, i\u015f\u0131ql\u0131 reklamlar\u0131n v\u0259 eskiz maketl\u0259rin g\u00f6r\u00fcn\u00fc\u015f\u00fcn\u00fcn qurulmas\u0131nda reklam qur\u011fular\u0131n\u0131n istehsal\u0131 m\u00fch\u00fcm rol oynay\u0131r. Bu c\u00fcr reklam qur\u011fular\u0131, markalar\u0131n diqq\u0259t \u00e7\u0259km\u0259sini t\u0259min ed\u0259n, m\u00fc\u015ft\u0259ril\u0259rin mara\u011f\u0131n\u0131 c\u0259lb ed\u0259n v\u0259 \u015firk\u0259tl\u0259rin vizual kimliyini n\u00fcmayi\u015f etdir\u0259n \u0259sas vasit\u0259l\u0259rd\u0259n biridir. \u0130st\u0259r ki\u00e7ik bir d\u00fckan, ist\u0259rs\u0259 d\u0259 geni\u015f miqyasl\u0131 bir s\u0259rgi stendi olsun, vizual g\u00f6r\u00fcn\u00fc\u015f\u00fcn yarad\u0131lmas\u0131 m\u00fc\u015ft\u0259ril\u0259rl\u0259 ilk t\u0259\u0259ss\u00fcrat\u0131n formala\u015fmas\u0131nda \u0259v\u0259zsizdir.<\/p>\n<p>\u0130deart reklam agentliyinin pe\u015f\u0259kar komandas\u0131, reklam qur\u011fular\u0131n\u0131n istehsal\u0131 prosesind\u0259 h\u0259r m\u0259rh\u0259l\u0259d\u0259 m\u00fc\u015ft\u0259ril\u0259rin\u0259 d\u0259st\u0259k verir. Bizim istehsalat seximizd\u0259, reklam qur\u011fular\u0131n\u0131n dizayn\u0131ndan tutmu\u015f onlar\u0131n konstruksiya se\u00e7iml\u0259ri, emal\u0131 v\u0259 yerl\u0259\u015fdirilm\u0259sin\u0259 q\u0259d\u0259r h\u0259rt\u0259r\u0259fli xidm\u0259tl\u0259r g\u00f6st\u0259rilir. \u0130deart komandas\u0131 olaraq, biz m\u00fc\u015ft\u0259ril\u0259rimizin ist\u0259kl\u0259rin\u0259 uy\u011fun olaraq f\u0259rdi yana\u015fma t\u0259tbiq edirik v\u0259 h\u0259r bir layih\u0259ni x\u00fcsusi diqq\u0259tl\u0259 h\u0259yata ke\u00e7iririk.<\/p>\n<p>Reklam qur\u011fular\u0131n\u0131n dizayn\u0131 v\u0259 istehsal\u0131 zaman\u0131 istifad\u0259 olunan materiallar, r\u0259ngl\u0259r v\u0259 texnologiyalar \u015firk\u0259tin brend kimliyini g\u00fccl\u0259ndirm\u0259k v\u0259 mesaj\u0131n\u0131 daha effektiv \u015f\u0259kild\u0259 \u00e7atd\u0131rmaq \u00fc\u00e7\u00fcn diqq\u0259tl\u0259 se\u00e7ilir. \u0130\u015f\u0131ql\u0131 reklamlar v\u0259 skrollerl\u0259r kimi dinamik qur\u011fular, gec\u0259 v\u0259 g\u00fcnd\u00fcz m\u00fc\u015ft\u0259ril\u0259rin diqq\u0259tini \u00e7\u0259km\u0259k \u00fc\u00e7\u00fcn ideal vasit\u0259l\u0259rdir. Bu tip reklamlar x\u00fcsusil\u0259 ticar\u0259t m\u0259rk\u0259zl\u0259rind\u0259, k\u00fc\u00e7\u0259l\u0259rd\u0259 v\u0259 s\u0259rgi m\u0259kanlar\u0131nda effektiv istifad\u0259 olunur. L\u00f6vh\u0259l\u0259r v\u0259 eskiz maketl\u0259r is\u0259 daha \u00e7ox statik informasiya da\u015f\u0131y\u0131c\u0131lar\u0131 olaraq m\u0259hsul v\u0259 ya xidm\u0259t haqq\u0131nda d\u0259qiq v\u0259 ayd\u0131n m\u0259lumat verm\u0259k \u00fc\u00e7\u00fcn n\u0259z\u0259rd\u0259 tutulur.<\/p>\n<p>\u0130deart reklam agentliyi olaraq, biz yaln\u0131z reklam qur\u011fular\u0131n\u0131n haz\u0131rlanmas\u0131 il\u0259 kifay\u0259tl\u0259nmirik, h\u0259m d\u0259 onlar\u0131n d\u00fczg\u00fcn yerl\u0259\u015fdirilm\u0259sin\u0259 v\u0259 m\u00fc\u015ft\u0259ril\u0259rin diqq\u0259tini c\u0259lb ed\u0259c\u0259k \u015f\u0259kild\u0259 istifad\u0259sin\u0259 d\u0259 x\u00fcsusi diqq\u0259t yetiririk. Konstruksiyalar\u0131n yerl\u0259\u015fdirilm\u0259si zaman\u0131 onlar\u0131n \u0259traf m\u00fchit\u0259 uy\u011funlu\u011fu v\u0259 estetik g\u00f6r\u00fcn\u00fc\u015f\u00fc n\u0259z\u0259r\u0259 al\u0131n\u0131r. Bu da qur\u011funun h\u0259m funksional, h\u0259m d\u0259 vizual bax\u0131mdan t\u0259sirli olmas\u0131n\u0131 t\u0259min edir.<\/p>\n\t\n<\/div><div class=\"vc_empty_space\"   style=\"height: 90px\"><span class=\"vc_empty_space_inner\"><\/span><\/div><\/div><\/div><\/div><div class=\"wpb_column vc_column_container vc_col-sm-6\"><div class=\"vc_column-inner\"><div class=\"wpb_wrapper\"><div class=\"vc_empty_space\"   style=\"height: 20px\"><span class=\"vc_empty_space_inner\"><\/span><\/div><div class=\"norebro-icon-box-sc icon-box box-left\" \n\tid=\"norebro-custom-69e00637e1af2\" \n\t \n\t>\n\n\t<div class=\"icon-wrap\">\n\t\t\t\t\t<span class=\"ion-android-arrow-dropright-circle\"><\/span>\n\t\t\t<\/div>\n\n\t<div class=\"content-wrap\">\n\n\t\t<div class=\"content-center with-full\">\n\t\t\t<div class=\"wrap\">\n\t\t\t\t<h3>Laytboks<\/h3>\n\t\t\t\t\t\t\t<\/div>\n\t\t<\/div>\n\t\t\n\t\t\t<\/div>\n\t\t\n\t\t<p class=\"description content-full\">\n\t\t\t\t\t<\/p>\n\n\t\t\n\t\t\n<\/div><div class=\"vc_empty_space\"   style=\"height: 20px\"><span class=\"vc_empty_space_inner\"><\/span><\/div><div class=\"norebro-icon-box-sc icon-box box-left\" \n\tid=\"norebro-custom-69e00637e1c78\" \n\t \n\t>\n\n\t<div class=\"icon-wrap\">\n\t\t\t\t\t<span class=\"ion-android-arrow-dropright-circle\"><\/span>\n\t\t\t<\/div>\n\n\t<div class=\"content-wrap\">\n\n\t\t<div class=\"content-center with-full\">\n\t\t\t<div class=\"wrap\">\n\t\t\t\t<h3>\u0130\u015f\u0131ql\u0131 reklamlar<\/h3>\n\t\t\t\t\t\t\t<\/div>\n\t\t<\/div>\n\t\t\n\t\t\t<\/div>\n\t\t\n\t\t<p class=\"description content-full\">\n\t\t\t\t\t<\/p>\n\n\t\t\n\t\t\n<\/div><div class=\"vc_empty_space\"   style=\"height: 20px\"><span class=\"vc_empty_space_inner\"><\/span><\/div><div class=\"norebro-icon-box-sc icon-box box-left\" \n\tid=\"norebro-custom-69e00637e1dcc\" \n\t \n\t>\n\n\t<div class=\"icon-wrap\">\n\t\t\t\t\t<span class=\"ion-android-arrow-dropright-circle\"><\/span>\n\t\t\t<\/div>\n\n\t<div class=\"content-wrap\">\n\n\t\t<div class=\"content-center with-full\">\n\t\t\t<div class=\"wrap\">\n\t\t\t\t<h3>S\u0259rgi stendl\u0259ri<\/h3>\n\t\t\t\t\t\t\t<\/div>\n\t\t<\/div>\n\t\t\n\t\t\t<\/div>\n\t\t\n\t\t<p class=\"description content-full\">\n\t\t\t\t\t<\/p>\n\n\t\t\n\t\t\n<\/div><div class=\"vc_empty_space\"   style=\"height: 20px\"><span class=\"vc_empty_space_inner\"><\/span><\/div><\/div><\/div><\/div><div class=\"wpb_column vc_column_container vc_col-sm-6\"><div class=\"vc_column-inner\"><div class=\"wpb_wrapper\"><div class=\"vc_empty_space\"   style=\"height: 20px\"><span class=\"vc_empty_space_inner\"><\/span><\/div><div class=\"norebro-icon-box-sc icon-box box-left\" \n\tid=\"norebro-custom-69e00637e2178\" \n\t \n\t>\n\n\t<div class=\"icon-wrap\">\n\t\t\t\t\t<span class=\"ion-android-arrow-dropright-circle\"><\/span>\n\t\t\t<\/div>\n\n\t<div class=\"content-wrap\">\n\n\t\t<div class=\"content-center with-full\">\n\t\t\t<div class=\"wrap\">\n\t\t\t\t<h3>Skrolell\u0259r<\/h3>\n\t\t\t\t\t\t\t<\/div>\n\t\t<\/div>\n\t\t\n\t\t\t<\/div>\n\t\t\n\t\t<p class=\"description content-full\">\n\t\t\t\t\t<\/p>\n\n\t\t\n\t\t\n<\/div><div class=\"vc_empty_space\"   style=\"height: 20px\"><span class=\"vc_empty_space_inner\"><\/span><\/div><div class=\"norebro-icon-box-sc icon-box box-left\" \n\tid=\"norebro-custom-69e00637e22aa\" \n\t \n\t>\n\n\t<div class=\"icon-wrap\">\n\t\t\t\t\t<span class=\"ion-android-arrow-dropright-circle\"><\/span>\n\t\t\t<\/div>\n\n\t<div class=\"content-wrap\">\n\n\t\t<div class=\"content-center with-full\">\n\t\t\t<div class=\"wrap\">\n\t\t\t\t<h3>Vitrinl\u0259r<\/h3>\n\t\t\t\t\t\t\t<\/div>\n\t\t<\/div>\n\t\t\n\t\t\t<\/div>\n\t\t\n\t\t<p class=\"description content-full\">\n\t\t\t\t\t<\/p>\n\n\t\t\n\t\t\n<\/div><div class=\"vc_empty_space\"   style=\"height: 20px\"><span class=\"vc_empty_space_inner\"><\/span><\/div><div class=\"norebro-icon-box-sc icon-box box-left\" \n\tid=\"norebro-custom-69e00637e2409\" \n\t \n\t>\n\n\t<div class=\"icon-wrap\">\n\t\t\t\t\t<span class=\"ion-android-arrow-dropright-circle\"><\/span>\n\t\t\t<\/div>\n\n\t<div class=\"content-wrap\">\n\n\t\t<div class=\"content-center with-full\">\n\t\t\t<div class=\"wrap\">\n\t\t\t\t<h3>Eskiz maketl\u0259r<\/h3>\n\t\t\t\t\t\t\t<\/div>\n\t\t<\/div>\n\t\t\n\t\t\t<\/div>\n\t\t\n\t\t<p class=\"description content-full\">\n\t\t\t\t\t<\/p>\n\n\t\t\n\t\t\n<\/div><div class=\"vc_empty_space\"   style=\"height: 20px\"><span class=\"vc_empty_space_inner\"><\/span><\/div><\/div><\/div><\/div><div class=\"wpb_column vc_column_container vc_col-sm-12\"><div class=\"vc_column-inner\"><div class=\"wpb_wrapper\"><div class=\"vc_empty_space\"   style=\"height: 120px\"><span class=\"vc_empty_space_inner\"><\/span><\/div><\/div><\/div><\/div><\/div><div class=\"vc_row-full-width vc_clearfix\"><\/div>\n","protected":false},"excerpt":{"rendered":"\u0130stehsalat D\u00fckanlar\u0131n, s\u0259rgi stendl\u0259rinin, l\u00f6vh\u0259l\u0259rin, skrollerl\u0259rin, i\u015f\u0131ql\u0131 reklamlar\u0131n v\u0259 eskiz maketl\u0259rin g\u00f6r\u00fcn\u00fc\u015f\u00fcn\u00fcn qurulmas\u0131nda reklam...","protected":false},"author":1,"featured_media":0,"parent":0,"menu_order":0,"comment_status":"closed","ping_status":"closed","template":"","meta":[],"yoast_head":"<!-- This site is optimized with the Yoast SEO Premium plugin v16.7 (Yoast SEO v16.8) - https:\/\/yoast.com\/wordpress\/plugins\/seo\/ -->\n<title>Reklam qur\u011fular\u0131n\u0131n istehsal\u0131 | Ideart Reklam Agentliyi<\/title>\n<meta name=\"robots\" content=\"index, follow, max-snippet:-1, max-image-preview:large, max-video-preview:-1\" \/>\n<link rel=\"canonical\" href=\"https:\/\/ideart.az\/az\/reklam-qurgulari\/\" \/>\n<meta property=\"og:locale\" content=\"az_AZ\" \/>\n<meta property=\"og:type\" content=\"article\" \/>\n<meta property=\"og:title\" content=\"Reklam qur\u011fular\u0131n\u0131n istehsal\u0131\" \/>\n<meta property=\"og:url\" content=\"https:\/\/ideart.az\/az\/reklam-qurgulari\/\" \/>\n<meta property=\"og:site_name\" content=\"Ideart Reklam Agentliyi\" \/>\n<meta property=\"article:publisher\" content=\"https:\/\/www.facebook.com\/ideartagency\" \/>\n<meta property=\"article:modified_time\" content=\"2024-09-17T01:04:42+00:00\" \/>\n<meta name=\"twitter:card\" content=\"summary_large_image\" \/>\n<meta name=\"twitter:label1\" content=\"Est. reading time\" \/>\n\t<meta name=\"twitter:data1\" content=\"2 minutes\" \/>\n<script type=\"application\/ld+json\" class=\"yoast-schema-graph\">{\"@context\":\"https:\/\/schema.org\",\"@graph\":[{\"@type\":\"WebSite\",\"@id\":\"https:\/\/ideart.az\/az\/#website\",\"url\":\"https:\/\/ideart.az\/az\/\",\"name\":\"Ideart Reklam Agentliyi\",\"description\":\"Biz i\\u015fimizi bilirik!\",\"potentialAction\":[{\"@type\":\"SearchAction\",\"target\":{\"@type\":\"EntryPoint\",\"urlTemplate\":\"https:\/\/ideart.az\/az\/?s={search_term_string}\"},\"query-input\":\"required name=search_term_string\"}],\"inLanguage\":\"az\"},{\"@type\":\"WebPage\",\"@id\":\"https:\/\/ideart.az\/az\/reklam-qurgulari\/#webpage\",\"url\":\"https:\/\/ideart.az\/az\/reklam-qurgulari\/\",\"name\":\"Reklam qur\\u011fular\\u0131n\\u0131n istehsal\\u0131 | Ideart Reklam Agentliyi\",\"isPartOf\":{\"@id\":\"https:\/\/ideart.az\/az\/#website\"},\"datePublished\":\"2021-06-27T01:56:07+00:00\",\"dateModified\":\"2024-09-17T01:04:42+00:00\",\"breadcrumb\":{\"@id\":\"https:\/\/ideart.az\/az\/reklam-qurgulari\/#breadcrumb\"},\"inLanguage\":\"az\",\"potentialAction\":[{\"@type\":\"ReadAction\",\"target\":[\"https:\/\/ideart.az\/az\/reklam-qurgulari\/\"]}]},{\"@type\":\"BreadcrumbList\",\"@id\":\"https:\/\/ideart.az\/az\/reklam-qurgulari\/#breadcrumb\",\"itemListElement\":[{\"@type\":\"ListItem\",\"position\":1,\"name\":\"Home\",\"item\":\"https:\/\/ideart.az\/az\/\"},{\"@type\":\"ListItem\",\"position\":2,\"name\":\"Reklam qur\\u011fular\\u0131n\\u0131n istehsal\\u0131\"}]}]}<\/script>\n<!-- \/ Yoast SEO Premium plugin. -->","yoast_head_json":{"title":"Reklam qur\u011fular\u0131n\u0131n istehsal\u0131 | Ideart Reklam Agentliyi","robots":{"index":"index","follow":"follow","max-snippet":"max-snippet:-1","max-image-preview":"max-image-preview:large","max-video-preview":"max-video-preview:-1"},"canonical":"https:\/\/ideart.az\/az\/reklam-qurgulari\/","og_locale":"az_AZ","og_type":"article","og_title":"Reklam qur\u011fular\u0131n\u0131n istehsal\u0131","og_url":"https:\/\/ideart.az\/az\/reklam-qurgulari\/","og_site_name":"Ideart Reklam Agentliyi","article_publisher":"https:\/\/www.facebook.com\/ideartagency","article_modified_time":"2024-09-17T01:04:42+00:00","twitter_card":"summary_large_image","twitter_misc":{"Est. reading time":"2 minutes"},"schema":{"@context":"https:\/\/schema.org","@graph":[{"@type":"WebSite","@id":"https:\/\/ideart.az\/az\/#website","url":"https:\/\/ideart.az\/az\/","name":"Ideart Reklam Agentliyi","description":"Biz i\u015fimizi bilirik!","potentialAction":[{"@type":"SearchAction","target":{"@type":"EntryPoint","urlTemplate":"https:\/\/ideart.az\/az\/?s={search_term_string}"},"query-input":"required name=search_term_string"}],"inLanguage":"az"},{"@type":"WebPage","@id":"https:\/\/ideart.az\/az\/reklam-qurgulari\/#webpage","url":"https:\/\/ideart.az\/az\/reklam-qurgulari\/","name":"Reklam qur\u011fular\u0131n\u0131n istehsal\u0131 | Ideart Reklam Agentliyi","isPartOf":{"@id":"https:\/\/ideart.az\/az\/#website"},"datePublished":"2021-06-27T01:56:07+00:00","dateModified":"2024-09-17T01:04:42+00:00","breadcrumb":{"@id":"https:\/\/ideart.az\/az\/reklam-qurgulari\/#breadcrumb"},"inLanguage":"az","potentialAction":[{"@type":"ReadAction","target":["https:\/\/ideart.az\/az\/reklam-qurgulari\/"]}]},{"@type":"BreadcrumbList","@id":"https:\/\/ideart.az\/az\/reklam-qurgulari\/#breadcrumb","itemListElement":[{"@type":"ListItem","position":1,"name":"Home","item":"https:\/\/ideart.az\/az\/"},{"@type":"ListItem","position":2,"name":"Reklam qur\u011fular\u0131n\u0131n istehsal\u0131"}]}]}},"_links":{"self":[{"href":"https:\/\/ideart.az\/az\/wp-json\/wp\/v2\/pages\/5656363"}],"collection":[{"href":"https:\/\/ideart.az\/az\/wp-json\/wp\/v2\/pages"}],"about":[{"href":"https:\/\/ideart.az\/az\/wp-json\/wp\/v2\/types\/page"}],"author":[{"embeddable":true,"href":"https:\/\/ideart.az\/az\/wp-json\/wp\/v2\/users\/1"}],"replies":[{"embeddable":true,"href":"https:\/\/ideart.az\/az\/wp-json\/wp\/v2\/comments?post=5656363"}],"version-history":[{"count":0,"href":"https:\/\/ideart.az\/az\/wp-json\/wp\/v2\/pages\/5656363\/revisions"}],"wp:attachment":[{"href":"https:\/\/ideart.az\/az\/wp-json\/wp\/v2\/media?parent=5656363"}],"curies":[{"name":"wp","href":"https:\/\/api.w.org\/{rel}","templated":true}]}}