{"id":5656358,"date":"2021-06-27T01:48:25","date_gmt":"2021-06-27T01:48:25","guid":{"rendered":"https:\/\/ideart.az\/?page_id=5656358"},"modified":"2024-09-17T01:07:00","modified_gmt":"2024-09-17T01:07:00","slug":"media-pr","status":"publish","type":"page","link":"https:\/\/ideart.az\/az\/media-pr\/","title":{"rendered":"\u041cedia v\u0259 PR Xidm\u0259ti"},"content":{"rendered":"<div data-vc-full-width=\"true\" data-vc-full-width-init=\"false\" class=\"vc_row wpb_row vc_row-fluid vc_custom_1726535205907\"><div class=\"vc-bg-lines dark\"><div><\/div><div><\/div><div><\/div><div><\/div><div><\/div><div><\/div><div><\/div><\/div><div class=\"vc-bg-side-text left\" id=\"norebro-custom-69e0071a821dc\">\u041cedia v\u0259 PR<\/div><div class=\"wpb_column vc_column_container vc_col-sm-12\"><div class=\"vc_column-inner\"><div class=\"wpb_wrapper\"><div class=\"vc_empty_space\"   style=\"height: 30px\"><span class=\"vc_empty_space_inner\"><\/span><\/div><div class=\"norebro-text-sc \" \n\tid=\"norebro-custom-69e0071a826c5\" \n\t \n\t>\n\n\t<p>M\u0259hsulun ictimaiyy\u0259t\u0259 v\u0259 potensial m\u00fc\u015ft\u0259ril\u0259r\u0259 g\u00f6st\u0259ri\u015fli v\u0259 effektiv \u015f\u0259kild\u0259 t\u0259qdim olunmas\u0131nda median\u0131n rolu olduqca b\u00f6y\u00fckd\u00fcr. Media vasit\u0259sil\u0259 m\u0259hsulunuzu geni\u015f auditoriyaya tan\u0131tmaq v\u0259 onun haqq\u0131nda keyfiyy\u0259tli, diqq\u0259t\u00e7\u0259k\u0259n video \u00e7arxlar haz\u0131rlamaq, m\u0259hsulunuzun tan\u0131nmas\u0131na v\u0259 brendinizin m\u00f6hk\u0259ml\u0259nm\u0259sin\u0259 k\u00f6m\u0259k edir. Bu vizual t\u0259qdimatlar insanlar\u0131n m\u0259hsulunuzla \u0259laq\u0259 qurmas\u0131n\u0131 asanla\u015fd\u0131r\u0131r v\u0259 markan\u0131z\u0131n daha geni\u015f auditoriyaya \u00e7atmas\u0131n\u0131 t\u0259min edir.<\/p>\n<p>\u0130ctimai v\u0259 \u00f6z\u0259l sektorlara aid qurulu\u015flar\u0131n, el\u0259c\u0259 d\u0259 \u015firk\u0259tl\u0259rin m\u0259hsullar\u0131n\u0131n bir imic\u0259 sahib olmas\u0131 \u00fc\u00e7\u00fcn tan\u0131t\u0131m strategiyas\u0131 \u00e7ox \u00f6n\u0259mlidir. PR (Public Relations) \u015firk\u0259t v\u0259 m\u0259hsullar\u0131n m\u00fcsb\u0259t imicinin formala\u015fd\u0131r\u0131lmas\u0131nda \u0259sas rol oynay\u0131r. PR strategiyas\u0131, m\u0259hsulunuz haqq\u0131nda insan qruplar\u0131na v\u0259 qurumlara m\u0259lumat\u0131n do\u011fru \u015f\u0259kild\u0259 \u00e7atd\u0131r\u0131lmas\u0131n\u0131 v\u0259 bu m\u0259lumat\u0131n effektiv n\u0259tic\u0259l\u0259r\u0259 g\u0259tirilm\u0259sini h\u0259d\u0259fl\u0259yir. PR, m\u0259hsulun bazarda nec\u0259 q\u0259bul olunaca\u011f\u0131n\u0131, ictimaiyy\u0259tin ona m\u00fcnasib\u0259tini m\u00fc\u0259yy\u0259nl\u0259\u015fdirir v\u0259 brendin uzunm\u00fcdd\u0259tli u\u011furunu t\u0259min edir.<\/p>\n<p>H\u0259r bir m\u0259hsulun v\u0259 ya qurumun imici onun g\u0259l\u0259c\u0259kd\u0259 nec\u0259 tan\u0131naca\u011f\u0131n\u0131 m\u00fc\u0259yy\u0259nl\u0259\u015fdirir. Bu s\u0259b\u0259bd\u0259n, PR vasit\u0259sil\u0259 m\u0259hsulunuzu d\u00fczg\u00fcn strategiya il\u0259 tan\u0131tmaq, onu insanlar aras\u0131nda m\u00fcsb\u0259t imic sahibi etm\u0259k, bazarda r\u0259qab\u0259t g\u00fcc\u00fcn\u00fc art\u0131rmaq \u00fc\u00e7\u00fcn vacibdir. \u0130deart reklam agentliyi, media v\u0259 PR xidm\u0259tl\u0259ri vasit\u0259sil\u0259 m\u0259hsulunuzun keyfiyy\u0259tli tan\u0131t\u0131m\u0131n\u0131 t\u0259min ed\u0259r\u0259k, onun u\u011fur qazanmas\u0131na k\u00f6m\u0259k ed\u0259c\u0259k.<\/p>\n\t\n<\/div><div class=\"vc_empty_space\"   style=\"height: 90px\"><span class=\"vc_empty_space_inner\"><\/span><\/div><\/div><\/div><\/div><div class=\"wpb_column vc_column_container vc_col-sm-6\"><div class=\"vc_column-inner\"><div class=\"wpb_wrapper\"><div class=\"vc_empty_space\"   style=\"height: 20px\"><span class=\"vc_empty_space_inner\"><\/span><\/div><div class=\"norebro-icon-box-sc icon-box box-left\" \n\tid=\"norebro-custom-69e0071a8296e\" \n\t \n\t>\n\n\t<div class=\"icon-wrap\">\n\t\t\t\t\t<span class=\"ion-android-arrow-dropright-circle\"><\/span>\n\t\t\t<\/div>\n\n\t<div class=\"content-wrap\">\n\n\t\t<div class=\"content-center with-full\">\n\t\t\t<div class=\"wrap\">\n\t\t\t\t<h3>Reklam \u00e7arxlar \u00fc\u00e7\u00fcn ssenaril\u0259rin yazilmas\u0131<\/h3>\n\t\t\t\t\t\t\t<\/div>\n\t\t<\/div>\n\t\t\n\t\t\t<\/div>\n\t\t\n\t\t<p class=\"description content-full\">\n\t\t\t\t\t<\/p>\n\n\t\t\n\t\t\n<\/div><div class=\"vc_empty_space\"   style=\"height: 20px\"><span class=\"vc_empty_space_inner\"><\/span><\/div><div class=\"norebro-icon-box-sc icon-box box-left\" \n\tid=\"norebro-custom-69e0071a82a8c\" \n\t \n\t>\n\n\t<div class=\"icon-wrap\">\n\t\t\t\t\t<span class=\"ion-android-arrow-dropright-circle\"><\/span>\n\t\t\t<\/div>\n\n\t<div class=\"content-wrap\">\n\n\t\t<div class=\"content-center with-full\">\n\t\t\t<div class=\"wrap\">\n\t\t\t\t<h3>Reklam \u00e7arxlar\u0131n\u0131n montaj\u0131<\/h3>\n\t\t\t\t\t\t\t<\/div>\n\t\t<\/div>\n\t\t\n\t\t\t<\/div>\n\t\t\n\t\t<p class=\"description content-full\">\n\t\t\t\t\t<\/p>\n\n\t\t\n\t\t\n<\/div><div class=\"vc_empty_space\"   style=\"height: 20px\"><span class=\"vc_empty_space_inner\"><\/span><\/div><div class=\"norebro-icon-box-sc icon-box box-left\" \n\tid=\"norebro-custom-69e0071a82b7e\" \n\t \n\t>\n\n\t<div class=\"icon-wrap\">\n\t\t\t\t\t<span class=\"ion-android-arrow-dropright-circle\"><\/span>\n\t\t\t<\/div>\n\n\t<div class=\"content-wrap\">\n\n\t\t<div class=\"content-center with-full\">\n\t\t\t<div class=\"wrap\">\n\t\t\t\t<h3>Reklam \u00e7arxlar\u0131n\u0131n \u00e7\u0259kili\u015fi (yaz\u0131lmas\u0131)<\/h3>\n\t\t\t\t\t\t\t<\/div>\n\t\t<\/div>\n\t\t\n\t\t\t<\/div>\n\t\t\n\t\t<p class=\"description content-full\">\n\t\t\t\t\t<\/p>\n\n\t\t\n\t\t\n<\/div><div class=\"vc_empty_space\"   style=\"height: 20px\"><span class=\"vc_empty_space_inner\"><\/span><\/div><\/div><\/div><\/div><div class=\"wpb_column vc_column_container vc_col-sm-6\"><div class=\"vc_column-inner\"><div class=\"wpb_wrapper\"><div class=\"vc_empty_space\"   style=\"height: 20px\"><span class=\"vc_empty_space_inner\"><\/span><\/div><div class=\"norebro-icon-box-sc icon-box box-left\" \n\tid=\"norebro-custom-69e0071a82ddd\" \n\t \n\t>\n\n\t<div class=\"icon-wrap\">\n\t\t\t\t\t<span class=\"ion-android-arrow-dropright-circle\"><\/span>\n\t\t\t<\/div>\n\n\t<div class=\"content-wrap\">\n\n\t\t<div class=\"content-center with-full\">\n\t\t\t<div class=\"wrap\">\n\t\t\t\t<h3>Reklam \u00e7arxlar\u0131n\u0131n mediada yerl\u0259\u015fdirilm\u0259si<\/h3>\n\t\t\t\t\t\t\t<\/div>\n\t\t<\/div>\n\t\t\n\t\t\t<\/div>\n\t\t\n\t\t<p class=\"description content-full\">\n\t\t\t\t\t<\/p>\n\n\t\t\n\t\t\n<\/div><div class=\"vc_empty_space\"   style=\"height: 20px\"><span class=\"vc_empty_space_inner\"><\/span><\/div><div class=\"norebro-icon-box-sc icon-box box-left\" \n\tid=\"norebro-custom-69e0071a82ecd\" \n\t \n\t>\n\n\t<div class=\"icon-wrap\">\n\t\t\t\t\t<span class=\"ion-android-arrow-dropright-circle\"><\/span>\n\t\t\t<\/div>\n\n\t<div class=\"content-wrap\">\n\n\t\t<div class=\"content-center with-full\">\n\t\t\t<div class=\"wrap\">\n\t\t\t\t<h3>\u015eirk\u0259tl\u0259rin PR strategiyalar\u0131n\u0131n haz\u0131rlanmas\u0131<\/h3>\n\t\t\t\t\t\t\t<\/div>\n\t\t<\/div>\n\t\t\n\t\t\t<\/div>\n\t\t\n\t\t<p class=\"description content-full\">\n\t\t\t\t\t<\/p>\n\n\t\t\n\t\t\n<\/div><div class=\"vc_empty_space\"   style=\"height: 20px\"><span class=\"vc_empty_space_inner\"><\/span><\/div><div class=\"norebro-icon-box-sc icon-box box-left\" \n\tid=\"norebro-custom-69e0071a82fb5\" \n\t \n\t>\n\n\t<div class=\"icon-wrap\">\n\t\t\t\t\t<span class=\"ion-android-arrow-dropright-circle\"><\/span>\n\t\t\t<\/div>\n\n\t<div class=\"content-wrap\">\n\n\t\t<div class=\"content-center with-full\">\n\t\t\t<div class=\"wrap\">\n\t\t\t\t<h3>T\u0259dbirl\u0259rin t\u0259\u015fkili<\/h3>\n\t\t\t\t\t\t\t<\/div>\n\t\t<\/div>\n\t\t\n\t\t\t<\/div>\n\t\t\n\t\t<p class=\"description content-full\">\n\t\t\t\t\t<\/p>\n\n\t\t\n\t\t\n<\/div><div class=\"vc_empty_space\"   style=\"height: 20px\"><span class=\"vc_empty_space_inner\"><\/span><\/div><\/div><\/div><\/div><div class=\"wpb_column vc_column_container vc_col-sm-12\"><div class=\"vc_column-inner\"><div class=\"wpb_wrapper\"><div class=\"vc_empty_space\"   style=\"height: 120px\"><span class=\"vc_empty_space_inner\"><\/span><\/div><\/div><\/div><\/div><\/div><div class=\"vc_row-full-width vc_clearfix\"><\/div>\n","protected":false},"excerpt":{"rendered":"\u041cedia v\u0259 PR M\u0259hsulun ictimaiyy\u0259t\u0259 v\u0259 potensial m\u00fc\u015ft\u0259ril\u0259r\u0259 g\u00f6st\u0259ri\u015fli v\u0259 effektiv \u015f\u0259kild\u0259 t\u0259qdim olunmas\u0131nda...","protected":false},"author":1,"featured_media":0,"parent":0,"menu_order":0,"comment_status":"closed","ping_status":"closed","template":"","meta":[],"yoast_head":"<!-- This site is optimized with the Yoast SEO Premium plugin v16.7 (Yoast SEO v16.8) - https:\/\/yoast.com\/wordpress\/plugins\/seo\/ -->\n<title>\u041cedia v\u0259 PR Xidm\u0259ti | Ideart Reklam Agentliyi<\/title>\n<meta name=\"robots\" content=\"index, follow, max-snippet:-1, max-image-preview:large, max-video-preview:-1\" \/>\n<link rel=\"canonical\" href=\"https:\/\/ideart.az\/az\/media-pr\/\" \/>\n<meta property=\"og:locale\" content=\"az_AZ\" \/>\n<meta property=\"og:type\" content=\"article\" \/>\n<meta property=\"og:title\" content=\"\u041cedia v\u0259 PR Xidm\u0259ti\" \/>\n<meta property=\"og:url\" content=\"https:\/\/ideart.az\/az\/media-pr\/\" \/>\n<meta property=\"og:site_name\" content=\"Ideart Reklam Agentliyi\" \/>\n<meta property=\"article:publisher\" content=\"https:\/\/www.facebook.com\/ideartagency\" \/>\n<meta property=\"article:modified_time\" content=\"2024-09-17T01:07:00+00:00\" \/>\n<meta name=\"twitter:card\" content=\"summary_large_image\" \/>\n<meta name=\"twitter:label1\" content=\"Est. reading time\" \/>\n\t<meta name=\"twitter:data1\" content=\"2 minutes\" \/>\n<script type=\"application\/ld+json\" class=\"yoast-schema-graph\">{\"@context\":\"https:\/\/schema.org\",\"@graph\":[{\"@type\":\"WebSite\",\"@id\":\"https:\/\/ideart.az\/az\/#website\",\"url\":\"https:\/\/ideart.az\/az\/\",\"name\":\"Ideart Reklam Agentliyi\",\"description\":\"Biz i\\u015fimizi bilirik!\",\"potentialAction\":[{\"@type\":\"SearchAction\",\"target\":{\"@type\":\"EntryPoint\",\"urlTemplate\":\"https:\/\/ideart.az\/az\/?s={search_term_string}\"},\"query-input\":\"required name=search_term_string\"}],\"inLanguage\":\"az\"},{\"@type\":\"WebPage\",\"@id\":\"https:\/\/ideart.az\/az\/media-pr\/#webpage\",\"url\":\"https:\/\/ideart.az\/az\/media-pr\/\",\"name\":\"\\u041cedia v\\u0259 PR Xidm\\u0259ti | Ideart Reklam Agentliyi\",\"isPartOf\":{\"@id\":\"https:\/\/ideart.az\/az\/#website\"},\"datePublished\":\"2021-06-27T01:48:25+00:00\",\"dateModified\":\"2024-09-17T01:07:00+00:00\",\"breadcrumb\":{\"@id\":\"https:\/\/ideart.az\/az\/media-pr\/#breadcrumb\"},\"inLanguage\":\"az\",\"potentialAction\":[{\"@type\":\"ReadAction\",\"target\":[\"https:\/\/ideart.az\/az\/media-pr\/\"]}]},{\"@type\":\"BreadcrumbList\",\"@id\":\"https:\/\/ideart.az\/az\/media-pr\/#breadcrumb\",\"itemListElement\":[{\"@type\":\"ListItem\",\"position\":1,\"name\":\"Home\",\"item\":\"https:\/\/ideart.az\/az\/\"},{\"@type\":\"ListItem\",\"position\":2,\"name\":\"\\u041cedia v\\u0259 PR Xidm\\u0259ti\"}]}]}<\/script>\n<!-- \/ Yoast SEO Premium plugin. -->","yoast_head_json":{"title":"\u041cedia v\u0259 PR Xidm\u0259ti | Ideart Reklam Agentliyi","robots":{"index":"index","follow":"follow","max-snippet":"max-snippet:-1","max-image-preview":"max-image-preview:large","max-video-preview":"max-video-preview:-1"},"canonical":"https:\/\/ideart.az\/az\/media-pr\/","og_locale":"az_AZ","og_type":"article","og_title":"\u041cedia v\u0259 PR Xidm\u0259ti","og_url":"https:\/\/ideart.az\/az\/media-pr\/","og_site_name":"Ideart Reklam Agentliyi","article_publisher":"https:\/\/www.facebook.com\/ideartagency","article_modified_time":"2024-09-17T01:07:00+00:00","twitter_card":"summary_large_image","twitter_misc":{"Est. reading time":"2 minutes"},"schema":{"@context":"https:\/\/schema.org","@graph":[{"@type":"WebSite","@id":"https:\/\/ideart.az\/az\/#website","url":"https:\/\/ideart.az\/az\/","name":"Ideart Reklam Agentliyi","description":"Biz i\u015fimizi bilirik!","potentialAction":[{"@type":"SearchAction","target":{"@type":"EntryPoint","urlTemplate":"https:\/\/ideart.az\/az\/?s={search_term_string}"},"query-input":"required name=search_term_string"}],"inLanguage":"az"},{"@type":"WebPage","@id":"https:\/\/ideart.az\/az\/media-pr\/#webpage","url":"https:\/\/ideart.az\/az\/media-pr\/","name":"\u041cedia v\u0259 PR Xidm\u0259ti | Ideart Reklam Agentliyi","isPartOf":{"@id":"https:\/\/ideart.az\/az\/#website"},"datePublished":"2021-06-27T01:48:25+00:00","dateModified":"2024-09-17T01:07:00+00:00","breadcrumb":{"@id":"https:\/\/ideart.az\/az\/media-pr\/#breadcrumb"},"inLanguage":"az","potentialAction":[{"@type":"ReadAction","target":["https:\/\/ideart.az\/az\/media-pr\/"]}]},{"@type":"BreadcrumbList","@id":"https:\/\/ideart.az\/az\/media-pr\/#breadcrumb","itemListElement":[{"@type":"ListItem","position":1,"name":"Home","item":"https:\/\/ideart.az\/az\/"},{"@type":"ListItem","position":2,"name":"\u041cedia v\u0259 PR Xidm\u0259ti"}]}]}},"_links":{"self":[{"href":"https:\/\/ideart.az\/az\/wp-json\/wp\/v2\/pages\/5656358"}],"collection":[{"href":"https:\/\/ideart.az\/az\/wp-json\/wp\/v2\/pages"}],"about":[{"href":"https:\/\/ideart.az\/az\/wp-json\/wp\/v2\/types\/page"}],"author":[{"embeddable":true,"href":"https:\/\/ideart.az\/az\/wp-json\/wp\/v2\/users\/1"}],"replies":[{"embeddable":true,"href":"https:\/\/ideart.az\/az\/wp-json\/wp\/v2\/comments?post=5656358"}],"version-history":[{"count":0,"href":"https:\/\/ideart.az\/az\/wp-json\/wp\/v2\/pages\/5656358\/revisions"}],"wp:attachment":[{"href":"https:\/\/ideart.az\/az\/wp-json\/wp\/v2\/media?parent=5656358"}],"curies":[{"name":"wp","href":"https:\/\/api.w.org\/{rel}","templated":true}]}}