{"id":5656353,"date":"2021-06-27T01:28:04","date_gmt":"2021-06-27T01:28:04","guid":{"rendered":"https:\/\/ideart.az\/?page_id=5656353"},"modified":"2024-09-17T01:05:52","modified_gmt":"2024-09-17T01:05:52","slug":"reqemsal-marketinq","status":"publish","type":"page","link":"https:\/\/ideart.az\/az\/reqemsal-marketinq\/","title":{"rendered":"R\u0259q\u0259msal Marketinq"},"content":{"rendered":"<div data-vc-full-width=\"true\" data-vc-full-width-init=\"false\" class=\"vc_row wpb_row vc_row-fluid vc_custom_1726535143527\"><div class=\"vc-bg-lines dark\"><div><\/div><div><\/div><div><\/div><div><\/div><div><\/div><div><\/div><div><\/div><\/div><div class=\"vc-bg-side-text left\" id=\"norebro-custom-69e00732c2cd8\">R\u0259q\u0259msal marketinq<\/div><div class=\"wpb_column vc_column_container vc_col-sm-12\"><div class=\"vc_column-inner\"><div class=\"wpb_wrapper\"><div class=\"vc_empty_space\"   style=\"height: 30px\"><span class=\"vc_empty_space_inner\"><\/span><\/div><div class=\"norebro-text-sc \" \n\tid=\"norebro-custom-69e00732c3158\" \n\t \n\t>\n\n\t<p>R\u0259q\u0259msal\/digital d\u00f6vrd\u0259 internet istifad\u0259\u00e7il\u0259rinin say\u0131n\u0131n s\u00fcr\u0259tl\u0259 artmas\u0131 il\u0259 \u0259laq\u0259dar olaraq, kommersiya v\u0259 ya ictimai t\u0259\u015fkilatlar\u0131n onlayn platformalarda aktiv olmas\u0131 vacib \u015f\u0259rtl\u0259rd\u0259n birin\u0259 \u00e7evrilib. \u0130nsanlar g\u00fcnd\u0259lik h\u0259yatlar\u0131n\u0131n \u0259h\u0259miyy\u0259tli hiss\u0259sini internetd\u0259 ke\u00e7irir v\u0259 m\u00fcxt\u0259lif cihazlar vasit\u0259sil\u0259 m\u0259lumat axtar\u0131r, m\u0259hsul v\u0259 xidm\u0259tl\u0259r haqq\u0131nda \u00f6yr\u0259nirl\u0259r. Bu s\u0259b\u0259bd\u0259n, \u015firk\u0259tl\u0259rin \u00f6z reklamlar\u0131n\u0131 internet \u00fcz\u0259rind\u0259n h\u0259d\u0259f k\u00fctl\u0259l\u0259rin\u0259 \u00e7atd\u0131rmas\u0131, onlar\u0131n brendl\u0259ri haqq\u0131nda m\u0259lumat verm\u0259si m\u00fcasir marketinq strategiyalar\u0131nda m\u00fch\u00fcm yer tutur.<\/p>\n<p>\u0130deart reklam agentliyinin digital departament komandas\u0131, \u015firk\u0259tinizin r\u0259q\u0259msal m\u00fchitd\u0259 effektiv \u015f\u0259kild\u0259 t\u0259msil olunmas\u0131na k\u00f6m\u0259k edir. Google, Yandex, Bing kimi axtar\u0131\u015f platformalar\u0131nda yer alan reklam kampaniyalar\u0131, m\u00fc\u015ft\u0259ril\u0259rinizin sizin m\u0259hsul v\u0259 ya xidm\u0259tl\u0259ri axtarark\u0259n onlar\u0131 asanl\u0131qla tapmalar\u0131n\u0131 t\u0259min edir. Axtar\u0131\u015f platformalar\u0131nda yerl\u0259\u015fdiril\u0259n reklamlar, d\u00fczg\u00fcn \u015f\u0259kild\u0259 optimalla\u015fd\u0131r\u0131ld\u0131qda, potensial m\u00fc\u015ft\u0259ril\u0259r\u0259 daha d\u0259qiq \u015f\u0259kild\u0259 \u00e7at\u0131r v\u0259 onlar\u0131n sizin veb-sayt\u0131n\u0131za v\u0259 ya t\u0259klif etdiyiniz xidm\u0259tl\u0259r\u0259 maraq g\u00f6st\u0259rm\u0259sin\u0259 s\u0259b\u0259b olur.<\/p>\n<p>Bundan \u0259lav\u0259, Facebook, Instagram, YouTube, LinkedIn kimi populyar sosial \u015f\u0259b\u0259k\u0259l\u0259rd\u0259 apar\u0131lan reklam kampaniyalar\u0131, daha geni\u015f auditoriyaya \u00e7atmaq v\u0259 marka tan\u0131t\u0131m\u0131n\u0131 g\u00fccl\u0259ndirm\u0259k \u00fc\u00e7\u00fcn t\u0259sirli vasit\u0259l\u0259rdir. Bu platformalarda reklamlar, istifad\u0259\u00e7il\u0259rin maraqlar\u0131na v\u0259 davran\u0131\u015flar\u0131na \u0259saslanaraq h\u0259d\u0259fl\u0259nir, bu da \u015firk\u0259tinizin yaln\u0131z do\u011fru auditoriyaya \u00e7atd\u0131r\u0131lmas\u0131n\u0131 t\u0259min edir. Sosial media reklamlar\u0131 brendinizin sosial platformalarda davaml\u0131 olaraq g\u00f6r\u00fcnm\u0259sini v\u0259 geni\u015f k\u00fctl\u0259 t\u0259r\u0259find\u0259n tan\u0131nmas\u0131n\u0131 t\u0259min edir.<\/p>\n<p>E-po\u00e7t marketinqi is\u0259 m\u00f6vcud v\u0259 potensial m\u00fc\u015ft\u0259ril\u0259rl\u0259 birba\u015fa \u0259laq\u0259 yaratmaq \u00fc\u00e7\u00fcn effektiv bir vasit\u0259dir. E-po\u00e7t vasit\u0259sil\u0259 \u015firk\u0259tinizin yeni t\u0259klifl\u0259rini, kampaniyalar\u0131n\u0131 v\u0259 dig\u0259r m\u0259lumatlar\u0131 h\u0259d\u0259f k\u00fctl\u0259niz\u0259 birba\u015fa \u00e7atd\u0131rmaq m\u00fcmk\u00fcnd\u00fcr. M\u00fc\u015ft\u0259ril\u0259rl\u0259 bu n\u00f6v \u015f\u0259xsi \u0259laq\u0259 qurmaq onlar\u0131n mara\u011f\u0131n\u0131 saxlama\u011fa v\u0259 uzunm\u00fcdd\u0259tli \u0259laq\u0259l\u0259r yaratma\u011fa k\u00f6m\u0259k edir.<\/p>\n\t\n<\/div><div class=\"vc_empty_space\"   style=\"height: 90px\"><span class=\"vc_empty_space_inner\"><\/span><\/div><\/div><\/div><\/div><div class=\"wpb_column vc_column_container vc_col-sm-4\"><div class=\"vc_column-inner\"><div class=\"wpb_wrapper\"><div class=\"vc_empty_space\"   style=\"height: 20px\"><span class=\"vc_empty_space_inner\"><\/span><\/div><div class=\"norebro-icon-box-sc icon-box text-center\" \n\tid=\"norebro-custom-69e00732c33b8\" \n\t \n\t>\n\n\t<div class=\"icon-wrap shape-border shape-rounded\">\n\t\t\t\t\t<span class=\"ion-radio-waves\"><\/span>\n\t\t\t<\/div>\n\n\t<div class=\"content-wrap\">\n\n\t\t<div class=\"content-center with-full\">\n\t\t\t<div class=\"wrap\">\n\t\t\t\t<h3>Axtar\u0131\u015f platformalar\u0131nda kontekst reklamlar<\/h3>\n\t\t\t\t\t\t\t<\/div>\n\t\t<\/div>\n\t\t\n\t\t\t<\/div>\n\t\t\n\t\t<p class=\"description content-full\">\n\t\t\tGoogle, Yandex , Bing kimi geni\u015f istifad\u0259 olunan axtar\u0131\u015f platformalar\u0131nda markan\u0131z\u0131 effektiv reklamlarla d\u0259st\u0259kl\u0259yirik.\t\t<\/p>\n\n\t\t\n\t\t\n<\/div><div class=\"vc_empty_space\"   style=\"height: 20px\"><span class=\"vc_empty_space_inner\"><\/span><\/div><div class=\"norebro-icon-box-sc icon-box text-center\" \n\tid=\"norebro-custom-69e00732c34f9\" \n\t \n\t>\n\n\t<div class=\"icon-wrap shape-border shape-rounded\">\n\t\t\t\t\t<span class=\"ion-thumbsup\"><\/span>\n\t\t\t<\/div>\n\n\t<div class=\"content-wrap\">\n\n\t\t<div class=\"content-center with-full\">\n\t\t\t<div class=\"wrap\">\n\t\t\t\t<h3>Sosial \u015f\u0259b\u0259k\u0259l\u0259rin idar\u0259 olunmas\u0131 (SMM)<\/h3>\n\t\t\t\t\t\t\t<\/div>\n\t\t<\/div>\n\t\t\n\t\t\t<\/div>\n\t\t\n\t\t<p class=\"description content-full\">\n\t\t\tMarkan\u0131z\u0131n m\u00fcxt\u0259lif sosial \u015f\u0259b\u0259k\u0259 hesablar\u0131nda aktivliyini v\u0259 daim y\u00fcks\u0259lm\u0259sini t\u0259min edirik.\t\t<\/p>\n\n\t\t\n\t\t\n<\/div><div class=\"vc_empty_space\"   style=\"height: 20px\"><span class=\"vc_empty_space_inner\"><\/span><\/div><\/div><\/div><\/div><div class=\"wpb_column vc_column_container vc_col-sm-4\"><div class=\"vc_column-inner\"><div class=\"wpb_wrapper\"><div class=\"vc_empty_space\"   style=\"height: 20px\"><span class=\"vc_empty_space_inner\"><\/span><\/div><div class=\"norebro-icon-box-sc icon-box text-center\" \n\tid=\"norebro-custom-69e00732c3765\" \n\t \n\t>\n\n\t<div class=\"icon-wrap shape-border shape-rounded\">\n\t\t\t\t\t<span class=\"ion-android-mail\"><\/span>\n\t\t\t<\/div>\n\n\t<div class=\"content-wrap\">\n\n\t\t<div class=\"content-center with-full\">\n\t\t\t<div class=\"wrap\">\n\t\t\t\t<h3>E-mail marketinq<\/h3>\n\t\t\t\t\t\t\t<\/div>\n\t\t<\/div>\n\t\t\n\t\t\t<\/div>\n\t\t\n\t\t<p class=\"description content-full\">\n\t\t\tKooperativ v\u0259 f\u0259rdi m\u00fc\u015ft\u0259ril\u0259riniz\u0259 elektron po\u00e7tlar vasit\u0259sil\u0259 \u00e7atma\u011f\u0131n\u0131z v\u0259 onlara \u00f6z markan\u0131z\u0131 tan\u0131tman\u0131z \u00fc\u00e7\u00fcn geni\u015f imkanlar v\u0259d edirik.\t\t<\/p>\n\n\t\t\n\t\t\n<\/div><div class=\"vc_empty_space\"   style=\"height: 20px\"><span class=\"vc_empty_space_inner\"><\/span><\/div><div class=\"norebro-icon-box-sc icon-box text-center\" \n\tid=\"norebro-custom-69e00732c3858\" \n\t \n\t>\n\n\t<div class=\"icon-wrap shape-border shape-rounded\">\n\t\t\t\t\t<span class=\"ion-at\"><\/span>\n\t\t\t<\/div>\n\n\t<div class=\"content-wrap\">\n\n\t\t<div class=\"content-center with-full\">\n\t\t\t<div class=\"wrap\">\n\t\t\t\t<h3>Kooperativ mail<\/h3>\n\t\t\t\t\t\t\t<\/div>\n\t\t<\/div>\n\t\t\n\t\t\t<\/div>\n\t\t\n\t\t<p class=\"description content-full\">\n\t\t\tMarkan\u0131z v\u0259 \u015firk\u0259tiniz \u00fc\u00e7\u00fcn kooperativ maill\u0259rin yarad\u0131lmas\u0131 v\u0259 idar\u0259 olunmas\u0131 xidm\u0259ti\t\t<\/p>\n\n\t\t\n\t\t\n<\/div><div class=\"vc_empty_space\"   style=\"height: 20px\"><span class=\"vc_empty_space_inner\"><\/span><\/div><\/div><\/div><\/div><div class=\"wpb_column vc_column_container vc_col-sm-4\"><div class=\"vc_column-inner\"><div class=\"wpb_wrapper\"><div class=\"vc_empty_space\"   style=\"height: 20px\"><span class=\"vc_empty_space_inner\"><\/span><\/div><div class=\"norebro-icon-box-sc icon-box text-center\" \n\tid=\"norebro-custom-69e00732c3ac6\" \n\t \n\t>\n\n\t<div class=\"icon-wrap shape-border shape-rounded\">\n\t\t\t\t\t<span class=\"ion-ios-world\"><\/span>\n\t\t\t<\/div>\n\n\t<div class=\"content-wrap\">\n\n\t\t<div class=\"content-center with-full\">\n\t\t\t<div class=\"wrap\">\n\t\t\t\t<h3>Veb-saytlar\u0131n optimizasiyas\u0131<\/h3>\n\t\t\t\t\t\t\t<\/div>\n\t\t<\/div>\n\t\t\n\t\t\t<\/div>\n\t\t\n\t\t<p class=\"description content-full\">\n\t\t\tSaytlar\u0131n\u0131z\u0131n SEO (Axtar\u0131\u015f sisteml\u0259ri ), SO (S\u00fcr\u0259t ) v\u0259 AVO (T\u0259hl\u00fck\u0259sizlik) optimizasiyalar\u0131 pe\u015f\u0259kar \u0259m\u0259kda\u015flar\u0131m\u0131z t\u0259r\u0259find\u0259n apar\u0131l\u0131r\t\t<\/p>\n\n\t\t\n\t\t\n<\/div><div class=\"vc_empty_space\"   style=\"height: 20px\"><span class=\"vc_empty_space_inner\"><\/span><\/div><div class=\"norebro-icon-box-sc icon-box text-center\" \n\tid=\"norebro-custom-69e00732c3bbc\" \n\t \n\t>\n\n\t<div class=\"icon-wrap shape-border shape-rounded\">\n\t\t\t\t\t<span class=\"ion-laptop\"><\/span>\n\t\t\t<\/div>\n\n\t<div class=\"content-wrap\">\n\n\t\t<div class=\"content-center with-full\">\n\t\t\t<div class=\"wrap\">\n\t\t\t\t<h3>Displey reklamlar\u0131n yerl\u0259\u015fdirilm\u0259si<\/h3>\n\t\t\t\t\t\t\t<\/div>\n\t\t<\/div>\n\t\t\n\t\t\t<\/div>\n\t\t\n\t\t<p class=\"description content-full\">\n\t\t\tMarkan\u0131za m\u0259xsus display reklamlar\u0131n t\u0259l\u0259bl\u0259r\u0259 uy\u011fun platformlarda yerl\u0259\u015fdirilm\u0259si\t\t<\/p>\n\n\t\t\n\t\t\n<\/div><div class=\"vc_empty_space\"   style=\"height: 20px\"><span class=\"vc_empty_space_inner\"><\/span><\/div><div class=\"vc_empty_space\"   style=\"height: 20px\"><span class=\"vc_empty_space_inner\"><\/span><\/div><\/div><\/div><\/div><div class=\"wpb_column vc_column_container vc_col-sm-12\"><div class=\"vc_column-inner\"><div class=\"wpb_wrapper\"><div class=\"vc_empty_space\"   style=\"height: 120px\"><span class=\"vc_empty_space_inner\"><\/span><\/div><\/div><\/div><\/div><\/div><div class=\"vc_row-full-width vc_clearfix\"><\/div>\n","protected":false},"excerpt":{"rendered":"R\u0259q\u0259msal marketinq R\u0259q\u0259msal\/digital d\u00f6vrd\u0259 internet istifad\u0259\u00e7il\u0259rinin say\u0131n\u0131n s\u00fcr\u0259tl\u0259 artmas\u0131 il\u0259 \u0259laq\u0259dar olaraq, kommersiya v\u0259...","protected":false},"author":1,"featured_media":0,"parent":0,"menu_order":0,"comment_status":"closed","ping_status":"closed","template":"","meta":[],"yoast_head":"<!-- This site is optimized with the Yoast SEO Premium plugin v16.7 (Yoast SEO v16.8) - https:\/\/yoast.com\/wordpress\/plugins\/seo\/ -->\n<title>R\u0259q\u0259msal Marketinq | Ideart Reklam Agentliyi<\/title>\n<meta name=\"robots\" content=\"index, follow, max-snippet:-1, max-image-preview:large, max-video-preview:-1\" \/>\n<link rel=\"canonical\" href=\"https:\/\/ideart.az\/az\/reqemsal-marketinq\/\" \/>\n<meta property=\"og:locale\" content=\"az_AZ\" \/>\n<meta property=\"og:type\" content=\"article\" \/>\n<meta property=\"og:title\" content=\"R\u0259q\u0259msal Marketinq\" \/>\n<meta property=\"og:url\" content=\"https:\/\/ideart.az\/az\/reqemsal-marketinq\/\" \/>\n<meta property=\"og:site_name\" content=\"Ideart Reklam Agentliyi\" \/>\n<meta property=\"article:publisher\" content=\"https:\/\/www.facebook.com\/ideartagency\" \/>\n<meta property=\"article:modified_time\" content=\"2024-09-17T01:05:52+00:00\" \/>\n<meta name=\"twitter:card\" content=\"summary_large_image\" \/>\n<meta name=\"twitter:label1\" content=\"Est. reading time\" \/>\n\t<meta name=\"twitter:data1\" content=\"2 minutes\" \/>\n<script type=\"application\/ld+json\" class=\"yoast-schema-graph\">{\"@context\":\"https:\/\/schema.org\",\"@graph\":[{\"@type\":\"WebSite\",\"@id\":\"https:\/\/ideart.az\/az\/#website\",\"url\":\"https:\/\/ideart.az\/az\/\",\"name\":\"Ideart Reklam Agentliyi\",\"description\":\"Biz i\\u015fimizi bilirik!\",\"potentialAction\":[{\"@type\":\"SearchAction\",\"target\":{\"@type\":\"EntryPoint\",\"urlTemplate\":\"https:\/\/ideart.az\/az\/?s={search_term_string}\"},\"query-input\":\"required name=search_term_string\"}],\"inLanguage\":\"az\"},{\"@type\":\"WebPage\",\"@id\":\"https:\/\/ideart.az\/az\/reqemsal-marketinq\/#webpage\",\"url\":\"https:\/\/ideart.az\/az\/reqemsal-marketinq\/\",\"name\":\"R\\u0259q\\u0259msal Marketinq | Ideart Reklam Agentliyi\",\"isPartOf\":{\"@id\":\"https:\/\/ideart.az\/az\/#website\"},\"datePublished\":\"2021-06-27T01:28:04+00:00\",\"dateModified\":\"2024-09-17T01:05:52+00:00\",\"breadcrumb\":{\"@id\":\"https:\/\/ideart.az\/az\/reqemsal-marketinq\/#breadcrumb\"},\"inLanguage\":\"az\",\"potentialAction\":[{\"@type\":\"ReadAction\",\"target\":[\"https:\/\/ideart.az\/az\/reqemsal-marketinq\/\"]}]},{\"@type\":\"BreadcrumbList\",\"@id\":\"https:\/\/ideart.az\/az\/reqemsal-marketinq\/#breadcrumb\",\"itemListElement\":[{\"@type\":\"ListItem\",\"position\":1,\"name\":\"Home\",\"item\":\"https:\/\/ideart.az\/az\/\"},{\"@type\":\"ListItem\",\"position\":2,\"name\":\"R\\u0259q\\u0259msal Marketinq\"}]}]}<\/script>\n<!-- \/ Yoast SEO Premium plugin. -->","yoast_head_json":{"title":"R\u0259q\u0259msal Marketinq | Ideart Reklam Agentliyi","robots":{"index":"index","follow":"follow","max-snippet":"max-snippet:-1","max-image-preview":"max-image-preview:large","max-video-preview":"max-video-preview:-1"},"canonical":"https:\/\/ideart.az\/az\/reqemsal-marketinq\/","og_locale":"az_AZ","og_type":"article","og_title":"R\u0259q\u0259msal Marketinq","og_url":"https:\/\/ideart.az\/az\/reqemsal-marketinq\/","og_site_name":"Ideart Reklam Agentliyi","article_publisher":"https:\/\/www.facebook.com\/ideartagency","article_modified_time":"2024-09-17T01:05:52+00:00","twitter_card":"summary_large_image","twitter_misc":{"Est. reading time":"2 minutes"},"schema":{"@context":"https:\/\/schema.org","@graph":[{"@type":"WebSite","@id":"https:\/\/ideart.az\/az\/#website","url":"https:\/\/ideart.az\/az\/","name":"Ideart Reklam Agentliyi","description":"Biz i\u015fimizi bilirik!","potentialAction":[{"@type":"SearchAction","target":{"@type":"EntryPoint","urlTemplate":"https:\/\/ideart.az\/az\/?s={search_term_string}"},"query-input":"required name=search_term_string"}],"inLanguage":"az"},{"@type":"WebPage","@id":"https:\/\/ideart.az\/az\/reqemsal-marketinq\/#webpage","url":"https:\/\/ideart.az\/az\/reqemsal-marketinq\/","name":"R\u0259q\u0259msal Marketinq | Ideart Reklam Agentliyi","isPartOf":{"@id":"https:\/\/ideart.az\/az\/#website"},"datePublished":"2021-06-27T01:28:04+00:00","dateModified":"2024-09-17T01:05:52+00:00","breadcrumb":{"@id":"https:\/\/ideart.az\/az\/reqemsal-marketinq\/#breadcrumb"},"inLanguage":"az","potentialAction":[{"@type":"ReadAction","target":["https:\/\/ideart.az\/az\/reqemsal-marketinq\/"]}]},{"@type":"BreadcrumbList","@id":"https:\/\/ideart.az\/az\/reqemsal-marketinq\/#breadcrumb","itemListElement":[{"@type":"ListItem","position":1,"name":"Home","item":"https:\/\/ideart.az\/az\/"},{"@type":"ListItem","position":2,"name":"R\u0259q\u0259msal Marketinq"}]}]}},"_links":{"self":[{"href":"https:\/\/ideart.az\/az\/wp-json\/wp\/v2\/pages\/5656353"}],"collection":[{"href":"https:\/\/ideart.az\/az\/wp-json\/wp\/v2\/pages"}],"about":[{"href":"https:\/\/ideart.az\/az\/wp-json\/wp\/v2\/types\/page"}],"author":[{"embeddable":true,"href":"https:\/\/ideart.az\/az\/wp-json\/wp\/v2\/users\/1"}],"replies":[{"embeddable":true,"href":"https:\/\/ideart.az\/az\/wp-json\/wp\/v2\/comments?post=5656353"}],"version-history":[{"count":0,"href":"https:\/\/ideart.az\/az\/wp-json\/wp\/v2\/pages\/5656353\/revisions"}],"wp:attachment":[{"href":"https:\/\/ideart.az\/az\/wp-json\/wp\/v2\/media?parent=5656353"}],"curies":[{"name":"wp","href":"https:\/\/api.w.org\/{rel}","templated":true}]}}