{"id":5656329,"date":"2021-06-26T22:24:32","date_gmt":"2021-06-26T22:24:32","guid":{"rendered":"https:\/\/ideart.az\/?page_id=5656329"},"modified":"2024-09-17T00:59:57","modified_gmt":"2024-09-17T00:59:57","slug":"dizayn-xidmetleri","status":"publish","type":"page","link":"https:\/\/ideart.az\/az\/dizayn-xidmetleri\/","title":{"rendered":"Dizayn xidm\u0259tl\u0259ri"},"content":{"rendered":"<div data-vc-full-width=\"true\" data-vc-full-width-init=\"false\" class=\"vc_row wpb_row vc_row-fluid vc_custom_1726534773694\"><div class=\"vc-bg-lines dark\"><div><\/div><div><\/div><div><\/div><div><\/div><div><\/div><div><\/div><div><\/div><\/div><div class=\"vc-bg-side-text left\" id=\"norebro-custom-69e007186dc1b\">Dizayn xidm\u0259ti<\/div><div class=\"wpb_column vc_column_container vc_col-sm-12\"><div class=\"vc_column-inner\"><div class=\"wpb_wrapper\"><div class=\"vc_empty_space\"   style=\"height: 30px\"><span class=\"vc_empty_space_inner\"><\/span><\/div><div class=\"norebro-text-sc \" \n\tid=\"norebro-custom-69e007186e4d9\" \n\t \n\t>\n\n\t<p>H\u0259r g\u00fcn n\u0259z\u0259rimiz\u0259 m\u00fcxt\u0259lif c\u00fcr reklamlar \u00e7arp\u0131r \u2013 k\u00fc\u00e7\u0259l\u0259rd\u0259, ticar\u0259t m\u0259rk\u0259zl\u0259rind\u0259, d\u00fckanlarda, avtobus dayanacaqlar\u0131nda v\u0259 bir \u00e7ox ba\u015fqa ictimai m\u0259kanlarda. H\u0259yat\u0131n bir par\u00e7as\u0131 olan bu reklamlar, markalar, m\u0259hsullar v\u0259 xidm\u0259tl\u0259r haqq\u0131nda m\u0259lumatlar\u0131 istehlak\u00e7\u0131lara \u00e7atd\u0131rmaq \u00fc\u00e7\u00fcn vacib vasit\u0259l\u0259rd\u0259n biridir. \u0130nsanlar h\u0259r g\u00fcn bir \u00e7ox reklam m\u0259zmunu il\u0259 qar\u015f\u0131la\u015f\u0131r, amma bu m\u0259zmunlar\u0131n bir \u00e7oxu f\u0259rqli t\u0259sir ba\u011f\u0131\u015flay\u0131r. H\u0259r bir reklam\u0131n m\u0259qs\u0259di potensial m\u00fc\u015ft\u0259rini c\u0259lb etm\u0259kdir v\u0259 burada reklam\u0131n dizayn\u0131 m\u00fch\u00fcm rol oynay\u0131r. G\u00fccl\u00fc dizayn yaln\u0131z diqq\u0259t \u00e7\u0259kmir, h\u0259m d\u0259 istehlak\u00e7\u0131n\u0131n reklamla \u0259laq\u0259 qurmas\u0131na, m\u0259hsul v\u0259 ya xidm\u0259t haqq\u0131nda yadda\u015f\u0131nda iz buraxmas\u0131na k\u00f6m\u0259k edir.<\/p>\n<p>Reklam\u0131n dizayn\u0131 potensial m\u00fc\u015ft\u0259rinin kontent\u0259 qar\u015f\u0131l\u0131ql\u0131 t\u0259sir g\u00f6st\u0259rm\u0259sind\u0259 \u0259n vacib amill\u0259rd\u0259n biridir. \u018fg\u0259r dizayn yax\u015f\u0131 d\u00fc\u015f\u00fcn\u00fclm\u00fc\u015fd\u00fcrs\u0259, o zaman mesaj daha ayd\u0131n v\u0259 t\u0259sirli \u015f\u0259kild\u0259 \u00f6t\u00fcr\u00fcl\u00fcr. R\u0259ngl\u0259r, \u015friftl\u0259r, qrafik elementl\u0259r, \u015f\u0259kill\u0259r v\u0259 m\u0259tnin d\u00fczg\u00fcn balans\u0131 reklam\u0131n yadda qalmas\u0131n\u0131 t\u0259min edir. Reklamda m\u00fc\u015ft\u0259ril\u0259ri c\u0259lb ed\u0259n \u0259sas faktorlar vizual cazib\u0259, f\u0259rdil\u0259\u015fmi\u015f yana\u015fma v\u0259 emosional t\u0259sirdir. B\u00fct\u00fcn bu elementl\u0259r birlikd\u0259 i\u015fl\u0259dikd\u0259 reklam potensial m\u00fc\u015ft\u0259rini hekay\u0259nin bir hiss\u0259si olma\u011fa d\u0259v\u0259t edir v\u0259 onlar\u0131n m\u0259hsula v\u0259 ya xidm\u0259t\u0259 mara\u011f\u0131n\u0131 oyad\u0131r.<\/p>\n<p>\u0130deart Reklam Agentliyinin pe\u015f\u0259kar dizayner komandas\u0131 m\u0259hz bu elementl\u0259rin u\u011furlu sintezini h\u0259yata ke\u00e7irir. Biz siz\u0259 \u0259n\u0259n\u0259vi v\u0259 r\u0259q\u0259msal xarakterli dizayn xidm\u0259tl\u0259ri t\u0259klif edirik. \u018fn\u0259n\u0259vi dizayn xidm\u0259tl\u0259rimiz\u0259 afi\u015falar, bilbordlar, \u00e7ap materiallar\u0131, bro\u015furlar, lifletl\u0259r, paketl\u0259r v\u0259 dig\u0259r reklam da\u015f\u0131y\u0131c\u0131lar\u0131 daxildir. Bu c\u00fcr dizaynlar markan\u0131z\u0131 ictimai yerl\u0259rd\u0259 tan\u0131tmaq, potensial m\u00fc\u015ft\u0259ril\u0259rin diqq\u0259tini \u00e7\u0259km\u0259k v\u0259 mesaj\u0131n\u0131z\u0131 geni\u015f auditoriyaya \u00e7atd\u0131rmaq \u00fc\u00e7\u00fcn ideal vasit\u0259l\u0259rdir. Bizim dizaynerl\u0259r h\u0259r bir layih\u0259ni f\u0259rdi \u015f\u0259kild\u0259 n\u0259z\u0259rd\u0259n ke\u00e7irir v\u0259 sizin t\u0259l\u0259bl\u0259riniz\u0259 uy\u011fun \u0259n effektiv vizual h\u0259ll\u0259ri t\u0259klif edir.<\/p>\n<p>R\u0259q\u0259msal dizayn sah\u0259sind\u0259 d\u0259 geni\u015f t\u0259cr\u00fcb\u0259miz var. Bu n\u00f6v dizaynlar sosial media kampaniyalar\u0131ndan tutmu\u015f, veb-sayt dizaynlar\u0131na, banner reklamlardan e-mail marketinq materiallar\u0131na q\u0259d\u0259r h\u0259r yerd\u0259 istifad\u0259 olunur. R\u0259q\u0259msal m\u00fchitd\u0259 u\u011furlu olmaq \u00fc\u00e7\u00fcn dizayn\u0131n yaln\u0131z vizual c\u0259lbedici olmas\u0131 kifay\u0259t deyil, h\u0259m d\u0259 istifad\u0259\u00e7i t\u0259cr\u00fcb\u0259sini optimalla\u015fd\u0131rmal\u0131 v\u0259 interaktiv olmal\u0131d\u0131r. Sosial media postlar\u0131n\u0131n dizayn\u0131ndan tutmu\u015f, reklam bannerl\u0259rin\u0259 q\u0259d\u0259r h\u0259r bir element brendin d\u0259y\u0259rini v\u0259 mesaj\u0131n\u0131 d\u0259qiq v\u0259 effektiv \u015f\u0259kild\u0259 \u00f6t\u00fcrm\u0259lidir. \u0130deart Reklam Agentliyi olaraq, biz sizin \u015firk\u0259tiniz \u00fc\u00e7\u00fcn y\u00fcks\u0259k keyfiyy\u0259tli r\u0259q\u0259msal dizayn h\u0259ll\u0259ri t\u0259qdim edirik v\u0259 auditoriyan\u0131zla r\u0259q\u0259msal m\u00fchitd\u0259 daha g\u00fccl\u00fc \u0259laq\u0259 qurma\u011f\u0131n\u0131za k\u00f6m\u0259k edirik.<\/p>\n<p>Bununla yana\u015f\u0131, dizayn\u0131n m\u0259qs\u0259di yaln\u0131z m\u0259hsul v\u0259 ya xidm\u0259tin tan\u0131d\u0131lmas\u0131 il\u0259 m\u0259hdudla\u015fm\u0131r. \u0130deal dizayn markan\u0131z\u0131n hekay\u0259sini anlatmaq, onun d\u0259y\u0259rl\u0259rini vur\u011fulamaq v\u0259 h\u0259d\u0259f k\u00fctl\u0259nizl\u0259 emosional ba\u011f yaratmaqd\u0131r. \u0130deart Reklam Agentliyinin dizaynerl\u0259ri sizin brendinizin unikal t\u0259r\u0259fl\u0259rini v\u0259 m\u0259qs\u0259dl\u0259rini n\u0259z\u0259r\u0259 alaraq, bu hekay\u0259ni do\u011fru formada ifad\u0259 etm\u0259yi h\u0259d\u0259fl\u0259yir. Biz m\u00fc\u015ft\u0259ril\u0259rimizin t\u0259l\u0259bl\u0259rin\u0259 uy\u011fun olaraq f\u0259rdi v\u0259 kreativ dizaynlar haz\u0131rlay\u0131r\u0131q ki, bu da onlar\u0131n brendl\u0259rini r\u0259qab\u0259t i\u00e7\u0259risind\u0259 f\u0259rql\u0259ndirm\u0259y\u0259 k\u00f6m\u0259k edir.<\/p>\n<p>Dizayn reklam\u0131n t\u0259m\u0259lidir v\u0259 u\u011furlu bir kampaniyan\u0131n ayr\u0131lmaz hiss\u0259sidir. Do\u011fru dizayn m\u00fc\u015ft\u0259ril\u0259rin yadda\u015f\u0131nda qalmaqla yana\u015f\u0131, onlar\u0131n q\u0259rarlar\u0131na da t\u0259sir g\u00f6st\u0259rir. \u0130deart Reklam Agentliyinin t\u0259qdim etdiyi dizayn xidm\u0259tl\u0259ri il\u0259 siz h\u0259m \u0259n\u0259n\u0259vi, h\u0259m d\u0259 r\u0259q\u0259msal m\u00fchitd\u0259 \u00f6z brendinizin g\u00fcc\u00fcn\u00fc art\u0131rmaq v\u0259 onu daha geni\u015f auditoriyaya tan\u0131tmaq imkan\u0131 \u0259ld\u0259 ed\u0259c\u0259ksiniz. Biz sizin vizyonunuzu reall\u0131\u011fa \u00e7evir\u0259r\u0259k, brendinizin u\u011fur qazanmas\u0131 \u00fc\u00e7\u00fcn \u0259n y\u00fcks\u0259k s\u0259viyy\u0259d\u0259 dizayn h\u0259ll\u0259ri t\u0259klif edirik.<\/p>\n\t\n<\/div><div class=\"vc_empty_space\"   style=\"height: 90px\"><span class=\"vc_empty_space_inner\"><\/span><\/div><\/div><\/div><\/div><div class=\"wpb_column vc_column_container vc_col-sm-4\"><div class=\"vc_column-inner\"><div class=\"wpb_wrapper\"><div class=\"vc_empty_space\"   style=\"height: 20px\"><span class=\"vc_empty_space_inner\"><\/span><\/div><div class=\"norebro-icon-box-sc icon-box text-center\" \n\tid=\"norebro-custom-69e007186ea84\" \n\t \n\t>\n\n\t<div class=\"icon-wrap shape-border shape-rounded\">\n\t\t\t\t\t<img src=\"https:\/\/ideart.az\/wp-content\/uploads\/2021\/06\/ideart-logo-svg-5.svg\" alt=\"Loqonun haz\u0131rlanmas\u0131\">\n\t\t\t<\/div>\n\n\t<div class=\"content-wrap\">\n\n\t\t<div class=\"content-center with-full\">\n\t\t\t<div class=\"wrap\">\n\t\t\t\t<h3>Loqonun haz\u0131rlanmas\u0131<\/h3>\n\t\t\t\t\t\t\t<\/div>\n\t\t<\/div>\n\t\t\n\t\t\t<\/div>\n\t\t\n\t\t<p class=\"description content-full\">\n\t\t\tMarkalar\u0131n, layih\u0259l\u0259rin v\u0259 o c\u00fcml\u0259d\u0259n qurumlar\u0131n loqolar\u0131n\u0131n haz\u0131rlanmas\u0131\t\t<\/p>\n\n\t\t\n\t\t\n<\/div><div class=\"vc_empty_space\"   style=\"height: 20px\"><span class=\"vc_empty_space_inner\"><\/span><\/div><div class=\"norebro-icon-box-sc icon-box text-center\" \n\tid=\"norebro-custom-69e007186ec28\" \n\t \n\t>\n\n\t<div class=\"icon-wrap shape-border shape-rounded\">\n\t\t\t\t\t<img src=\"https:\/\/ideart.az\/wp-content\/uploads\/2021\/06\/ideart-logo-svg-5.svg\" alt=\"Brendinq\">\n\t\t\t<\/div>\n\n\t<div class=\"content-wrap\">\n\n\t\t<div class=\"content-center with-full\">\n\t\t\t<div class=\"wrap\">\n\t\t\t\t<h3>Brendinq<\/h3>\n\t\t\t\t\t\t\t<\/div>\n\t\t<\/div>\n\t\t\n\t\t\t<\/div>\n\t\t\n\t\t<p class=\"description content-full\">\n\t\t\tMarkalar\u0131n A-dan Z-y\u0259 b\u00fct\u00f6v \u015f\u0259kild\u0259 brendinqinin edilm\u0259si, brandbookunun yarad\u0131lmas\u0131.\t\t<\/p>\n\n\t\t\n\t\t\n<\/div><\/div><\/div><\/div><div class=\"wpb_column vc_column_container vc_col-sm-4\"><div class=\"vc_column-inner\"><div class=\"wpb_wrapper\"><div class=\"vc_empty_space\"   style=\"height: 20px\"><span class=\"vc_empty_space_inner\"><\/span><\/div><div class=\"norebro-icon-box-sc icon-box text-center\" \n\tid=\"norebro-custom-69e007186f068\" \n\t \n\t>\n\n\t<div class=\"icon-wrap shape-border shape-rounded\">\n\t\t\t\t\t<img src=\"https:\/\/ideart.az\/wp-content\/uploads\/2021\/06\/120.jpg\" alt=\"Paket dizayn\u0131\">\n\t\t\t<\/div>\n\n\t<div class=\"content-wrap\">\n\n\t\t<div class=\"content-center with-full\">\n\t\t\t<div class=\"wrap\">\n\t\t\t\t<h3>Paket dizayn\u0131<\/h3>\n\t\t\t\t\t\t\t<\/div>\n\t\t<\/div>\n\t\t\n\t\t\t<\/div>\n\t\t\n\t\t<p class=\"description content-full\">\n\t\t\tH\u0259diyy\u0259lik v\u0259 h\u0259m\u00e7inin al\u0131\u015f veri\u015f t\u0259yinatl\u0131<br \/>\npaketl\u0259rin dizayn edilm\u0259si\t\t<\/p>\n\n\t\t\n\t\t\n<\/div><div class=\"vc_empty_space\"   style=\"height: 20px\"><span class=\"vc_empty_space_inner\"><\/span><\/div><div class=\"norebro-icon-box-sc icon-box text-center\" \n\tid=\"norebro-custom-69e007186f36e\" \n\t \n\t>\n\n\t<div class=\"icon-wrap shape-border shape-rounded\">\n\t\t\t\t\t<img src=\"https:\/\/ideart.az\/wp-content\/uploads\/2021\/06\/139.jpg\" alt=\"Qrafik dizayn\">\n\t\t\t<\/div>\n\n\t<div class=\"content-wrap\">\n\n\t\t<div class=\"content-center with-full\">\n\t\t\t<div class=\"wrap\">\n\t\t\t\t<h3>Qrafik dizayn<\/h3>\n\t\t\t\t\t\t\t<\/div>\n\t\t<\/div>\n\t\t\n\t\t\t<\/div>\n\t\t\n\t\t<p class=\"description content-full\">\n\t\t\tSosial media v\u0259 dig\u0259r platformalar \u00fc\u00e7\u00fcn<br \/>\nm\u00fcxt\u0259lif postlar\u0131n dizayn edilm\u0259si\t\t<\/p>\n\n\t\t\n\t\t\n<\/div><\/div><\/div><\/div><div class=\"wpb_column vc_column_container vc_col-sm-4\"><div class=\"vc_column-inner\"><div class=\"wpb_wrapper\"><div class=\"vc_empty_space\"   style=\"height: 20px\"><span class=\"vc_empty_space_inner\"><\/span><\/div><div class=\"norebro-icon-box-sc icon-box text-center\" \n\tid=\"norebro-custom-69e007186f793\" \n\t \n\t>\n\n\t<div class=\"icon-wrap shape-border shape-rounded\">\n\t\t\t\t\t<img src=\"https:\/\/ideart.az\/wp-content\/uploads\/2021\/06\/52-1.jpg\" alt=\"Stend dizayn\u0131\">\n\t\t\t<\/div>\n\n\t<div class=\"content-wrap\">\n\n\t\t<div class=\"content-center with-full\">\n\t\t\t<div class=\"wrap\">\n\t\t\t\t<h3>Stend dizayn\u0131<\/h3>\n\t\t\t\t\t\t\t<\/div>\n\t\t<\/div>\n\t\t\n\t\t\t<\/div>\n\t\t\n\t\t<p class=\"description content-full\">\n\t\t\tH\u0259m daxili , h\u0259m d\u0259 xarici m\u0259kanlar\u0131n infrastrukturuna uy\u011fun m\u00fcxt\u0259lif n\u00f6v stendl\u0259rin dizayn edilm\u0259si\t\t<\/p>\n\n\t\t\n\t\t\n<\/div><div class=\"vc_empty_space\"   style=\"height: 20px\"><span class=\"vc_empty_space_inner\"><\/span><\/div><div class=\"norebro-icon-box-sc icon-box text-center\" \n\tid=\"norebro-custom-69e007186fa9c\" \n\t \n\t>\n\n\t<div class=\"icon-wrap shape-border shape-rounded\">\n\t\t\t\t\t<img src=\"https:\/\/ideart.az\/wp-content\/uploads\/2021\/06\/91-1.jpg\" alt=\"3D modell\u0259\u015fdirm\u0259 v\u0259 vizualizasiya\">\n\t\t\t<\/div>\n\n\t<div class=\"content-wrap\">\n\n\t\t<div class=\"content-center with-full\">\n\t\t\t<div class=\"wrap\">\n\t\t\t\t<h3>3D modell\u0259\u015fdirm\u0259 v\u0259 vizualizasiya<\/h3>\n\t\t\t\t\t\t\t<\/div>\n\t\t<\/div>\n\t\t\n\t\t\t<\/div>\n\t\t\n\t\t<p class=\"description content-full\">\n\t\t\t3D g\u00f6r\u00fcn\u00fc\u015fl\u00fc reklam qur\u011fular\u0131n\u0131n dizayn edilm\u0259si, modell\u0259\u015fdirilm\u0259si v\u0259 vizualizasiyas\u0131\t\t<\/p>\n\n\t\t\n\t\t\n<\/div><\/div><\/div><\/div><div class=\"wpb_column vc_column_container vc_col-sm-12\"><div class=\"vc_column-inner\"><div class=\"wpb_wrapper\"><div class=\"vc_empty_space\"   style=\"height: 90px\"><span class=\"vc_empty_space_inner\"><\/span><\/div><\/div><\/div><\/div><\/div><div class=\"vc_row-full-width vc_clearfix\"><\/div>\n","protected":false},"excerpt":{"rendered":"Dizayn xidm\u0259ti H\u0259r g\u00fcn n\u0259z\u0259rimiz\u0259 m\u00fcxt\u0259lif c\u00fcr reklamlar \u00e7arp\u0131r \u2013 k\u00fc\u00e7\u0259l\u0259rd\u0259, ticar\u0259t m\u0259rk\u0259zl\u0259rind\u0259, d\u00fckanlarda,...","protected":false},"author":1,"featured_media":0,"parent":0,"menu_order":0,"comment_status":"closed","ping_status":"closed","template":"","meta":[],"yoast_head":"<!-- This site is optimized with the Yoast SEO Premium plugin v16.7 (Yoast SEO v16.8) - https:\/\/yoast.com\/wordpress\/plugins\/seo\/ -->\n<title>Dizayn xidm\u0259tl\u0259ri | Ideart Reklam Agentliyi<\/title>\n<meta name=\"robots\" content=\"index, follow, max-snippet:-1, max-image-preview:large, max-video-preview:-1\" \/>\n<link rel=\"canonical\" href=\"https:\/\/ideart.az\/az\/dizayn-xidmetleri\/\" \/>\n<meta property=\"og:locale\" content=\"az_AZ\" \/>\n<meta property=\"og:type\" content=\"article\" \/>\n<meta property=\"og:title\" content=\"Dizayn xidm\u0259tl\u0259ri\" \/>\n<meta property=\"og:url\" content=\"https:\/\/ideart.az\/az\/dizayn-xidmetleri\/\" \/>\n<meta property=\"og:site_name\" content=\"Ideart Reklam Agentliyi\" \/>\n<meta property=\"article:publisher\" content=\"https:\/\/www.facebook.com\/ideartagency\" \/>\n<meta property=\"article:modified_time\" content=\"2024-09-17T00:59:57+00:00\" \/>\n<meta name=\"twitter:card\" content=\"summary_large_image\" \/>\n<meta name=\"twitter:label1\" content=\"Est. reading time\" \/>\n\t<meta name=\"twitter:data1\" content=\"3 minutes\" \/>\n<script type=\"application\/ld+json\" class=\"yoast-schema-graph\">{\"@context\":\"https:\/\/schema.org\",\"@graph\":[{\"@type\":\"WebSite\",\"@id\":\"https:\/\/ideart.az\/az\/#website\",\"url\":\"https:\/\/ideart.az\/az\/\",\"name\":\"Ideart Reklam Agentliyi\",\"description\":\"Biz i\\u015fimizi bilirik!\",\"potentialAction\":[{\"@type\":\"SearchAction\",\"target\":{\"@type\":\"EntryPoint\",\"urlTemplate\":\"https:\/\/ideart.az\/az\/?s={search_term_string}\"},\"query-input\":\"required name=search_term_string\"}],\"inLanguage\":\"az\"},{\"@type\":\"WebPage\",\"@id\":\"https:\/\/ideart.az\/az\/dizayn-xidmetleri\/#webpage\",\"url\":\"https:\/\/ideart.az\/az\/dizayn-xidmetleri\/\",\"name\":\"Dizayn xidm\\u0259tl\\u0259ri | Ideart Reklam Agentliyi\",\"isPartOf\":{\"@id\":\"https:\/\/ideart.az\/az\/#website\"},\"datePublished\":\"2021-06-26T22:24:32+00:00\",\"dateModified\":\"2024-09-17T00:59:57+00:00\",\"breadcrumb\":{\"@id\":\"https:\/\/ideart.az\/az\/dizayn-xidmetleri\/#breadcrumb\"},\"inLanguage\":\"az\",\"potentialAction\":[{\"@type\":\"ReadAction\",\"target\":[\"https:\/\/ideart.az\/az\/dizayn-xidmetleri\/\"]}]},{\"@type\":\"BreadcrumbList\",\"@id\":\"https:\/\/ideart.az\/az\/dizayn-xidmetleri\/#breadcrumb\",\"itemListElement\":[{\"@type\":\"ListItem\",\"position\":1,\"name\":\"Home\",\"item\":\"https:\/\/ideart.az\/az\/\"},{\"@type\":\"ListItem\",\"position\":2,\"name\":\"Dizayn xidm\\u0259tl\\u0259ri\"}]}]}<\/script>\n<!-- \/ Yoast SEO Premium plugin. -->","yoast_head_json":{"title":"Dizayn xidm\u0259tl\u0259ri | Ideart Reklam Agentliyi","robots":{"index":"index","follow":"follow","max-snippet":"max-snippet:-1","max-image-preview":"max-image-preview:large","max-video-preview":"max-video-preview:-1"},"canonical":"https:\/\/ideart.az\/az\/dizayn-xidmetleri\/","og_locale":"az_AZ","og_type":"article","og_title":"Dizayn xidm\u0259tl\u0259ri","og_url":"https:\/\/ideart.az\/az\/dizayn-xidmetleri\/","og_site_name":"Ideart Reklam Agentliyi","article_publisher":"https:\/\/www.facebook.com\/ideartagency","article_modified_time":"2024-09-17T00:59:57+00:00","twitter_card":"summary_large_image","twitter_misc":{"Est. reading time":"3 minutes"},"schema":{"@context":"https:\/\/schema.org","@graph":[{"@type":"WebSite","@id":"https:\/\/ideart.az\/az\/#website","url":"https:\/\/ideart.az\/az\/","name":"Ideart Reklam Agentliyi","description":"Biz i\u015fimizi bilirik!","potentialAction":[{"@type":"SearchAction","target":{"@type":"EntryPoint","urlTemplate":"https:\/\/ideart.az\/az\/?s={search_term_string}"},"query-input":"required name=search_term_string"}],"inLanguage":"az"},{"@type":"WebPage","@id":"https:\/\/ideart.az\/az\/dizayn-xidmetleri\/#webpage","url":"https:\/\/ideart.az\/az\/dizayn-xidmetleri\/","name":"Dizayn xidm\u0259tl\u0259ri | Ideart Reklam Agentliyi","isPartOf":{"@id":"https:\/\/ideart.az\/az\/#website"},"datePublished":"2021-06-26T22:24:32+00:00","dateModified":"2024-09-17T00:59:57+00:00","breadcrumb":{"@id":"https:\/\/ideart.az\/az\/dizayn-xidmetleri\/#breadcrumb"},"inLanguage":"az","potentialAction":[{"@type":"ReadAction","target":["https:\/\/ideart.az\/az\/dizayn-xidmetleri\/"]}]},{"@type":"BreadcrumbList","@id":"https:\/\/ideart.az\/az\/dizayn-xidmetleri\/#breadcrumb","itemListElement":[{"@type":"ListItem","position":1,"name":"Home","item":"https:\/\/ideart.az\/az\/"},{"@type":"ListItem","position":2,"name":"Dizayn xidm\u0259tl\u0259ri"}]}]}},"_links":{"self":[{"href":"https:\/\/ideart.az\/az\/wp-json\/wp\/v2\/pages\/5656329"}],"collection":[{"href":"https:\/\/ideart.az\/az\/wp-json\/wp\/v2\/pages"}],"about":[{"href":"https:\/\/ideart.az\/az\/wp-json\/wp\/v2\/types\/page"}],"author":[{"embeddable":true,"href":"https:\/\/ideart.az\/az\/wp-json\/wp\/v2\/users\/1"}],"replies":[{"embeddable":true,"href":"https:\/\/ideart.az\/az\/wp-json\/wp\/v2\/comments?post=5656329"}],"version-history":[{"count":0,"href":"https:\/\/ideart.az\/az\/wp-json\/wp\/v2\/pages\/5656329\/revisions"}],"wp:attachment":[{"href":"https:\/\/ideart.az\/az\/wp-json\/wp\/v2\/media?parent=5656329"}],"curies":[{"name":"wp","href":"https:\/\/api.w.org\/{rel}","templated":true}]}}