{"id":5656316,"date":"2021-06-26T22:20:33","date_gmt":"2021-06-26T22:20:33","guid":{"rendered":"https:\/\/ideart.az\/?page_id=5656316"},"modified":"2024-09-17T00:53:59","modified_gmt":"2024-09-17T00:53:59","slug":"daxili-col-reklamlar","status":"publish","type":"page","link":"https:\/\/ideart.az\/az\/daxili-col-reklamlar\/","title":{"rendered":"Daxili v\u0259 \u00e7\u00f6l reklamlar\u0131"},"content":{"rendered":"<div data-vc-full-width=\"true\" data-vc-full-width-init=\"false\" class=\"vc_row wpb_row vc_row-fluid vc_custom_1726534416443 vc_row-has-fill\"><div class=\"vc-bg-lines dark\"><div><\/div><div><\/div><div><\/div><div><\/div><div><\/div><div><\/div><div><\/div><\/div><div class=\"vc-bg-side-text left\" id=\"norebro-custom-69e00637ebd81\">Daxili v\u0259 \u00e7\u00f6l reklamlar\u0131<\/div><div class=\"wpb_column vc_column_container vc_col-sm-12\"><div class=\"vc_column-inner\"><div class=\"wpb_wrapper\"><div class=\"vc_empty_space\"   style=\"height: 30px\"><span class=\"vc_empty_space_inner\"><\/span><\/div><div class=\"norebro-text-sc \" \n\tid=\"norebro-custom-69e00637ec386\" \n\t \n\t>\n\n\t<p>Daxili v\u0259 \u00e7\u00f6l reklamlar (outdoor\/indoor reklam) h\u0259r bir \u015firk\u0259tin tan\u0131nmas\u0131 v\u0259 m\u00fc\u015ft\u0259ril\u0259rl\u0259 daha s\u0131x \u0259laq\u0259 qurmas\u0131 \u00fc\u00e7\u00fcn vacib vasit\u0259l\u0259rd\u0259n biridir. Reklam\u0131n geni\u015f k\u00fctl\u0259l\u0259r\u0259 \u00e7atd\u0131r\u0131lmas\u0131 \u00fc\u00e7\u00fcn bu n\u00f6v reklamlar b\u00f6y\u00fck \u0259h\u0259miyy\u0259t da\u015f\u0131y\u0131r v\u0259 bazarda brendin tan\u0131d\u0131lmas\u0131 prosesind\u0259 ayr\u0131lmaz bir hiss\u0259dir. \u0130deart reklam agentliyi olaraq, biz bu sah\u0259d\u0259 geni\u015f t\u0259cr\u00fcb\u0259y\u0259 malikik v\u0259 m\u00fc\u015ft\u0259ril\u0259rimizin reklam ehtiyaclar\u0131n\u0131 \u0259n y\u00fcks\u0259k keyfiyy\u0259tl\u0259 qar\u015f\u0131lama\u011fa \u00e7al\u0131\u015f\u0131r\u0131q. Komandam\u0131z, daxili v\u0259 \u00e7\u00f6l reklamlar\u0131n\u0131n haz\u0131rlanmas\u0131 v\u0259 yerl\u0259\u015fdirilm\u0259si prosesind\u0259 h\u0259r bir detal\u0131 diqq\u0259tl\u0259 n\u0259z\u0259r\u0259 al\u0131r v\u0259 reklam\u0131n effektivliyini maksimum s\u0259viyy\u0259d\u0259 t\u0259min edir.<\/p>\n<p>Sizin reklam\u0131n\u0131z\u0131 Az\u0259rbaycan\u0131n h\u0259r hans\u0131 bir b\u00f6lg\u0259sind\u0259 yerl\u0259\u015fdirm\u0259k imkan\u0131m\u0131z var. M\u0259rk\u0259zi k\u00fc\u00e7\u0259l\u0259rd\u0259n tutmu\u015f, insanlar\u0131n \u00e7ox topla\u015fd\u0131\u011f\u0131 \u0259razil\u0259r\u0259, ticar\u0259t m\u0259rk\u0259zl\u0259rin\u0259, metro stansiyalar\u0131na q\u0259d\u0259r geni\u015f bir \u0259razid\u0259 reklam kampaniyalar\u0131n\u0131z\u0131 h\u0259yata ke\u00e7ir\u0259 bil\u0259rik. H\u0259d\u0259f auditoriyan\u0131z\u0131 d\u0259qiq m\u00fc\u0259yy\u0259n ed\u0259r\u0259k, reklam\u0131n\u0131z\u0131 d\u00fczg\u00fcn yerl\u0259rd\u0259 yerl\u0259\u015fdirm\u0259kl\u0259 brendinizin g\u00f6r\u00fcn\u00fcrl\u00fc\u011f\u00fcn\u00fc art\u0131r\u0131r\u0131q.<\/p>\n<p>\u00c7\u00f6l reklamlar\u0131nda istifad\u0259 olunan bilbordlar, skrollerl\u0259r, monitorlar, transparantlar v\u0259 dig\u0259r reklam n\u00f6vl\u0259ri say\u0259sind\u0259 \u015firk\u0259tiniz geni\u015f k\u00fctl\u0259l\u0259rin diqq\u0259tini \u00e7\u0259k\u0259c\u0259k. Bilbordlar y\u00fcks\u0259k s\u0259viyy\u0259li g\u00f6r\u00fcn\u00fcrl\u00fck t\u0259min ed\u0259r\u0259k, uzun m\u00fcdd\u0259tli reklam kampaniyalar\u0131n\u0131z \u00fc\u00e7\u00fcn ideal vasit\u0259dir. Skrollerl\u0259r h\u0259r\u0259k\u0259tli reklamlar\u0131 il\u0259 diqq\u0259t c\u0259lb ed\u0259rk\u0259n, monitorlar dinamik v\u0259 r\u0259ngar\u0259ng m\u0259zmunlar\u0131 il\u0259 auditoriyan\u0131z\u0131n mara\u011f\u0131n\u0131 oyadacaq. Transparantlar is\u0259 daha f\u0259rqli v\u0259 g\u00f6zox\u015fayan dizaynlarla \u015firk\u0259tinizin mesaj\u0131n\u0131 effektiv \u015f\u0259kild\u0259 \u00e7atd\u0131rma\u011fa k\u00f6m\u0259k ed\u0259c\u0259k.<\/p>\n<p>Daxili reklamlar is\u0259 al\u0131\u015f-veri\u015f m\u0259rk\u0259zl\u0259ri, ticar\u0259t obyektl\u0259ri v\u0259 dig\u0259r qapal\u0131 m\u0259kanlarda \u015firk\u0259tinizin brendini tan\u0131tmaq \u00fc\u00e7\u00fcn ideal vasit\u0259dir. Bu n\u00f6v reklamlar insanlar\u0131n daha \u00e7ox vaxt ke\u00e7irdikl\u0259ri m\u0259kanlarda, onlar\u0131 birba\u015fa h\u0259d\u0259f alaraq daha t\u0259sirli olur. Daxili reklamlarda istifad\u0259 olunan afi\u015falar, stendl\u0259r, LED ekranlar v\u0259 dig\u0259r vizual vasit\u0259l\u0259r vasit\u0259sil\u0259 m\u00fc\u015ft\u0259ril\u0259rinizl\u0259 daha yax\u0131n \u0259laq\u0259 qurmaq v\u0259 onlar\u0131 m\u0259hsul v\u0259 xidm\u0259tl\u0259riniz bar\u0259d\u0259 m\u0259lumatland\u0131rmaq imkan\u0131n\u0131z olacaq.<\/p>\n<p>\u0130deart komandas\u0131 bu prosesin h\u0259r bir m\u0259rh\u0259l\u0259sini diqq\u0259tl\u0259 izl\u0259yir v\u0259 m\u00fc\u015ft\u0259ril\u0259rimizin t\u0259l\u0259bl\u0259rin\u0259 uy\u011fun olaraq \u0259n optimal h\u0259ll\u0259r t\u0259klif edir. Biz yaln\u0131z reklam yerl\u0259\u015fdirm\u0259kl\u0259 kifay\u0259tl\u0259nmir, eyni zamanda reklam\u0131n effektivliyini art\u0131rmaq \u00fc\u00e7\u00fcn onun dizayn\u0131na, mesaj\u0131na v\u0259 d\u00fczg\u00fcn h\u0259d\u0259f auditoriyaya \u00e7atd\u0131r\u0131lmas\u0131na x\u00fcsusi diqq\u0259t yetiririk. H\u0259r bir layih\u0259 \u00fc\u00e7\u00fcn f\u0259rdi yana\u015fma t\u0259tbiq ed\u0259r\u0259k, m\u00fc\u015ft\u0259ril\u0259rimizin bazarda daha g\u00fccl\u00fc m\u00f6vqe tutmas\u0131na k\u00f6m\u0259k edirik.<\/p>\n<p>N\u0259tic\u0259d\u0259, daxili v\u0259 \u00e7\u00f6l reklamlar vasit\u0259sil\u0259 \u015firk\u0259tinizin tan\u0131t\u0131m\u0131 yaln\u0131z yerli bazarda deyil, h\u0259m d\u0259 daha geni\u015f k\u00fctl\u0259l\u0259rd\u0259 u\u011fur qazanma\u011f\u0131n\u0131za \u015f\u0259rait yaradacaq. Bu reklam n\u00f6vl\u0259ri il\u0259 brendiniz insanlar\u0131n g\u00fcnd\u0259lik h\u0259yat\u0131n\u0131n bir hiss\u0259sin\u0259 \u00e7evril\u0259c\u0259k, m\u00fc\u015ft\u0259ril\u0259rinizin yadda\u015f\u0131nda qal\u0131c\u0131 iz buraxacaq.<\/p>\n\t\n<\/div><div class=\"vc_empty_space\"   style=\"height: 90px\"><span class=\"vc_empty_space_inner\"><\/span><\/div><\/div><\/div><\/div><div class=\"wpb_column vc_column_container vc_col-sm-4 vc_col-has-fill\"><div class=\"vc_column-inner vc_custom_1624746225112\"><div class=\"wpb_wrapper\"><div class=\"norebro-banner-box-sc banner-box boxed text-center\"\n\tid=\"norebro-custom-69e00637ec7d2\"\n\t\t>\n\n\t\t\t<div class=\"image-wrap\">\n\t\t\t<img src=\"https:\/\/ideart.az\/wp-content\/uploads\/2021\/06\/BL0041587825032.png\" alt=\"Bilbord\">\n\t\t\t<div class=\"overlay default\">\n\t\t\t\t\t\t\t\t<a class=\"btn btn-white btn-full-width btn-small btn-outline\" href=\"https:\/\/bilbord.al\/index.php?&#038;nov=Billbord\">\n\t\t\t\t\t\u018ftrafl\u0131\t\t\t\t\t\t\t\t\t<\/a>\n\t\t\t\t\t\t\t<\/div>\n\t\t<\/div>\n\t\t<div class=\"content\">\n\n\t\t\t<div class=\"title-wrap\">\n\t\t\t\t<h4>Bilbord<\/h4>\n\t\t\t\t\t\t\t<\/div>\n\n\t\t\t<div class=\"description-wrap\">\n\t\t\t\t<p class=\"description\"><\/p>\n\n\t\t\t\t\t\t\t<\/div>\n\n\t\t<\/div>\n\t\n<\/div>\n<div class=\"vc_empty_space  norebro-phone-space\"   style=\"height: 30px\"><span class=\"vc_empty_space_inner\"><\/span><\/div><div class=\"norebro-banner-box-sc banner-box boxed text-center\"\n\tid=\"norebro-custom-69e00637ecb19\"\n\t\t>\n\n\t\t\t<div class=\"image-wrap\">\n\t\t\t<img src=\"https:\/\/ideart.az\/wp-content\/uploads\/2021\/06\/LD0071582021825.jpg\" alt=\"Led monitor\">\n\t\t\t<div class=\"overlay default\">\n\t\t\t\t\t\t\t\t<a class=\"btn btn-white btn-full-width btn-small btn-outline\" href=\"https:\/\/bilbord.al\/index.php?&#038;nov=LED%20Monitor\">\n\t\t\t\t\t\u018ftrafl\u0131\t\t\t\t\t\t\t\t\t<\/a>\n\t\t\t\t\t\t\t<\/div>\n\t\t<\/div>\n\t\t<div class=\"content\">\n\n\t\t\t<div class=\"title-wrap\">\n\t\t\t\t<h4>Led monitor<\/h4>\n\t\t\t\t\t\t\t<\/div>\n\n\t\t\t<div class=\"description-wrap\">\n\t\t\t\t<p class=\"description\"><\/p>\n\n\t\t\t\t\t\t\t<\/div>\n\n\t\t<\/div>\n\t\n<\/div>\n<div class=\"vc_empty_space  norebro-phone-space\"   style=\"height: 30px\"><span class=\"vc_empty_space_inner\"><\/span><\/div><\/div><\/div><\/div><div class=\"wpb_column vc_column_container vc_col-sm-4\"><div class=\"vc_column-inner\"><div class=\"wpb_wrapper\"><div class=\"norebro-banner-box-sc banner-box boxed text-center\"\n\tid=\"norebro-custom-69e00637ecf6b\"\n\t\t>\n\n\t\t\t<div class=\"image-wrap\">\n\t\t\t<img src=\"https:\/\/ideart.az\/wp-content\/uploads\/2021\/06\/SL0271580196981.jpg\" alt=\"Skroller\">\n\t\t\t<div class=\"overlay default\">\n\t\t\t\t\t\t\t\t<a class=\"btn btn-white btn-full-width btn-small btn-outline\" href=\"https:\/\/bilbord.al\/index.php?page=10&#038;nov=Scroller\">\n\t\t\t\t\t\u018ftrafl\u0131\t\t\t\t\t\t\t\t\t<\/a>\n\t\t\t\t\t\t\t<\/div>\n\t\t<\/div>\n\t\t<div class=\"content\">\n\n\t\t\t<div class=\"title-wrap\">\n\t\t\t\t<h4>Skroller<\/h4>\n\t\t\t\t\t\t\t<\/div>\n\n\t\t\t<div class=\"description-wrap\">\n\t\t\t\t<p class=\"description\"><\/p>\n\n\t\t\t\t\t\t\t<\/div>\n\n\t\t<\/div>\n\t\n<\/div>\n<div class=\"vc_empty_space  norebro-phone-space\"   style=\"height: 30px\"><span class=\"vc_empty_space_inner\"><\/span><\/div><div class=\"norebro-banner-box-sc banner-box boxed text-center\"\n\tid=\"norebro-custom-69e00637ed29e\"\n\t\t>\n\n\t\t\t<div class=\"image-wrap\">\n\t\t\t<img src=\"https:\/\/ideart.az\/wp-content\/uploads\/2021\/06\/TR0011558429387.png\" alt=\"Transparant\">\n\t\t\t<div class=\"overlay default\">\n\t\t\t\t\t\t\t\t<a class=\"btn btn-white btn-full-width btn-small btn-outline\" href=\"https:\/\/bilbord.al\/index.php?&#038;nov=Transparant\">\n\t\t\t\t\t\u018ftrafl\u0131\t\t\t\t\t\t\t\t\t<\/a>\n\t\t\t\t\t\t\t<\/div>\n\t\t<\/div>\n\t\t<div class=\"content\">\n\n\t\t\t<div class=\"title-wrap\">\n\t\t\t\t<h4>Transparant<\/h4>\n\t\t\t\t\t\t\t<\/div>\n\n\t\t\t<div class=\"description-wrap\">\n\t\t\t\t<p class=\"description\"><\/p>\n\n\t\t\t\t\t\t\t<\/div>\n\n\t\t<\/div>\n\t\n<\/div>\n<div class=\"vc_empty_space  norebro-phone-space\"   style=\"height: 30px\"><span class=\"vc_empty_space_inner\"><\/span><\/div><\/div><\/div><\/div><div class=\"wpb_column vc_column_container vc_col-sm-4\"><div class=\"vc_column-inner\"><div class=\"wpb_wrapper\"><div class=\"norebro-banner-box-sc banner-box boxed text-center\"\n\tid=\"norebro-custom-69e00637ed6e2\"\n\t\t>\n\n\t\t\t<div class=\"image-wrap\">\n\t\t\t<img src=\"https:\/\/ideart.az\/wp-content\/uploads\/2021\/06\/LB0691605456614.jpg\" alt=\"Laytboks\">\n\t\t\t<div class=\"overlay default\">\n\t\t\t\t\t\t\t\t<a class=\"btn btn-white btn-full-width btn-small btn-outline\" href=\"https:\/\/bilbord.al\/index.php?&#038;nov=Laytboks\">\n\t\t\t\t\t\u018ftrafl\u0131\t\t\t\t\t\t\t\t\t<\/a>\n\t\t\t\t\t\t\t<\/div>\n\t\t<\/div>\n\t\t<div class=\"content\">\n\n\t\t\t<div class=\"title-wrap\">\n\t\t\t\t<h4>Laytboks<\/h4>\n\t\t\t\t\t\t\t<\/div>\n\n\t\t\t<div class=\"description-wrap\">\n\t\t\t\t<p class=\"description\"><\/p>\n\n\t\t\t\t\t\t\t<\/div>\n\n\t\t<\/div>\n\t\n<\/div>\n<div class=\"vc_empty_space  norebro-phone-space\"   style=\"height: 30px\"><span class=\"vc_empty_space_inner\"><\/span><\/div><div class=\"norebro-banner-box-sc banner-box boxed text-center\"\n\tid=\"norebro-custom-69e00637eda49\"\n\t\t>\n\n\t\t\t<div class=\"image-wrap\">\n\t\t\t<img src=\"https:\/\/ideart.az\/wp-content\/uploads\/2021\/06\/CP0011587925072.png\" alt=\"CLP\">\n\t\t\t<div class=\"overlay default\">\n\t\t\t\t\t\t\t\t<a class=\"btn btn-white btn-full-width btn-small btn-outline\" href=\"https:\/\/bilbord.al\/index.php?&#038;nov=CLP\">\n\t\t\t\t\t\u018ftrafl\u0131\t\t\t\t\t\t\t\t\t<\/a>\n\t\t\t\t\t\t\t<\/div>\n\t\t<\/div>\n\t\t<div class=\"content\">\n\n\t\t\t<div class=\"title-wrap\">\n\t\t\t\t<h4>CLP<\/h4>\n\t\t\t\t\t\t\t<\/div>\n\n\t\t\t<div class=\"description-wrap\">\n\t\t\t\t<p class=\"description\"><\/p>\n\n\t\t\t\t\t\t\t<\/div>\n\n\t\t<\/div>\n\t\n<\/div>\n<div class=\"vc_empty_space  norebro-phone-space\"   style=\"height: 30px\"><span class=\"vc_empty_space_inner\"><\/span><\/div><\/div><\/div><\/div><div class=\"wpb_column vc_column_container vc_col-sm-12\"><div class=\"vc_column-inner\"><div class=\"wpb_wrapper\"><div class=\"vc_empty_space\"   style=\"height: 90px\"><span class=\"vc_empty_space_inner\"><\/span><\/div><\/div><\/div><\/div><\/div><div class=\"vc_row-full-width vc_clearfix\"><\/div>\n","protected":false},"excerpt":{"rendered":"Daxili v\u0259 \u00e7\u00f6l reklamlar\u0131 Daxili v\u0259 \u00e7\u00f6l reklamlar (outdoor\/indoor reklam) h\u0259r bir \u015firk\u0259tin tan\u0131nmas\u0131...","protected":false},"author":1,"featured_media":0,"parent":0,"menu_order":0,"comment_status":"closed","ping_status":"closed","template":"","meta":[],"yoast_head":"<!-- This site is optimized with the Yoast SEO Premium plugin v16.7 (Yoast SEO v16.8) - https:\/\/yoast.com\/wordpress\/plugins\/seo\/ -->\n<title>Daxili v\u0259 \u00e7\u00f6l reklamlar\u0131 | Ideart Reklam Agentliyi<\/title>\n<meta name=\"robots\" content=\"index, follow, max-snippet:-1, max-image-preview:large, max-video-preview:-1\" \/>\n<link rel=\"canonical\" href=\"https:\/\/ideart.az\/az\/daxili-col-reklamlar\/\" \/>\n<meta property=\"og:locale\" content=\"az_AZ\" \/>\n<meta property=\"og:type\" content=\"article\" \/>\n<meta property=\"og:title\" content=\"Daxili v\u0259 \u00e7\u00f6l reklamlar\u0131\" \/>\n<meta property=\"og:url\" content=\"https:\/\/ideart.az\/az\/daxili-col-reklamlar\/\" \/>\n<meta property=\"og:site_name\" content=\"Ideart Reklam Agentliyi\" \/>\n<meta property=\"article:publisher\" content=\"https:\/\/www.facebook.com\/ideartagency\" \/>\n<meta property=\"article:modified_time\" content=\"2024-09-17T00:53:59+00:00\" \/>\n<meta name=\"twitter:card\" content=\"summary_large_image\" \/>\n<meta name=\"twitter:label1\" content=\"Est. reading time\" \/>\n\t<meta name=\"twitter:data1\" content=\"2 minutes\" \/>\n<script type=\"application\/ld+json\" class=\"yoast-schema-graph\">{\"@context\":\"https:\/\/schema.org\",\"@graph\":[{\"@type\":\"WebSite\",\"@id\":\"https:\/\/ideart.az\/az\/#website\",\"url\":\"https:\/\/ideart.az\/az\/\",\"name\":\"Ideart Reklam Agentliyi\",\"description\":\"Biz i\\u015fimizi bilirik!\",\"potentialAction\":[{\"@type\":\"SearchAction\",\"target\":{\"@type\":\"EntryPoint\",\"urlTemplate\":\"https:\/\/ideart.az\/az\/?s={search_term_string}\"},\"query-input\":\"required name=search_term_string\"}],\"inLanguage\":\"az\"},{\"@type\":\"WebPage\",\"@id\":\"https:\/\/ideart.az\/az\/daxili-col-reklamlar\/#webpage\",\"url\":\"https:\/\/ideart.az\/az\/daxili-col-reklamlar\/\",\"name\":\"Daxili v\\u0259 \\u00e7\\u00f6l reklamlar\\u0131 | Ideart Reklam Agentliyi\",\"isPartOf\":{\"@id\":\"https:\/\/ideart.az\/az\/#website\"},\"datePublished\":\"2021-06-26T22:20:33+00:00\",\"dateModified\":\"2024-09-17T00:53:59+00:00\",\"breadcrumb\":{\"@id\":\"https:\/\/ideart.az\/az\/daxili-col-reklamlar\/#breadcrumb\"},\"inLanguage\":\"az\",\"potentialAction\":[{\"@type\":\"ReadAction\",\"target\":[\"https:\/\/ideart.az\/az\/daxili-col-reklamlar\/\"]}]},{\"@type\":\"BreadcrumbList\",\"@id\":\"https:\/\/ideart.az\/az\/daxili-col-reklamlar\/#breadcrumb\",\"itemListElement\":[{\"@type\":\"ListItem\",\"position\":1,\"name\":\"Home\",\"item\":\"https:\/\/ideart.az\/az\/\"},{\"@type\":\"ListItem\",\"position\":2,\"name\":\"Daxili v\\u0259 \\u00e7\\u00f6l reklamlar\\u0131\"}]}]}<\/script>\n<!-- \/ Yoast SEO Premium plugin. -->","yoast_head_json":{"title":"Daxili v\u0259 \u00e7\u00f6l reklamlar\u0131 | Ideart Reklam Agentliyi","robots":{"index":"index","follow":"follow","max-snippet":"max-snippet:-1","max-image-preview":"max-image-preview:large","max-video-preview":"max-video-preview:-1"},"canonical":"https:\/\/ideart.az\/az\/daxili-col-reklamlar\/","og_locale":"az_AZ","og_type":"article","og_title":"Daxili v\u0259 \u00e7\u00f6l reklamlar\u0131","og_url":"https:\/\/ideart.az\/az\/daxili-col-reklamlar\/","og_site_name":"Ideart Reklam Agentliyi","article_publisher":"https:\/\/www.facebook.com\/ideartagency","article_modified_time":"2024-09-17T00:53:59+00:00","twitter_card":"summary_large_image","twitter_misc":{"Est. reading time":"2 minutes"},"schema":{"@context":"https:\/\/schema.org","@graph":[{"@type":"WebSite","@id":"https:\/\/ideart.az\/az\/#website","url":"https:\/\/ideart.az\/az\/","name":"Ideart Reklam Agentliyi","description":"Biz i\u015fimizi bilirik!","potentialAction":[{"@type":"SearchAction","target":{"@type":"EntryPoint","urlTemplate":"https:\/\/ideart.az\/az\/?s={search_term_string}"},"query-input":"required name=search_term_string"}],"inLanguage":"az"},{"@type":"WebPage","@id":"https:\/\/ideart.az\/az\/daxili-col-reklamlar\/#webpage","url":"https:\/\/ideart.az\/az\/daxili-col-reklamlar\/","name":"Daxili v\u0259 \u00e7\u00f6l reklamlar\u0131 | Ideart Reklam Agentliyi","isPartOf":{"@id":"https:\/\/ideart.az\/az\/#website"},"datePublished":"2021-06-26T22:20:33+00:00","dateModified":"2024-09-17T00:53:59+00:00","breadcrumb":{"@id":"https:\/\/ideart.az\/az\/daxili-col-reklamlar\/#breadcrumb"},"inLanguage":"az","potentialAction":[{"@type":"ReadAction","target":["https:\/\/ideart.az\/az\/daxili-col-reklamlar\/"]}]},{"@type":"BreadcrumbList","@id":"https:\/\/ideart.az\/az\/daxili-col-reklamlar\/#breadcrumb","itemListElement":[{"@type":"ListItem","position":1,"name":"Home","item":"https:\/\/ideart.az\/az\/"},{"@type":"ListItem","position":2,"name":"Daxili v\u0259 \u00e7\u00f6l reklamlar\u0131"}]}]}},"_links":{"self":[{"href":"https:\/\/ideart.az\/az\/wp-json\/wp\/v2\/pages\/5656316"}],"collection":[{"href":"https:\/\/ideart.az\/az\/wp-json\/wp\/v2\/pages"}],"about":[{"href":"https:\/\/ideart.az\/az\/wp-json\/wp\/v2\/types\/page"}],"author":[{"embeddable":true,"href":"https:\/\/ideart.az\/az\/wp-json\/wp\/v2\/users\/1"}],"replies":[{"embeddable":true,"href":"https:\/\/ideart.az\/az\/wp-json\/wp\/v2\/comments?post=5656316"}],"version-history":[{"count":0,"href":"https:\/\/ideart.az\/az\/wp-json\/wp\/v2\/pages\/5656316\/revisions"}],"wp:attachment":[{"href":"https:\/\/ideart.az\/az\/wp-json\/wp\/v2\/media?parent=5656316"}],"curies":[{"name":"wp","href":"https:\/\/api.w.org\/{rel}","templated":true}]}}